{"id":19232,"date":"2024-08-23T00:44:12","date_gmt":"2024-08-22T22:44:12","guid":{"rendered":"https:\/\/comunitamagnificat.org\/karizmatik-topluluk-duasi\/"},"modified":"2024-08-23T00:44:28","modified_gmt":"2024-08-22T22:44:28","slug":"karizmatik-topluluk-duasi","status":"publish","type":"page","link":"https:\/\/comunitamagnificat.org\/tr\/karizmatik-topluluk-duasi\/","title":{"rendered":"Karizmatik Topluluk Duas\u0131"},"content":{"rendered":"\n<div style=\"height:30px\" aria-hidden=\"true\" class=\"wp-block-spacer\"><\/div>\n\n<blockquote class=\"wp-block-quote is-layout-flow wp-block-quote-is-layout-flow\"><p><em><strong>Topland\u0131\u011f\u0131n\u0131zda,<\/strong><\/em><br\/><em><strong>Birinin mezmuru var,<\/strong><\/em><br\/><em><strong>di\u011ferinin bir \u00f6\u011fretisi vard\u0131r;<\/strong><\/em><br\/><em><strong>bir vahiy var,<\/strong><\/em><br\/><em><strong>Birinin dil arma\u011fan\u0131 vard\u0131r,<\/strong><\/em><br\/><em><strong>di\u011feri ise onlar\u0131 yorumlamakt\u0131r:<\/strong><\/em><br\/><em><strong>her \u015fey e\u011fitim i\u00e7in olur<\/strong><\/em><\/p><cite><em>1 Korintliler<\/em> 14:26<\/cite><\/blockquote>\n\n<div style=\"height:30px\" aria-hidden=\"true\" class=\"wp-block-spacer\"><\/div>\n\n<p>Her karde\u015flik, her hafta, Rab \u0130sa&#8217;n\u0131n etraf\u0131nda dua ederek O&#8217;nun S\u00f6z\u00fcn\u00fc dinlemek i\u00e7in toplan\u0131r.<\/p>\n\n<div style=\"height:30px\" aria-hidden=\"true\" class=\"wp-block-spacer\"><\/div>\n\n<p>Karde\u015fli\u011fin t\u00fcm ya\u015fam\u0131 k\u00f6kenini, g\u00fcc\u00fcn\u00fc ve y\u00f6n\u00fcn\u00fc buradan al\u0131r.<\/p>\n\n<div style=\"height:30px\" aria-hidden=\"true\" class=\"wp-block-spacer\"><\/div>\n\n<p>Tanr\u0131&#8217;n\u0131n huzurunda \u00f6vg\u00fcyle, Tanr\u0131&#8217;ya tap\u0131narak, S\u00f6z\u00fcn\u00fc dinleyerek, davetine kar\u015f\u0131l\u0131k vererek ya\u015fanan bir topluluk zaman\u0131.<\/p>\n\n<div style=\"height:30px\" aria-hidden=\"true\" class=\"wp-block-spacer\"><\/div>\n\n<p>O s\u0131rada Karde\u015fli\u011fe kat\u0131lmak isteyen herkese a\u00e7\u0131k olan dua, Katolik Karizmatik Yenilenme tarz\u0131n\u0131 takip eden basit ve ne\u015feli bir tarzda ger\u00e7ekle\u015fir.\nRuhani \u015fark\u0131lar &#8211; \u00f6vg\u00fc veya meditasyon -, Tanr\u0131 S\u00f6z\u00fc ve hem koro hem de ki\u015fisel formda mevcut olan herkesin sesi a\u00e7\u0131s\u0131ndan zengin bir and\u0131r. <\/p>\n\n<div style=\"height:30px\" aria-hidden=\"true\" class=\"wp-block-spacer\"><\/div>\n\n<p>Kutsal Ruh toplant\u0131ya rehberlik etmesi i\u00e7in \u00e7a\u011fr\u0131l\u0131r, b\u00f6ylece duan\u0131n kendisi i\u00e7in asla sabit bir model yoktur: Rab&#8217;bin her biri arac\u0131l\u0131\u011f\u0131yla toplanan karde\u015flerin bedeninde diledi\u011fi gibi hareket etmesi beklenir, spontane dua ve peygamberlik karizmas\u0131 yoluyla, toplanan topluluk ile onu \u00e7a\u011f\u0131ran Rab aras\u0131nda bir &#8216;konu\u015fma&#8217; geli\u015fece\u011finden emin olunur.<\/p>\n\n<div style=\"height:30px\" aria-hidden=\"true\" class=\"wp-block-spacer\"><\/div>\n\n<p>Bu deneyim Pavlus&#8217;un Korintlilere s\u00f6yledi\u011fi \u015fu s\u00f6zlerde referans noktas\u0131n\u0131 bulmaktad\u0131r: &#8220;<em>Bir araya geldi\u011finizde, birinin mezmuru, di\u011ferinin \u00f6\u011fretisi; birinin vahyi, birinin dil arma\u011fan\u0131, di\u011ferinin bunlar\u0131 yorumlama arma\u011fan\u0131 olsun; hepsi e\u011fitmek i\u00e7in olsun.\nBiri dil arma\u011fan\u0131yla konu\u015ftu\u011funda, her seferinde bir ki\u015fi olmak \u00fczere iki ya da en fazla \u00fc\u00e7 ki\u015fi konu\u015fsun ve yorumlayacak biri olsun.\nE\u011fer yorumlayacak kimse yoksa, herkes toplulukta sussun ve yaln\u0131zca kendisiyle ve Tanr\u0131&#8217;yla konu\u015fsun.\nPeygamberlerden ikisi ya da \u00fc\u00e7\u00fc konu\u015fsun ve di\u011ferleri yarg\u0131las\u0131n.\nAma orada bulunanlardan birine vahiy gelirse, ilk gelen sussun; \u00e7\u00fcnk\u00fc herkes \u00f6\u011frensin ve \u00f6\u011f\u00fct als\u0131n diye hepiniz teker teker peygamberlik edebilirsiniz.\nPeygamberlerin esinleri peygamberlere tabidir, \u00e7\u00fcnk\u00fc Tanr\u0131 karga\u015fa de\u011fil, esenlik Tanr\u0131s\u0131&#8217;d\u0131r.     <\/em>&#8221; (1. Korintliler 14: 26-33).<\/p>\n\n<div style=\"height:30px\" aria-hidden=\"true\" class=\"wp-block-spacer\"><\/div>\n\n<p>Toplant\u0131n\u0131n, kat\u0131lan herkes i\u00e7in d\u00fczenli ve ruhani a\u00e7\u0131dan verimli bir \u015fekilde y\u00fcr\u00fct\u00fclmesini sa\u011flamak karde\u015flik liderlerinin g\u00f6revidir.<\/p>\n\n<div style=\"height:30px\" aria-hidden=\"true\" class=\"wp-block-spacer\"><\/div>\n\n<p>Toplant\u0131y\u0131 karakterize eden, sadelik i\u00e7inde al\u0131nan ve haftalar boyunca s\u0131rayla okunan Tanr\u0131 S\u00f6z\u00fc, nadiren de olsa karde\u015fli\u011fe verilen ger\u00e7ek bir &#8220;Tanr\u0131 s\u00f6ylemi&#8221; olu\u015fturur ve toplulu\u011fun d\u00f6n\u00fc\u015f\u00fcm noktas\u0131n\u0131 veya odaklan\u0131lmas\u0131 gereken \u00f6nceli\u011fi g\u00f6sterir.\nDeneyimler Toplulu\u011fa, b\u00f6yle anlarda Rab&#8217;bin Kendisiyle kar\u015f\u0131la\u015f\u0131lmas\u0131na nas\u0131l izin verdi\u011fini g\u00f6stermi\u015ftir, \u00f6zellikle de ilk kez kat\u0131lanlar taraf\u0131ndan, bu toplulukta Tanr\u0131&#8217;n\u0131n ya\u015fayan varl\u0131\u011f\u0131n\u0131 hissederek, konu\u015farak ve hareket ederek.\nBu nedenle, haftal\u0131k karizmatik cemaat dua toplant\u0131s\u0131, Karde\u015fli\u011fin m\u00fcjdeleme i\u00e7in elindeki ana yollardan biridir.  <\/p>\n\n<div style=\"height:50px\" aria-hidden=\"true\" class=\"wp-block-spacer\"><\/div>\n","protected":false},"excerpt":{"rendered":"<p>Topland\u0131\u011f\u0131n\u0131zda,Birinin mezmuru var,di\u011ferinin bir \u00f6\u011fretisi vard\u0131r;bir vahiy var,Birinin dil arma\u011fan\u0131 vard\u0131r,di\u011feri ise onlar\u0131 yorumlamakt\u0131r:her \u015fey e\u011fitim i\u00e7in olur 1 Korintliler 14:26 Her karde\u015flik, her hafta, Rab \u0130sa&#8217;n\u0131n etraf\u0131nda dua ederek O&#8217;nun S\u00f6z\u00fcn\u00fc dinlemek i\u00e7in toplan\u0131r. Karde\u015fli\u011fin t\u00fcm ya\u015fam\u0131 k\u00f6kenini, g\u00fcc\u00fcn\u00fc ve y\u00f6n\u00fcn\u00fc buradan al\u0131r. Tanr\u0131&#8217;n\u0131n huzurunda \u00f6vg\u00fcyle, Tanr\u0131&#8217;ya tap\u0131narak, S\u00f6z\u00fcn\u00fc dinleyerek, davetine kar\u015f\u0131l\u0131k vererek ya\u015fanan [&hellip;]<\/p>\n","protected":false},"author":3,"featured_media":11016,"parent":0,"menu_order":0,"comment_status":"closed","ping_status":"closed","template":"","meta":{"om_disable_all_campaigns":false,"_monsterinsights_skip_tracking":false,"_monsterinsights_sitenote_active":false,"_monsterinsights_sitenote_note":"","_monsterinsights_sitenote_category":0,"_uf_show_specific_survey":0,"_uf_disable_surveys":false,"footnotes":""},"class_list":["post-19232","page","type-page","status-publish","has-post-thumbnail","hentry"],"aioseo_notices":[],"_links":{"self":[{"href":"https:\/\/comunitamagnificat.org\/tr\/wp-json\/wp\/v2\/pages\/19232","targetHints":{"allow":["GET"]}}],"collection":[{"href":"https:\/\/comunitamagnificat.org\/tr\/wp-json\/wp\/v2\/pages"}],"about":[{"href":"https:\/\/comunitamagnificat.org\/tr\/wp-json\/wp\/v2\/types\/page"}],"author":[{"embeddable":true,"href":"https:\/\/comunitamagnificat.org\/tr\/wp-json\/wp\/v2\/users\/3"}],"replies":[{"embeddable":true,"href":"https:\/\/comunitamagnificat.org\/tr\/wp-json\/wp\/v2\/comments?post=19232"}],"version-history":[{"count":1,"href":"https:\/\/comunitamagnificat.org\/tr\/wp-json\/wp\/v2\/pages\/19232\/revisions"}],"predecessor-version":[{"id":19234,"href":"https:\/\/comunitamagnificat.org\/tr\/wp-json\/wp\/v2\/pages\/19232\/revisions\/19234"}],"wp:featuredmedia":[{"embeddable":true,"href":"https:\/\/comunitamagnificat.org\/tr\/wp-json\/wp\/v2\/media\/11016"}],"wp:attachment":[{"href":"https:\/\/comunitamagnificat.org\/tr\/wp-json\/wp\/v2\/media?parent=19232"}],"curies":[{"name":"wp","href":"https:\/\/api.w.org\/{rel}","templated":true}]}}