{"id":19246,"date":"2024-08-23T00:44:34","date_gmt":"2024-08-22T22:44:34","guid":{"rendered":"https:\/\/comunitamagnificat.org\/2013-2023-yillari-arasinda-tuzuk\/"},"modified":"2024-08-23T00:44:39","modified_gmt":"2024-08-22T22:44:39","slug":"2013-2023-yillari-arasinda-tuzuk","status":"publish","type":"page","link":"https:\/\/comunitamagnificat.org\/tr\/2013-2023-yillari-arasinda-tuzuk\/","title":{"rendered":"2013-2023 y\u0131llar\u0131 aras\u0131nda T\u00fcz\u00fck"},"content":{"rendered":"\n<div style=\"height:30px\" aria-hidden=\"true\" class=\"wp-block-spacer\"><\/div>\n\n<blockquote class=\"wp-block-quote is-layout-flow wp-block-quote-is-layout-flow\">\n<p><em><strong>Bana ve evime gelince<\/strong><\/em><br\/><em><strong>Tanr\u0131&#8217;ya hizmet edece\u011fiz<\/strong><\/em><\/p>\n<cite><em>Ye\u015fu<\/em> 24, 15<\/cite><\/blockquote>\n\n<div style=\"height:30px\" aria-hidden=\"true\" class=\"wp-block-spacer\"><\/div>\n\n<p><strong>2013-2020 y\u0131llar\u0131 aras\u0131nda<\/strong> Topluluk, b\u00fcy\u00fcmesi ve uluslararas\u0131la\u015fmas\u0131 nedeniyle, Perugia Ba\u015fpiskoposu Monseny\u00f6r Gualtiero Bassetti&#8217;nin \u00e7a\u011fr\u0131s\u0131 \u00fczerine, <strong>bir piskoposluk organ\u0131 yerine Vatikan taraf\u0131ndan tan\u0131nmak i\u00e7in <em>Papal\u0131k Laiklik Konseyi<\/em> ile bir diyalog<\/strong> ba\u015flatt\u0131 <strong>.<\/strong><\/p>\n\n<div style=\"height:30px\" aria-hidden=\"true\" class=\"wp-block-spacer\"><\/div>\n\n<p>Geni\u015f kapsaml\u0131 ve t\u00fcm m\u00fcttefiklerin kat\u0131l\u0131m\u0131yla \u00e7al\u0131\u015fmak \u00fczere yeni bir komisyon kuruldu.\nBu uzun d\u00fc\u015f\u00fcnme s\u00fcrecinin sonunda, <strong>2020<\/strong> sonbahar\u0131nda <strong>Topluluk <em>,<\/em><\/strong> eski <em>Papal\u0131k Konseyi&#8217;<\/em> <strong>nin<\/strong> yerini alan <strong> <em>Laiklik, Aile ve Ya\u015fam Dicastery&#8217;<\/em>ye onay i\u00e7in bir T\u00fcz\u00fck metni sundu<\/strong>. <\/p>\n\n<div style=\"height:30px\" aria-hidden=\"true\" class=\"wp-block-spacer\"><\/div>\n\n<p><strong>2021<\/strong> y\u0131l\u0131nda, Topluluk ve T\u00fcz\u00fc\u011f\u00fcn\u00fcn nihai onay\u0131 i\u00e7in Topluluk ve <em>Dicastery <\/em>aras\u0131nda bir diaolog kurulmu\u015ftur.<\/p>\n\n<div style=\"height:30px\" aria-hidden=\"true\" class=\"wp-block-spacer\"><\/div>\n\n<p><strong>May\u0131s 2023<\/strong> &#8216;te <em>, Laiklik, Aile ve Ya\u015fam Manast\u0131r\u0131<\/em> Ba\u015fkan\u0131 Kardinal Kevin J. Farrell <em>,<\/em> <em>\u0130nan\u00e7 Doktrini Manast\u0131r\u0131<\/em> taraf\u0131ndan incelenmekte olan<strong> t\u00fcz\u00fck tasla\u011f\u0131n\u0131n <\/strong> <strong>herhangi bir doktrinel sorun ortaya koymad\u0131\u011f\u0131n\u0131<\/strong> a\u00e7\u0131klad\u0131.<\/p>\n\n<div style=\"height:30px\" aria-hidden=\"true\" class=\"wp-block-spacer\"><\/div>\n\n<p><strong>19 Ekim 2023<\/strong> tarihinde Kardinal Farrell, Genel Moderat\u00f6r Maria Rita Castellani&#8217;ye hitaben yazd\u0131\u011f\u0131 bir mektupta,<strong> ba\u015fkanl\u0131\u011f\u0131n\u0131 y\u00fcr\u00fctt\u00fc\u011f\u00fc Dicastery&#8217;nin Magnificat Toplulu\u011fu&#8217;nun uluslararas\u0131 bir inan\u00e7 birli\u011fi olarak tan\u0131nmas\u0131na<\/strong> ve be\u015f y\u0131l s\u00fcreyle <em>ad experimentum<\/em><strong> olarak<\/strong> <strong>t\u00fcz\u00fc\u011f\u00fcn\u00fcn onaylanmas\u0131na<\/strong><strong> karar verdi\u011fini Toplulu\u011fa<\/strong> bildirdi.<\/p>\n\n<div style=\"height:30px\" aria-hidden=\"true\" class=\"wp-block-spacer\"><\/div>\n\n<div class=\"wp-block-columns is-layout-flex wp-container-core-columns-is-layout-9d6595d7 wp-block-columns-is-layout-flex\">\n<div class=\"wp-block-column is-layout-flow wp-block-column-is-layout-flow\">\n<figure class=\"wp-block-embed is-type-video is-provider-youtube wp-block-embed-youtube wp-embed-aspect-16-9 wp-has-aspect-ratio\"><div class=\"wp-block-embed__wrapper\"> \n<iframe loading=\"lazy\" title=\"Positivamente concluso l&#039;iter di approvazione dello Statuto della Comunit\u00e0!\" width=\"500\" height=\"281\" src=\"https:\/\/www.youtube.com\/embed\/H5K0gZ0H3Wo?feature=oembed\" frameborder=\"0\" allow=\"accelerometer; autoplay; clipboard-write; encrypted-media; gyroscope; picture-in-picture; web-share\" referrerpolicy=\"strict-origin-when-cross-origin\" allowfullscreen><\/iframe>\n <\/div><\/figure>\n<\/div>\n<\/div>\n\n<div style=\"height:30px\" aria-hidden=\"true\" class=\"wp-block-spacer\"><\/div>\n\n<p><strong>Onay Kararnamesi<\/strong>, <strong>8 Aral\u0131k 2023<\/strong> <em>,<\/em> Kutsal Bakire Meryem&#8217;in G\u00fcnahs\u0131z Gebeli\u011fi Yortusu&#8217;nda <em>, Laiklik, Aile ve Ya\u015fam Manast\u0131r\u0131<\/em> Ba\u015fkan\u0131 Kardinal Kevin Farrell taraf\u0131ndan <strong>imzaland\u0131<\/strong>.<\/p>\n\n<div style=\"height:30px\" aria-hidden=\"true\" class=\"wp-block-spacer\"><\/div>\n<div class=\"wp-block-image\">\n<figure class=\"aligncenter size-full\"><picture data-lightbox=\"\"><img decoding=\"async\" src=\"https:\/\/comunitamagnificat.org\/wp-content\/uploads\/2024\/01\/Farrell.jpeg\" alt=\"\" class=\"wp-image-10130\"\/><\/picture><figcaption class=\"wp-element-caption\">Kardinal Kevin J. Farrell <em>, Laiklik, Aile ve Ya\u015fam Dicastery<\/em> Ba\u015fkan\u0131.<\/figcaption><\/figure>\n<\/div>\n<p class=\"has-text-align-center has-text-color has-link-color wp-elements-17dddadf5c8a9c975c6693d206a80d33\" style=\"color:#950c0c\"><\/p>\n\n<div style=\"height:50px\" aria-hidden=\"true\" class=\"wp-block-spacer\"><\/div>\n\n<p><\/p>\n","protected":false},"excerpt":{"rendered":"<p>Bana ve evime gelinceTanr\u0131&#8217;ya hizmet edece\u011fiz Ye\u015fu 24, 15 2013-2020 y\u0131llar\u0131 aras\u0131nda Topluluk, b\u00fcy\u00fcmesi ve uluslararas\u0131la\u015fmas\u0131 nedeniyle, Perugia Ba\u015fpiskoposu Monseny\u00f6r Gualtiero Bassetti&#8217;nin \u00e7a\u011fr\u0131s\u0131 \u00fczerine, bir piskoposluk organ\u0131 yerine Vatikan taraf\u0131ndan tan\u0131nmak i\u00e7in Papal\u0131k Laiklik Konseyi ile bir diyalog ba\u015flatt\u0131 . Geni\u015f kapsaml\u0131 ve t\u00fcm m\u00fcttefiklerin kat\u0131l\u0131m\u0131yla \u00e7al\u0131\u015fmak \u00fczere yeni bir komisyon kuruldu. Bu uzun d\u00fc\u015f\u00fcnme [&hellip;]<\/p>\n","protected":false},"author":3,"featured_media":11308,"parent":0,"menu_order":0,"comment_status":"closed","ping_status":"closed","template":"","meta":{"om_disable_all_campaigns":false,"_monsterinsights_skip_tracking":false,"_monsterinsights_sitenote_active":false,"_monsterinsights_sitenote_note":"","_monsterinsights_sitenote_category":0,"_uf_show_specific_survey":0,"_uf_disable_surveys":false,"footnotes":""},"class_list":["post-19246","page","type-page","status-publish","has-post-thumbnail","hentry"],"aioseo_notices":[],"_links":{"self":[{"href":"https:\/\/comunitamagnificat.org\/tr\/wp-json\/wp\/v2\/pages\/19246","targetHints":{"allow":["GET"]}}],"collection":[{"href":"https:\/\/comunitamagnificat.org\/tr\/wp-json\/wp\/v2\/pages"}],"about":[{"href":"https:\/\/comunitamagnificat.org\/tr\/wp-json\/wp\/v2\/types\/page"}],"author":[{"embeddable":true,"href":"https:\/\/comunitamagnificat.org\/tr\/wp-json\/wp\/v2\/users\/3"}],"replies":[{"embeddable":true,"href":"https:\/\/comunitamagnificat.org\/tr\/wp-json\/wp\/v2\/comments?post=19246"}],"version-history":[{"count":1,"href":"https:\/\/comunitamagnificat.org\/tr\/wp-json\/wp\/v2\/pages\/19246\/revisions"}],"predecessor-version":[{"id":19247,"href":"https:\/\/comunitamagnificat.org\/tr\/wp-json\/wp\/v2\/pages\/19246\/revisions\/19247"}],"wp:featuredmedia":[{"embeddable":true,"href":"https:\/\/comunitamagnificat.org\/tr\/wp-json\/wp\/v2\/media\/11308"}],"wp:attachment":[{"href":"https:\/\/comunitamagnificat.org\/tr\/wp-json\/wp\/v2\/media?parent=19246"}],"curies":[{"name":"wp","href":"https:\/\/api.w.org\/{rel}","templated":true}]}}