{"id":19248,"date":"2024-08-23T07:40:12","date_gmt":"2024-08-23T05:40:12","guid":{"rendered":"https:\/\/comunitamagnificat.org\/evli-ciftler-icin-seminerler\/"},"modified":"2024-08-23T07:40:34","modified_gmt":"2024-08-23T05:40:34","slug":"evli-ciftler-icin-seminerler","status":"publish","type":"page","link":"https:\/\/comunitamagnificat.org\/tr\/evli-ciftler-icin-seminerler\/","title":{"rendered":"Evli \u00e7iftler i\u00e7in seminerler"},"content":{"rendered":"\n<div style=\"height:30px\" aria-hidden=\"true\" class=\"wp-block-spacer\"><\/div>\n\n<blockquote class=\"wp-block-quote is-layout-flow wp-block-quote-is-layout-flow\"><p><em><strong>&#8230; adam<\/strong><\/em><br\/><em><strong>babas\u0131n\u0131 ve annesini b\u0131rakacak<\/strong><\/em><br\/><em><strong>ve kar\u0131s\u0131na ba\u011flanacak,<\/strong><\/em><br\/><em><strong>ve ikisi tek beden olacak<\/strong><\/em><\/p><cite><em>Yarat\u0131l\u0131\u015f<\/em> 2:24<\/cite><\/blockquote>\n\n<div style=\"height:30px\" aria-hidden=\"true\" class=\"wp-block-spacer\"><\/div>\n\n<p>Cemaatin m\u00fcttefiklerinin ezici \u00e7o\u011funlu\u011funu e\u015fler olu\u015fturdu\u011fundan, evlilik kutsall\u0131\u011f\u0131n\u0131n bak\u0131m\u0131 \u00f6zellikle \u00f6nemli kabul edilmektedir.\nEvlilikte kar\u015f\u0131la\u015f\u0131lan ka\u00e7\u0131n\u0131lmaz zorluklar\u0131n fark\u0131na var\u0131lmas\u0131ndan itibaren Topluluk, kar\u0131 koca aras\u0131ndaki ili\u015fkinin dua ve inan\u00e7 ba\u011flam\u0131nda ilgi oda\u011f\u0131 haline getirildi\u011fi seminerler d\u00fczenlemeye ba\u015flam\u0131\u015ft\u0131r. <\/p>\n\n<div style=\"height:30px\" aria-hidden=\"true\" class=\"wp-block-spacer\"><\/div>\n\n<p>\u015eu anda \u00e7e\u015fitli Karde\u015fliklerde yay\u0131lmakta olan bu deneyimler, sadece Cemaate mensup olanlara de\u011fil, d\u0131\u015far\u0131dan gelenlere de hitap etmektedir.\nCemaatler nadiren de olsa, adaylar\u0131 evlili\u011fe haz\u0131rlama konusunda yard\u0131m almak ve \u00e7a\u011fr\u0131lar\u0131n\u0131 ger\u00e7ekle\u015ftirmekte zorlanan ailelere destek olmak i\u00e7in Cemaate ba\u015fvurmaktad\u0131r. <\/p>\n\n<div style=\"height:50px\" aria-hidden=\"true\" class=\"wp-block-spacer\"><\/div>\n","protected":false},"excerpt":{"rendered":"<p>&#8230; adambabas\u0131n\u0131 ve annesini b\u0131rakacakve kar\u0131s\u0131na ba\u011flanacak,ve ikisi tek beden olacak Yarat\u0131l\u0131\u015f 2:24 Cemaatin m\u00fcttefiklerinin ezici \u00e7o\u011funlu\u011funu e\u015fler olu\u015fturdu\u011fundan, evlilik kutsall\u0131\u011f\u0131n\u0131n bak\u0131m\u0131 \u00f6zellikle \u00f6nemli kabul edilmektedir. Evlilikte kar\u015f\u0131la\u015f\u0131lan ka\u00e7\u0131n\u0131lmaz zorluklar\u0131n fark\u0131na var\u0131lmas\u0131ndan itibaren Topluluk, kar\u0131 koca aras\u0131ndaki ili\u015fkinin dua ve inan\u00e7 ba\u011flam\u0131nda ilgi oda\u011f\u0131 haline getirildi\u011fi seminerler d\u00fczenlemeye ba\u015flam\u0131\u015ft\u0131r. \u015eu anda \u00e7e\u015fitli Karde\u015fliklerde yay\u0131lmakta olan [&hellip;]<\/p>\n","protected":false},"author":3,"featured_media":11036,"parent":0,"menu_order":0,"comment_status":"closed","ping_status":"closed","template":"","meta":{"om_disable_all_campaigns":false,"_monsterinsights_skip_tracking":false,"_monsterinsights_sitenote_active":false,"_monsterinsights_sitenote_note":"","_monsterinsights_sitenote_category":0,"_uf_show_specific_survey":0,"_uf_disable_surveys":false,"footnotes":""},"class_list":["post-19248","page","type-page","status-publish","has-post-thumbnail","hentry"],"aioseo_notices":[],"_links":{"self":[{"href":"https:\/\/comunitamagnificat.org\/tr\/wp-json\/wp\/v2\/pages\/19248","targetHints":{"allow":["GET"]}}],"collection":[{"href":"https:\/\/comunitamagnificat.org\/tr\/wp-json\/wp\/v2\/pages"}],"about":[{"href":"https:\/\/comunitamagnificat.org\/tr\/wp-json\/wp\/v2\/types\/page"}],"author":[{"embeddable":true,"href":"https:\/\/comunitamagnificat.org\/tr\/wp-json\/wp\/v2\/users\/3"}],"replies":[{"embeddable":true,"href":"https:\/\/comunitamagnificat.org\/tr\/wp-json\/wp\/v2\/comments?post=19248"}],"version-history":[{"count":1,"href":"https:\/\/comunitamagnificat.org\/tr\/wp-json\/wp\/v2\/pages\/19248\/revisions"}],"predecessor-version":[{"id":19250,"href":"https:\/\/comunitamagnificat.org\/tr\/wp-json\/wp\/v2\/pages\/19248\/revisions\/19250"}],"wp:featuredmedia":[{"embeddable":true,"href":"https:\/\/comunitamagnificat.org\/tr\/wp-json\/wp\/v2\/media\/11036"}],"wp:attachment":[{"href":"https:\/\/comunitamagnificat.org\/tr\/wp-json\/wp\/v2\/media?parent=19248"}],"curies":[{"name":"wp","href":"https:\/\/api.w.org\/{rel}","templated":true}]}}