{"id":19262,"date":"2024-08-23T07:40:30","date_gmt":"2024-08-23T05:40:30","guid":{"rendered":"https:\/\/comunitamagnificat.org\/icsel-sifa-seminerleri\/"},"modified":"2024-08-23T07:40:36","modified_gmt":"2024-08-23T05:40:36","slug":"icsel-sifa-seminerleri","status":"publish","type":"page","link":"https:\/\/comunitamagnificat.org\/tr\/icsel-sifa-seminerleri\/","title":{"rendered":"\u0130\u00e7sel \u015fifa seminerleri"},"content":{"rendered":"\n<div style=\"height:30px\" aria-hidden=\"true\" class=\"wp-block-spacer\"><\/div>\n\n<blockquote class=\"wp-block-quote is-layout-flow wp-block-quote-is-layout-flow\"><p><em><strong>&#8230;bizim ac\u0131lar\u0131m\u0131z\u0131 kendi \u00fczerine ald\u0131,<\/strong><\/em><br\/><em><strong>Ac\u0131lar\u0131m\u0131z\u0131 kendi \u00fczerine ald\u0131.<\/strong><\/em><\/p><cite><em>Ye\u015faya<\/em> 53, 4<\/cite><\/blockquote>\n\n<div style=\"height:30px\" aria-hidden=\"true\" class=\"wp-block-spacer\"><\/div>\n\n<p>Y\u0131llar boyunca topluluk faaliyetlerinde kendini g\u00f6steren karizmalardan biri de &#8216;i\u00e7sel \u015fifa&#8217;d\u0131r.\nBu arma\u011fan, uzun y\u0131llar boyunca, Tarcisio Mezzetti&#8217;nin &#8211; 1980&#8217;lerin ba\u015f\u0131ndan beri &#8211; Dennis ve Matthew Linn karde\u015fler taraf\u0131ndan bir dizi konu\u015fma ve ard\u0131ndan ya\u015fam\u0131n yaralar\u0131n\u0131 iyile\u015ftirmeyi ama\u00e7layan rehberli dua anlar\u0131 arac\u0131l\u0131\u011f\u0131yla \u00f6nerme sezgisine sahip oldu\u011fu &#8216;\u015eifa Semineri&#8217; arac\u0131l\u0131\u011f\u0131yla geli\u015ftirildi ve \u00e7ok say\u0131da insana sunuldu. <\/p>\n\n<div style=\"height:30px\" aria-hidden=\"true\" class=\"wp-block-spacer\"><\/div>\n\n<p>Bu s\u00f6zlerle Tarcisio, Tanr\u0131&#8217;n\u0131n kutsall\u0131k \u00e7a\u011fr\u0131s\u0131na tam bir \u00f6zg\u00fcrl\u00fckle yan\u0131t vermenin ko\u015fulu olarak beden, ruh ve can\u0131n birli\u011finden olu\u015fan insan\u0131n b\u00fct\u00fcnsel iyile\u015fmesini tan\u0131mlayarak ruhban okulunu tan\u0131tt\u0131:<\/p>\n\n<div style=\"height:30px\" aria-hidden=\"true\" class=\"wp-block-spacer\"><\/div>\n\n<p>&#8220;<em>H\u0131ristiyan ya\u015fam\u0131nda b\u00fcy\u00fcmeden s\u00f6z etti\u011fimizde, her zaman bu b\u00fcy\u00fcmenin \u00f6n\u00fcnde duran bir\u00e7ok engelin \u00fcstesinden gelmekten bahsederiz; \u00fcstesinden gelinmesi gereken ba\u015fl\u0131ca engellerden biri, bizi engelleyen, korkular\u0131m\u0131z\u0131n, su\u00e7luluk duygular\u0131m\u0131z\u0131n, yaralar\u0131m\u0131z\u0131n k\u00f6lesi yapan ba\u011flardan kurtulma ihtiyac\u0131d\u0131r.\nYenilgiye giden yol \u0130sa taraf\u0131ndan \u00e7oktan a\u015f\u0131lm\u0131\u015ft\u0131r, ancak daha fazlas\u0131 da vard\u0131r. <\/em><\/p>\n\n<div style=\"height:30px\" aria-hidden=\"true\" class=\"wp-block-spacer\"><\/div>\n\n<p><em>Peygamber Ye\u015faya, &#8216;ac\u0131 \u00e7eken hizmetk\u00e2r&#8217;dan s\u00f6z ederken \u015f\u00f6yle yazm\u0131\u015ft\u0131r:<\/em><\/p>\n\n<div style=\"height:30px\" aria-hidden=\"true\" class=\"wp-block-spacer\"><\/div>\n\n<p><em>&#8220;<\/em>\u0130nsanlar taraf\u0131ndan hor g\u00f6r\u00fclen ve hakarete u\u011frayan, ac\u0131 \u00e7ekmeyi iyi bilen bir ac\u0131lar adam\u0131, \u00f6n\u00fcnde y\u00fcz\u00fcn\u00fc \u00f6rten biri gibi, hor g\u00f6r\u00fcld\u00fc ve ona hi\u00e7 de\u011fer vermedik.\nYine de ac\u0131lar\u0131m\u0131z\u0131 y\u00fcklendi, \u00fcz\u00fcnt\u00fclerimizi \u00fczerine ald\u0131 ve biz onu azap i\u00e7inde tuttuk, Tanr\u0131 taraf\u0131ndan d\u00f6v\u00fcld\u00fck ve a\u015fa\u011f\u0131land\u0131k.\nO bizim g\u00fcnahlar\u0131m\u0131z i\u00e7in delindi, su\u00e7lar\u0131m\u0131z i\u00e7in ezildi.\nBize kurtulu\u015f sa\u011flayan azap O&#8217;nun \u00fczerine indi; yaralar\u0131yla \u015fifa bulduk<em>&#8221; (Ye\u015faya 53: 3-5)<\/em>.   <\/p>\n\n<div style=\"height:30px\" aria-hidden=\"true\" class=\"wp-block-spacer\"><\/div>\n\n<p><em>Bu nedenle \u0130sa \u00e7arm\u0131hta: &#8216;b<\/em>izim ac\u0131lar\u0131m\u0131z\u0131 \u00fcstlendi, bizim \u00fcz\u00fcnt\u00fclerimizi \u00fcstlendi<em>&#8216;<\/em>.<\/p>\n\n<div style=\"height:30px\" aria-hidden=\"true\" class=\"wp-block-spacer\"><\/div>\n\n<p><em>\u0130branice&#8217;de kullan\u0131lan kelimeler ya &#8216;s<\/em>\u0131k\u0131nt\u0131lar&#8217;<em>ve<\/em><em>&#8216;a<\/em>c\u0131lar&#8217; <em>ya<\/em><em>da<\/em><em>&#8216;h<\/em>astal\u0131klar&#8217;<em>ve &#8216;\u0131<\/em>st\u0131raplar&#8217;<em>olarak<\/em><em>terc\u00fcme edilebilir<\/em>.<em>&#8220;. L'&#8221;<\/em><em>&#8216;<\/em><em>\u0131st\u0131rap<\/em><em>&#8216; ve<\/em><em>&#8216;<\/em>ac\u0131<em>&#8216; ruhun ac\u0131lar\u0131d\u0131r, oysa<\/em><em>&#8216;<\/em>hastal\u0131k<em>&#8216;<\/em><em>ve &#8216;<\/em>\u0131st\u0131rap<em>&#8216;<\/em><em>&#8220;fiziksel ac\u0131lard\u0131r.\nGer\u00e7ek \u015fu ki, \u0130sa \u00e7arm\u0131h arac\u0131l\u0131\u011f\u0131yla \u015fifa bulabilmemiz i\u00e7in hepimizin hem fiziksel hem de ruhsal ac\u0131lar\u0131n\u0131 \u00fcstlenmi\u015ftir. <\/em><\/p>\n\n<div style=\"height:30px\" aria-hidden=\"true\" class=\"wp-block-spacer\"><\/div>\n\n<p><em>Bu nedenle Tanr\u0131&#8217;n\u0131n sonsuz sevgisi \u00e7arm\u0131htan bize ula\u015farak t\u00fcm benli\u011fimizin, yani ruh, can ve bedenimizin tam kurtulu\u015funu sa\u011flar.\nKutsal Yaz\u0131lar&#8217;a g\u00f6re insan, birbirinden ayr\u0131lmas\u0131 m\u00fcmk\u00fcn olmayan bu \u00fc\u00e7 boyutun b\u00fct\u00fcn\u00fcd\u00fcr.\nRuhsal hastal\u0131klar\u0131n \u00e7o\u011fu zaman ruha ya da bedene de yans\u0131d\u0131\u011f\u0131n\u0131 iyi biliyoruz; psikosomatik t\u0131p bize uzun s\u00fcreli ruhsal ac\u0131lar\u0131n fiziksel hastal\u0131klara da yol a\u00e7t\u0131\u011f\u0131n\u0131 \u00f6\u011fretir.  <\/em><\/p>\n\n<div style=\"height:30px\" aria-hidden=\"true\" class=\"wp-block-spacer\"><\/div>\n\n<p><em>Aziz Pavlus da Selaniklilere yazd\u0131\u011f\u0131 mektupta bu insan birli\u011fini teyit eder: &#8216;Esenlik<\/em>Tanr\u0131s\u0131 sizi b\u00fct\u00fcn\u00fcyle kutsas\u0131n ve b\u00fct\u00fcn benli\u011finiz, ruhunuz, can\u0131n\u0131z ve bedeniniz Rabbimiz \u0130sa Mesih&#8217;in geli\u015fi i\u00e7in su\u00e7suz olarak korunsun&#8217;<em>(1. Selanikliler 5: 23).<\/em><\/p>\n\n<div style=\"height:30px\" aria-hidden=\"true\" class=\"wp-block-spacer\"><\/div>\n\n<p><em>Bu nedenle, \u0130sa&#8217;ya ne kadar yakla\u015f\u0131r ve onu taklit edersek, onun varl\u0131\u011f\u0131 bizi o kadar dengeli, g\u00fc\u00e7l\u00fc ve ruhsal a\u00e7\u0131dan olgun k\u0131lacakt\u0131r.<\/em><\/p>\n\n<p><em>Bu olgunluk daha sonra meyve verecektir: i\u00e7 huzurun, duan\u0131n, kendini vermenin, sabr\u0131n, g\u00fcc\u00fcn, cesaretin ve elbette Tanr\u0131&#8217;n\u0131n merhametli ve sevgi dolu iradesine g\u00f6re t\u00fcm ki\u015fili\u011fimizin m\u00fckemmel geli\u015fiminin meyveleri<\/em>.\nCemaat, farkl\u0131 \u015fekil ve yollarla, hay\u0131rseverlik faaliyetlerinde bu hizmeti sunmaya devam etmektedir. <\/p>\n\n<div style=\"height:50px\" aria-hidden=\"true\" class=\"wp-block-spacer\"><\/div>\n","protected":false},"excerpt":{"rendered":"<p>&#8230;bizim ac\u0131lar\u0131m\u0131z\u0131 kendi \u00fczerine ald\u0131,Ac\u0131lar\u0131m\u0131z\u0131 kendi \u00fczerine ald\u0131. Ye\u015faya 53, 4 Y\u0131llar boyunca topluluk faaliyetlerinde kendini g\u00f6steren karizmalardan biri de &#8216;i\u00e7sel \u015fifa&#8217;d\u0131r. Bu arma\u011fan, uzun y\u0131llar boyunca, Tarcisio Mezzetti&#8217;nin &#8211; 1980&#8217;lerin ba\u015f\u0131ndan beri &#8211; Dennis ve Matthew Linn karde\u015fler taraf\u0131ndan bir dizi konu\u015fma ve ard\u0131ndan ya\u015fam\u0131n yaralar\u0131n\u0131 iyile\u015ftirmeyi ama\u00e7layan rehberli dua anlar\u0131 arac\u0131l\u0131\u011f\u0131yla \u00f6nerme sezgisine [&hellip;]<\/p>\n","protected":false},"author":3,"featured_media":11032,"parent":0,"menu_order":0,"comment_status":"closed","ping_status":"closed","template":"","meta":{"om_disable_all_campaigns":false,"_monsterinsights_skip_tracking":false,"_monsterinsights_sitenote_active":false,"_monsterinsights_sitenote_note":"","_monsterinsights_sitenote_category":0,"_uf_show_specific_survey":0,"_uf_disable_surveys":false,"footnotes":""},"class_list":["post-19262","page","type-page","status-publish","has-post-thumbnail","hentry"],"aioseo_notices":[],"_links":{"self":[{"href":"https:\/\/comunitamagnificat.org\/tr\/wp-json\/wp\/v2\/pages\/19262","targetHints":{"allow":["GET"]}}],"collection":[{"href":"https:\/\/comunitamagnificat.org\/tr\/wp-json\/wp\/v2\/pages"}],"about":[{"href":"https:\/\/comunitamagnificat.org\/tr\/wp-json\/wp\/v2\/types\/page"}],"author":[{"embeddable":true,"href":"https:\/\/comunitamagnificat.org\/tr\/wp-json\/wp\/v2\/users\/3"}],"replies":[{"embeddable":true,"href":"https:\/\/comunitamagnificat.org\/tr\/wp-json\/wp\/v2\/comments?post=19262"}],"version-history":[{"count":1,"href":"https:\/\/comunitamagnificat.org\/tr\/wp-json\/wp\/v2\/pages\/19262\/revisions"}],"predecessor-version":[{"id":19264,"href":"https:\/\/comunitamagnificat.org\/tr\/wp-json\/wp\/v2\/pages\/19262\/revisions\/19264"}],"wp:featuredmedia":[{"embeddable":true,"href":"https:\/\/comunitamagnificat.org\/tr\/wp-json\/wp\/v2\/media\/11032"}],"wp:attachment":[{"href":"https:\/\/comunitamagnificat.org\/tr\/wp-json\/wp\/v2\/media?parent=19262"}],"curies":[{"name":"wp","href":"https:\/\/api.w.org\/{rel}","templated":true}]}}