{"id":19277,"date":"2024-08-23T07:41:10","date_gmt":"2024-08-23T05:41:10","guid":{"rendered":"https:\/\/comunitamagnificat.org\/2004-yasam-kurali\/"},"modified":"2024-08-23T07:41:20","modified_gmt":"2024-08-23T05:41:20","slug":"2004-yasam-kurali","status":"publish","type":"page","link":"https:\/\/comunitamagnificat.org\/tr\/2004-yasam-kurali\/","title":{"rendered":"2004 Ya\u015fam Kural\u0131"},"content":{"rendered":"\n<div style=\"height:30px\" aria-hidden=\"true\" class=\"wp-block-spacer\"><\/div>\n\n<blockquote class=\"wp-block-quote is-layout-flow wp-block-quote-is-layout-flow\"><p><em><strong>&#8220;Ben gencim&#8221; deme.<\/strong><\/em><br\/><em><strong>Seni g\u00f6nderdi\u011fim herkese gideceksin.<\/strong><\/em><br\/><em><strong>Ve sana emretti\u011fim her \u015feyi s\u00f6yleyeceksin.<\/strong><\/em><\/p><cite><em>Yeremya<\/em> 1, 7<\/cite><\/blockquote>\n\n<div style=\"height:30px\" aria-hidden=\"true\" class=\"wp-block-spacer\"><\/div>\n\n<div class=\"wp-block-image\"><figure class=\"aligncenter size-large is-resized\"><picture data-lightbox=\"https:\/\/comunitamagnificat.org\/wp-content\/uploads\/2021\/04\/2003.jpg\"><source type='image\/jpeg' srcset='https:\/\/comunitamagnificat.org\/wp-content\/uploads\/2021\/04\/2003.jpg 1748w, https:\/\/comunitamagnificat.org\/wp-content\/uploads\/2021\/04\/2003-211x300.jpg 211w, https:\/\/comunitamagnificat.org\/wp-content\/uploads\/2021\/04\/2003-722x1024.jpg 722w, https:\/\/comunitamagnificat.org\/wp-content\/uploads\/2021\/04\/2003-768x1090.jpg 768w, https:\/\/comunitamagnificat.org\/wp-content\/uploads\/2021\/04\/2003-1083x1536.jpg 1083w, https:\/\/comunitamagnificat.org\/wp-content\/uploads\/2021\/04\/2003-1444x2048.jpg 1444w' sizes='(max-width: 1748px) 100vw, 1748px' \/><img loading=\"lazy\" decoding=\"async\" src=\"https:\/\/comunitamagnificat.org\/wp-content\/uploads\/2021\/04\/2003-722x1024.jpg\" alt=\"\" class=\"wp-image-740\" width=\"418\" height=\"593\"\/><\/picture><figcaption><em>Monseny\u00f6r Chiaretti&#8217;nin onay kararnamesi<\/em><\/figcaption><\/figure><\/div>\n\n<div style=\"height:30px\" aria-hidden=\"true\" class=\"wp-block-spacer\"><\/div>\n\n<p>2003 y\u0131l\u0131nda Perugia Ba\u015fpiskoposu Giuseppe Chiaretti T\u00fcz\u00fc\u011f\u00fc revize etmek \u00fczere yeni bir komisyon kurdu.\n24 Aral\u0131k 2004 tarihinde, revizyon \u00e7al\u0131\u015fmalar\u0131 &#8211; bir b\u00f6lgenin ayr\u0131lmas\u0131na da neden olan bir\u00e7ok zorlu\u011fa ra\u011fmen &#8211; yeni metnin resmi olarak onaylanmas\u0131yla sona erdi. <\/p>\n\n<div style=\"height:30px\" aria-hidden=\"true\" class=\"wp-block-spacer\"><\/div>\n\n<p>\u0130\u015fte Monseny\u00f6r Chiaretti taraf\u0131ndan onaylanan Ya\u015fam Kurallar\u0131n\u0131n pdf dosyas\u0131:<\/p>\n\n<div style=\"height:30px\" aria-hidden=\"true\" class=\"wp-block-spacer\"><\/div>\n\n<div class=\"wp-block-file aligncenter\"><a href=\"https:\/\/comunitamagnificat.org\/wp-content\/uploads\/2021\/04\/Regola-di-Vita-24-dicembre-2003.pdf\"><strong>Ya\u015fam Kural\u0131 &#8211; 24 Aral\u0131k 2003<\/strong><\/a><a href=\"https:\/\/comunitamagnificat.org\/wp-content\/uploads\/2021\/04\/Regola-di-Vita-24-dicembre-2003.pdf\" class=\"wp-block-file__button\" download=\"\">\u0130ndir<\/a><\/div>\n\n<div style=\"height:30px\" aria-hidden=\"true\" class=\"wp-block-spacer\"><\/div>\n\n<p>Bu, bir sonraki Ocak ay\u0131nda Montesilvano&#8217;daki Genel Kongre&#8217;de toplanan Toplulu\u011fa yeni T\u00fcz\u00fc\u011f\u00fc teslim ederken yapt\u0131\u011f\u0131 konu\u015fman\u0131n ses kayd\u0131d\u0131r:<\/p>\n\n<div style=\"height:30px\" aria-hidden=\"true\" class=\"wp-block-spacer\"><\/div>\n\n<div class=\"wp-block-columns is-layout-flex wp-container-core-columns-is-layout-9d6595d7 wp-block-columns-is-layout-flex\">\n<div class=\"wp-block-column is-layout-flow wp-block-column-is-layout-flow\" style=\"flex-basis:15%\"><\/div>\n\n\n\n<div class=\"wp-block-column is-layout-flow wp-block-column-is-layout-flow\">\n<figure class=\"wp-block-audio\"><audio controls=\"\" src=\"https:\/\/comunitamagnificat.org\/wp-content\/uploads\/2021\/04\/Monsignor-Giuseppe-Chiaretti-alla-Comunita-4-gennaio-2005.mp3\"><\/audio><\/figure>\n<\/div>\n\n\n\n<div class=\"wp-block-column is-layout-flow wp-block-column-is-layout-flow\" style=\"flex-basis:15%\"><\/div>\n<\/div>\n\n<div style=\"height:50px\" aria-hidden=\"true\" class=\"wp-block-spacer\"><\/div>\n\n<p><\/p>\n","protected":false},"excerpt":{"rendered":"<p>&#8220;Ben gencim&#8221; deme.Seni g\u00f6nderdi\u011fim herkese gideceksin.Ve sana emretti\u011fim her \u015feyi s\u00f6yleyeceksin. Yeremya 1, 7 2003 y\u0131l\u0131nda Perugia Ba\u015fpiskoposu Giuseppe Chiaretti T\u00fcz\u00fc\u011f\u00fc revize etmek \u00fczere yeni bir komisyon kurdu. 24 Aral\u0131k 2004 tarihinde, revizyon \u00e7al\u0131\u015fmalar\u0131 &#8211; bir b\u00f6lgenin ayr\u0131lmas\u0131na da neden olan bir\u00e7ok zorlu\u011fa ra\u011fmen &#8211; yeni metnin resmi olarak onaylanmas\u0131yla sona erdi. \u0130\u015fte Monseny\u00f6r Chiaretti [&hellip;]<\/p>\n","protected":false},"author":3,"featured_media":10932,"parent":0,"menu_order":0,"comment_status":"closed","ping_status":"closed","template":"","meta":{"om_disable_all_campaigns":false,"_monsterinsights_skip_tracking":false,"_monsterinsights_sitenote_active":false,"_monsterinsights_sitenote_note":"","_monsterinsights_sitenote_category":0,"_uf_show_specific_survey":0,"_uf_disable_surveys":false,"footnotes":""},"class_list":["post-19277","page","type-page","status-publish","has-post-thumbnail","hentry"],"aioseo_notices":[],"_links":{"self":[{"href":"https:\/\/comunitamagnificat.org\/tr\/wp-json\/wp\/v2\/pages\/19277","targetHints":{"allow":["GET"]}}],"collection":[{"href":"https:\/\/comunitamagnificat.org\/tr\/wp-json\/wp\/v2\/pages"}],"about":[{"href":"https:\/\/comunitamagnificat.org\/tr\/wp-json\/wp\/v2\/types\/page"}],"author":[{"embeddable":true,"href":"https:\/\/comunitamagnificat.org\/tr\/wp-json\/wp\/v2\/users\/3"}],"replies":[{"embeddable":true,"href":"https:\/\/comunitamagnificat.org\/tr\/wp-json\/wp\/v2\/comments?post=19277"}],"version-history":[{"count":1,"href":"https:\/\/comunitamagnificat.org\/tr\/wp-json\/wp\/v2\/pages\/19277\/revisions"}],"predecessor-version":[{"id":19280,"href":"https:\/\/comunitamagnificat.org\/tr\/wp-json\/wp\/v2\/pages\/19277\/revisions\/19280"}],"wp:featuredmedia":[{"embeddable":true,"href":"https:\/\/comunitamagnificat.org\/tr\/wp-json\/wp\/v2\/media\/10932"}],"wp:attachment":[{"href":"https:\/\/comunitamagnificat.org\/tr\/wp-json\/wp\/v2\/media?parent=19277"}],"curies":[{"name":"wp","href":"https:\/\/api.w.org\/{rel}","templated":true}]}}