{"id":19279,"date":"2024-08-23T07:41:15","date_gmt":"2024-08-23T05:41:15","guid":{"rendered":"https:\/\/comunitamagnificat.org\/kutsal-ruhta-yeni-yasam-semineri\/"},"modified":"2024-08-23T07:41:35","modified_gmt":"2024-08-23T05:41:35","slug":"kutsal-ruhta-yeni-yasam-semineri","status":"publish","type":"page","link":"https:\/\/comunitamagnificat.org\/tr\/kutsal-ruhta-yeni-yasam-semineri\/","title":{"rendered":"Kutsal Ruh&#8217;ta Yeni Ya\u015fam Semineri"},"content":{"rendered":"\n<div style=\"height:30px\" aria-hidden=\"true\" class=\"wp-block-spacer\"><\/div>\n\n<blockquote class=\"wp-block-quote is-layout-flow wp-block-quote-is-layout-flow\"><p><em><strong>Petrus h\u00e2l\u00e2 bunlar\u0131 s\u00f6yl\u00fcyordu,<\/strong><\/em><br\/><em><strong>Kutsal Ruh<\/strong><\/em><br\/><em><strong>t\u00fcm bunlar\u0131n \u00fczerine indi<\/strong><\/em><br\/><em><strong>S\u00f6z\u00fc dinleyenler<\/strong><\/em><\/p><cite><em>El\u00e7ilerin \u0130\u015fleri<\/em> 10, 44<\/cite><\/blockquote>\n\n<div style=\"height:30px\" aria-hidden=\"true\" class=\"wp-block-spacer\"><\/div>\n\n<p>Magnificat Toplulu\u011fu, kendi m\u00fcjdeleme deneyiminde, Petrus&#8217;un vaaz verdi\u011fi s\u0131rada Kornelius&#8217;un evinde ger\u00e7ekle\u015fen<em>(El\u00e7ilerin \u0130\u015fleri<\/em> 10:34-48) ya da Pavlus&#8217;un Efes&#8217;teki duyurusundan sonra<em>(El\u00e7ilerin \u0130\u015fleri<\/em> 19:1-7) Kutsal Ruh&#8217;un S\u00f6z\u00fc dinleyenlerin \u00fczerine g\u00f6zle g\u00f6r\u00fcl\u00fcr bir \u015fekilde inmesi gibi sahnelerin bir\u00e7ok kez tekrarland\u0131\u011f\u0131na tan\u0131k olmu\u015ftur.<\/p>\n\n<div style=\"height:30px\" aria-hidden=\"true\" class=\"wp-block-spacer\"><\/div>\n\n<p><em>Kutsal Ruh&#8217;taki Yeni Ya\u015fam Semineri<\/em>, vakalar\u0131n b\u00fcy\u00fck \u00e7o\u011funlu\u011funda, Rab&#8217; <em>bin<\/em> sevgisini buna kat\u0131lanlar\u0131n \u00fczerine d\u00f6kmesine izin veren \u015feydir.<\/p>\n\n<div style=\"height:30px\" aria-hidden=\"true\" class=\"wp-block-spacer\"><\/div>\n\n<p>\u0130lahiyat fak\u00fcltesi, Tanr\u0131&#8217;n\u0131n pek \u00e7ok karde\u015fimiz i\u00e7in harika bir yeniden do\u011fu\u015f \u00e7al\u0131\u015fmas\u0131 yapt\u0131\u011f\u0131 bir d\u00f6nemdir.<\/p>\n\n<div style=\"height:30px\" aria-hidden=\"true\" class=\"wp-block-spacer\"><\/div>\n\n<p>\u0130sa, Nikodim&#8217;le bulu\u015ftuklar\u0131 o gece, onun &#8220;Bir insan ya\u015fl\u0131yken nas\u0131l do\u011fabilir?&#8221; sorusuna \u015fu yan\u0131t\u0131 vermi\u015ftir: &#8220;Sana do\u011frusunu s\u00f6yleyeyim, bir kimse sudan ve Ruh&#8217;tan do\u011fmad\u0131k\u00e7a Tanr\u0131&#8217;n\u0131n Egemenli\u011fi&#8217;ne giremez&#8221; (bkz. <em>Yuhanna<\/em> 3:4-8).<\/p>\n\n<div style=\"height:30px\" aria-hidden=\"true\" class=\"wp-block-spacer\"><\/div>\n\n<p>Karizmatik yenilenme, Katolik Kilisesi&#8217;ndeki y\u00fckseli\u015finden bu yana, bir bak\u0131ma, Tanr\u0131&#8217;n\u0131n basit bir ara\u00e7 arac\u0131l\u0131\u011f\u0131yla, ayn\u0131 deneyimi ya\u015fam\u0131\u015f, vazge\u00e7ilmez bir \u00f6zelli\u011fe sahip yoksul insanlar\u0131n ellerine verdi\u011fi yeni do\u011fu\u015fun ayr\u0131cal\u0131kl\u0131 bir tan\u0131\u011f\u0131 haline gelmi\u015ftir.\nAra\u00e7 <em>Kutsal Ruh&#8217;ta Yeni Ya\u015fam Semineri<\/em>&#8216;dir, yoksul insanlar da Toplulu\u011fun \u00fcyeleridir, deneyim ise Tanr\u0131&#8217;n\u0131n Sevgisi olan Kutsal Ruh&#8217;un etkisi alt\u0131nda kalmakt\u0131r. <\/p>\n\n<div style=\"height:30px\" aria-hidden=\"true\" class=\"wp-block-spacer\"><\/div>\n\n<p>Kutsal Ruh&#8217;un d\u00f6k\u00fcl\u00fc\u015f\u00fcn\u00fc deneyimlemi\u015f olmak Magnificat Toplulu\u011funa ait olman\u0131n vazge\u00e7ilmez bir ko\u015fuludur.<\/p>\n\n<div style=\"height:30px\" aria-hidden=\"true\" class=\"wp-block-spacer\"><\/div>\n\n<p><strong>Yap\u0131s\u0131 <\/strong><strong><em>Seminer<\/em><\/strong><strong><\/strong><\/p>\n\n<p>Uzun y\u0131llar boyunca Topluluk, yakla\u015f\u0131k \u00fc\u00e7 ay s\u00fcren haftal\u0131k kurslardan \u00fc\u00e7 g\u00fcnl\u00fck yat\u0131l\u0131 kurslara kadar bir\u00e7ok farkl\u0131 form\u00fcl kullanarak y\u00fczlerce ve y\u00fczlerce seminer olu\u015fturdu, ancak onu ger\u00e7ekten ay\u0131ran \u015fey temel yap\u0131s\u0131d\u0131r: inanc\u0131n temel bir ilan\u0131 ve Ruh&#8217;un d\u00f6k\u00fclmesini almak i\u00e7in insanlar \u00fczerinde bir dua.<\/p>\n\n<div style=\"height:30px\" aria-hidden=\"true\" class=\"wp-block-spacer\"><\/div>\n\n<p>Basit ve ne\u015feli bir \u015fekilde duyurulan temalar <em>kerygma<\/em>&#8216;n\u0131n temalar\u0131d\u0131r:<\/p>\n\n<p>1. Tanr\u0131 sizi seviyor<\/p>\n\n<p>2. G\u00fcnah ve sonu\u00e7lar\u0131<\/p>\n\n<p>3. \u0130sa kurtulu\u015ftur<\/p>\n\n<p>4. \u0130sa Mesih Rab&#8217;dir<\/p>\n\n<p>5. Ruh&#8217;un vaadi<\/p>\n\n<div style=\"height:30px\" aria-hidden=\"true\" class=\"wp-block-spacer\"><\/div>\n\n<p>Topluluk \u00fcyeleri taraf\u0131ndan ilmihal yoluyla canland\u0131r\u0131lan toplant\u0131larda verilen bu kerygmatik duyurular, kat\u0131l\u0131mc\u0131lara d\u00f6k\u00fcm\u00fc almak i\u00e7in dua an\u0131na gelmeden \u00f6nce sunulan iki deneyimsel toplant\u0131 ile ku\u015fat\u0131lm\u0131\u015ft\u0131r.<\/p>\n\n<p><em>Engelleri Kald\u0131rmak<\/em> ba\u015fl\u0131kl\u0131 ilk b\u00f6l\u00fcm, seminer kat\u0131l\u0131mc\u0131lar\u0131n\u0131n Ruh&#8217;un faaliyetini engelleyebilecek engellerle y\u00fczle\u015fmelerine ve bunlar\u0131 ortadan kald\u0131rmalar\u0131na yard\u0131mc\u0131 olmay\u0131 ama\u00e7lamaktad\u0131r: affetmeme (kendine veya ba\u015fkalar\u0131na kar\u015f\u0131), <em>putperestlik<\/em>(b\u00fcy\u00fcl\u00fc uygulamalara veya ok\u00fclt d\u00fcnyaya ba\u015fvurma), d\u00fczensiz bir cinsel ya\u015fam, madde veya durum ba\u011f\u0131ml\u0131l\u0131\u011f\u0131&#8230;<\/p>\n\n<p><em>\u0130nan\u0131n ve D\u00f6n\u00fc\u015ft\u00fcr\u00fcn<\/em> ba\u015fl\u0131kl\u0131 ikinci ayin, t\u00f6vbe ayininde ya\u015fan\u0131r; bu ayinde ilmihal ve derinlemesine bir vicdan muhasebesinin ard\u0131ndan kat\u0131l\u0131mc\u0131lara <em>Uzla\u015fma Sakramentini<\/em> ya\u015fayarak Tanr\u0131&#8217;n\u0131n merhametine iman etme f\u0131rsat\u0131 verilir.<\/p>\n\n<div style=\"height:30px\" aria-hidden=\"true\" class=\"wp-block-spacer\"><\/div>\n\n<p><strong>Outpouring Duas\u0131<\/strong><\/p>\n\n<p>Kerygmatik bildirinin sonunda, Kutsal Ruh&#8217;un d\u00f6k\u00fclmesini almak isteyen t\u00fcm seminer kat\u0131l\u0131mc\u0131lar\u0131 i\u00e7in bir dua okunur ve bu duay\u0131 alan ki\u015filer i\u00e7in, insan say\u0131s\u0131 kadar sonsuz say\u0131da farkl\u0131 \u015fey ger\u00e7ekle\u015fir.\nAncak &#8211; her ki\u015fi i\u00e7in &#8211; kesin olan tek bir \u015fey vard\u0131r: &#8220;Tanr\u0131 orada ve beni seviyor!&#8221;. <\/p>\n\n<div style=\"height:30px\" aria-hidden=\"true\" class=\"wp-block-spacer\"><\/div>\n\n<p><strong>Teolojik Temeller<\/strong><\/p>\n\n<p><em>Kutsal Ruh&#8217;ta Yeni Ya\u015fam Semineri&#8217;<\/em> nin ve <em>Ruh&#8217;un d\u00f6k\u00fclmesi <\/em>deneyiminin teolojik do\u011fas\u0131n\u0131 anlamak i\u00e7in burada Peder Raniero Cantalamessa&#8217;n\u0131n iki belgesini sunuyoruz: 1980&#8217;lere dayanan konuyla ilgili \u00f6\u011fretilerinden birinin metni ve 2021 Lent&#8217; <em>inde<\/em> Papal\u0131k Hanesi&#8217;ne hitap etti\u011fi bir kate\u015fez.<\/p>\n\n<div style=\"height:30px\" aria-hidden=\"true\" class=\"wp-block-spacer\"><\/div>\n\n<div class=\"wp-block-file aligncenter\"><a id=\"wp-block-file--media-a06ef66b-4800-42d3-94fa-45ca800a6305\" href=\"https:\/\/comunitamagnificat.org\/wp-content\/uploads\/2021\/04\/Riflessioni-Teologiche-sulleffusione-padre-Raniero-Cantalamessa.pdf\"><strong>Ef\u00fczyon \u00fczerine teolojik d\u00fc\u015f\u00fcnceler &#8211; Peder Raniero Cantalamessa<\/strong><\/a><a href=\"https:\/\/comunitamagnificat.org\/wp-content\/uploads\/2021\/04\/Riflessioni-Teologiche-sulleffusione-padre-Raniero-Cantalamessa.pdf\" class=\"wp-block-file__button\" download=\"\" aria-describedby=\"wp-block-file--media-a06ef66b-4800-42d3-94fa-45ca800a6305\">\u0130ndir<\/a><\/div>\n\n<div style=\"height:30px\" aria-hidden=\"true\" class=\"wp-block-spacer\"><\/div>\n\n<div class=\"wp-block-columns is-layout-flex wp-container-core-columns-is-layout-9d6595d7 wp-block-columns-is-layout-flex\">\n<div class=\"wp-block-column is-layout-flow wp-block-column-is-layout-flow\" style=\"flex-basis:15%\"><\/div>\n\n\n\n<div class=\"wp-block-column is-layout-flow wp-block-column-is-layout-flow\" style=\"flex-basis:60%\">\n<figure class=\"wp-block-embed is-type-video is-provider-youtube wp-block-embed-youtube wp-embed-aspect-16-9 wp-has-aspect-ratio\"><div class=\"wp-block-embed__wrapper\"> \n<iframe loading=\"lazy\" title=\"Prima predica per la Quaresima del Card. Raniero Cantalamessa (26 febbraio 2021)\" width=\"500\" height=\"281\" src=\"https:\/\/www.youtube.com\/embed\/V93vCiATct4?feature=oembed\" frameborder=\"0\" allow=\"accelerometer; autoplay; clipboard-write; encrypted-media; gyroscope; picture-in-picture; web-share\" referrerpolicy=\"strict-origin-when-cross-origin\" allowfullscreen><\/iframe>\n <\/div><figcaption>p.\nRaniero Papal\u0131k Konutu&#8217;nda Kutsal Ruh&#8217;un d\u00f6k\u00fclmesi hakk\u0131nda konu\u015fuyor <\/figcaption><\/figure>\n<\/div>\n\n\n\n<div class=\"wp-block-column is-layout-flow wp-block-column-is-layout-flow\" style=\"flex-basis:15%\"><\/div>\n<\/div>\n\n<div style=\"height:50px\" aria-hidden=\"true\" class=\"wp-block-spacer\"><\/div>\n\n<p><\/p>\n","protected":false},"excerpt":{"rendered":"<p>Petrus h\u00e2l\u00e2 bunlar\u0131 s\u00f6yl\u00fcyordu,Kutsal Ruht\u00fcm bunlar\u0131n \u00fczerine indiS\u00f6z\u00fc dinleyenler El\u00e7ilerin \u0130\u015fleri 10, 44 Magnificat Toplulu\u011fu, kendi m\u00fcjdeleme deneyiminde, Petrus&#8217;un vaaz verdi\u011fi s\u0131rada Kornelius&#8217;un evinde ger\u00e7ekle\u015fen(El\u00e7ilerin \u0130\u015fleri 10:34-48) ya da Pavlus&#8217;un Efes&#8217;teki duyurusundan sonra(El\u00e7ilerin \u0130\u015fleri 19:1-7) Kutsal Ruh&#8217;un S\u00f6z\u00fc dinleyenlerin \u00fczerine g\u00f6zle g\u00f6r\u00fcl\u00fcr bir \u015fekilde inmesi gibi sahnelerin bir\u00e7ok kez tekrarland\u0131\u011f\u0131na tan\u0131k olmu\u015ftur. Kutsal Ruh&#8217;taki Yeni [&hellip;]<\/p>\n","protected":false},"author":3,"featured_media":11024,"parent":0,"menu_order":0,"comment_status":"closed","ping_status":"closed","template":"","meta":{"om_disable_all_campaigns":false,"_monsterinsights_skip_tracking":false,"_monsterinsights_sitenote_active":false,"_monsterinsights_sitenote_note":"","_monsterinsights_sitenote_category":0,"_uf_show_specific_survey":0,"_uf_disable_surveys":false,"footnotes":""},"class_list":["post-19279","page","type-page","status-publish","has-post-thumbnail","hentry"],"aioseo_notices":[],"_links":{"self":[{"href":"https:\/\/comunitamagnificat.org\/tr\/wp-json\/wp\/v2\/pages\/19279","targetHints":{"allow":["GET"]}}],"collection":[{"href":"https:\/\/comunitamagnificat.org\/tr\/wp-json\/wp\/v2\/pages"}],"about":[{"href":"https:\/\/comunitamagnificat.org\/tr\/wp-json\/wp\/v2\/types\/page"}],"author":[{"embeddable":true,"href":"https:\/\/comunitamagnificat.org\/tr\/wp-json\/wp\/v2\/users\/3"}],"replies":[{"embeddable":true,"href":"https:\/\/comunitamagnificat.org\/tr\/wp-json\/wp\/v2\/comments?post=19279"}],"version-history":[{"count":1,"href":"https:\/\/comunitamagnificat.org\/tr\/wp-json\/wp\/v2\/pages\/19279\/revisions"}],"predecessor-version":[{"id":19282,"href":"https:\/\/comunitamagnificat.org\/tr\/wp-json\/wp\/v2\/pages\/19279\/revisions\/19282"}],"wp:featuredmedia":[{"embeddable":true,"href":"https:\/\/comunitamagnificat.org\/tr\/wp-json\/wp\/v2\/media\/11024"}],"wp:attachment":[{"href":"https:\/\/comunitamagnificat.org\/tr\/wp-json\/wp\/v2\/media?parent=19279"}],"curies":[{"name":"wp","href":"https:\/\/api.w.org\/{rel}","templated":true}]}}