{"id":19296,"date":"2024-08-23T07:41:45","date_gmt":"2024-08-23T05:41:45","guid":{"rendered":"https:\/\/comunitamagnificat.org\/1979-tuzugu\/"},"modified":"2024-08-23T07:42:00","modified_gmt":"2024-08-23T05:42:00","slug":"1979-tuzugu","status":"publish","type":"page","link":"https:\/\/comunitamagnificat.org\/tr\/1979-tuzugu\/","title":{"rendered":"1979 T\u00fcz\u00fc\u011f\u00fc"},"content":{"rendered":"\n<div style=\"height:30px\" aria-hidden=\"true\" class=\"wp-block-spacer\"><\/div>\n\n<blockquote class=\"wp-block-quote is-layout-flow wp-block-quote-is-layout-flow\"><p><em><strong>Sana yasland\u0131m<\/strong><\/em><br\/><em><strong>annemin rahminden,<\/strong><\/em><br\/><em><strong>annemin rahminden<\/strong><\/em><br\/><em><strong>Sen benim deste\u011fimsin:<\/strong><\/em><br\/><em><strong>Sonsuz \u00f6vg\u00fclerim sana<\/strong><\/em><\/p><cite><em>Mezmurlar<\/em> 70, 6<\/cite><\/blockquote>\n\n<div style=\"height:30px\" aria-hidden=\"true\" class=\"wp-block-spacer\"><\/div>\n\n<div class=\"wp-block-image\"><figure class=\"aligncenter size-large is-resized\"><picture data-lightbox=\"https:\/\/comunitamagnificat.org\/wp-content\/uploads\/2021\/04\/1979.jpg\"><source type='image\/jpeg' srcset='https:\/\/comunitamagnificat.org\/wp-content\/uploads\/2021\/04\/1979.jpg 1748w, https:\/\/comunitamagnificat.org\/wp-content\/uploads\/2021\/04\/1979-211x300.jpg 211w, https:\/\/comunitamagnificat.org\/wp-content\/uploads\/2021\/04\/1979-722x1024.jpg 722w, https:\/\/comunitamagnificat.org\/wp-content\/uploads\/2021\/04\/1979-768x1090.jpg 768w, https:\/\/comunitamagnificat.org\/wp-content\/uploads\/2021\/04\/1979-1083x1536.jpg 1083w, https:\/\/comunitamagnificat.org\/wp-content\/uploads\/2021\/04\/1979-1444x2048.jpg 1444w' sizes='(max-width: 1748px) 100vw, 1748px' \/><img loading=\"lazy\" decoding=\"async\" src=\"https:\/\/comunitamagnificat.org\/wp-content\/uploads\/2021\/04\/1979-722x1024.jpg\" alt=\"\" class=\"wp-image-710\" width=\"379\" height=\"538\"\/><\/picture><figcaption><em>Onaylanan ilk t\u00fcz\u00fc\u011f\u00fcn ba\u015fl\u0131k sayfas\u0131<\/em><\/figcaption><\/figure><\/div>\n\n<div style=\"height:30px\" aria-hidden=\"true\" class=\"wp-block-spacer\"><\/div>\n\n<p>Perugia Ba\u015fpiskoposu Monseny\u00f6r Ferdinando Lambruschini ilk T\u00fcz\u00fc\u011f\u00fc imzalad\u0131\u011f\u0131nda, ilk karde\u015flerin Comunit\u00e0 Maria&#8217;dan &#8216;\u00e7\u0131kmalar\u0131n\u0131n&#8217; \u00fczerinden hen\u00fcz bir y\u0131l bile ge\u00e7memi\u015fti.\n\u00c7ok k\u0131sayd\u0131 ama esasen Rab&#8217;bin o ana kadar g\u00f6sterdikleriyle doluydu.\n1979 y\u0131l\u0131n\u0131n \u015eubat ay\u0131yd\u0131.  <\/p>\n\n<div style=\"height:30px\" aria-hidden=\"true\" class=\"wp-block-spacer\"><\/div>\n\n<p>\u0130\u015fte o metnin pdf&#8217;si:<\/p>\n\n<div class=\"wp-block-file aligncenter\"><a href=\"https:\/\/comunitamagnificat.org\/wp-content\/uploads\/2021\/04\/Statuto-22-febbraio-1979.pdf\"><strong>T\u00fcz\u00fck &#8211; 22 \u015eubat 1979<\/strong><\/a><a href=\"https:\/\/comunitamagnificat.org\/wp-content\/uploads\/2021\/04\/Statuto-22-febbraio-1979.pdf\" class=\"wp-block-file__button\" download=\"\">\u0130ndir<\/a><\/div>\n\n<p><\/p>\n","protected":false},"excerpt":{"rendered":"<p>Sana yasland\u0131mannemin rahminden,annemin rahmindenSen benim deste\u011fimsin:Sonsuz \u00f6vg\u00fclerim sana Mezmurlar 70, 6 Perugia Ba\u015fpiskoposu Monseny\u00f6r Ferdinando Lambruschini ilk T\u00fcz\u00fc\u011f\u00fc imzalad\u0131\u011f\u0131nda, ilk karde\u015flerin Comunit\u00e0 Maria&#8217;dan &#8216;\u00e7\u0131kmalar\u0131n\u0131n&#8217; \u00fczerinden hen\u00fcz bir y\u0131l bile ge\u00e7memi\u015fti. \u00c7ok k\u0131sayd\u0131 ama esasen Rab&#8217;bin o ana kadar g\u00f6sterdikleriyle doluydu. 1979 y\u0131l\u0131n\u0131n \u015eubat ay\u0131yd\u0131. \u0130\u015fte o metnin pdf&#8217;si:<\/p>\n","protected":false},"author":3,"featured_media":11300,"parent":0,"menu_order":0,"comment_status":"closed","ping_status":"closed","template":"","meta":{"om_disable_all_campaigns":false,"_monsterinsights_skip_tracking":false,"_monsterinsights_sitenote_active":false,"_monsterinsights_sitenote_note":"","_monsterinsights_sitenote_category":0,"_uf_show_specific_survey":0,"_uf_disable_surveys":false,"footnotes":""},"class_list":["post-19296","page","type-page","status-publish","has-post-thumbnail","hentry"],"aioseo_notices":[],"_links":{"self":[{"href":"https:\/\/comunitamagnificat.org\/tr\/wp-json\/wp\/v2\/pages\/19296","targetHints":{"allow":["GET"]}}],"collection":[{"href":"https:\/\/comunitamagnificat.org\/tr\/wp-json\/wp\/v2\/pages"}],"about":[{"href":"https:\/\/comunitamagnificat.org\/tr\/wp-json\/wp\/v2\/types\/page"}],"author":[{"embeddable":true,"href":"https:\/\/comunitamagnificat.org\/tr\/wp-json\/wp\/v2\/users\/3"}],"replies":[{"embeddable":true,"href":"https:\/\/comunitamagnificat.org\/tr\/wp-json\/wp\/v2\/comments?post=19296"}],"version-history":[{"count":1,"href":"https:\/\/comunitamagnificat.org\/tr\/wp-json\/wp\/v2\/pages\/19296\/revisions"}],"predecessor-version":[{"id":19298,"href":"https:\/\/comunitamagnificat.org\/tr\/wp-json\/wp\/v2\/pages\/19296\/revisions\/19298"}],"wp:featuredmedia":[{"embeddable":true,"href":"https:\/\/comunitamagnificat.org\/tr\/wp-json\/wp\/v2\/media\/11300"}],"wp:attachment":[{"href":"https:\/\/comunitamagnificat.org\/tr\/wp-json\/wp\/v2\/media?parent=19296"}],"curies":[{"name":"wp","href":"https:\/\/api.w.org\/{rel}","templated":true}]}}