{"id":19299,"date":"2024-08-23T07:41:49","date_gmt":"2024-08-23T05:41:49","guid":{"rendered":"https:\/\/comunitamagnificat.org\/1995-yasam-kurali\/"},"modified":"2024-08-23T07:42:00","modified_gmt":"2024-08-23T05:42:00","slug":"1995-yasam-kurali","status":"publish","type":"page","link":"https:\/\/comunitamagnificat.org\/tr\/1995-yasam-kurali\/","title":{"rendered":"1995 Ya\u015fam Kural\u0131"},"content":{"rendered":"\n<div style=\"height:30px\" aria-hidden=\"true\" class=\"wp-block-spacer\"><\/div>\n\n<blockquote class=\"wp-block-quote is-layout-flow wp-block-quote-is-layout-flow\"><p><em><strong>\u0130srail daha \u00e7ocukken<\/strong><\/em><br\/><em><strong>Onu sevdim.<\/strong><\/em><br\/><em><strong>ve M\u0131s\u0131r&#8217;dan o\u011flumu \u00e7a\u011f\u0131rd\u0131m<\/strong><\/em><\/p><cite><em>Ho\u015fea<\/em> 11, 1<\/cite><\/blockquote>\n\n<div style=\"height:30px\" aria-hidden=\"true\" class=\"wp-block-spacer\"><\/div>\n\n<div class=\"wp-block-image\"><figure class=\"aligncenter size-large is-resized\"><picture data-lightbox=\"https:\/\/comunitamagnificat.org\/wp-content\/uploads\/2021\/04\/1995.jpg\"><source type='image\/jpeg' srcset='https:\/\/comunitamagnificat.org\/wp-content\/uploads\/2021\/04\/1995.jpg 1748w, https:\/\/comunitamagnificat.org\/wp-content\/uploads\/2021\/04\/1995-211x300.jpg 211w, https:\/\/comunitamagnificat.org\/wp-content\/uploads\/2021\/04\/1995-722x1024.jpg 722w, https:\/\/comunitamagnificat.org\/wp-content\/uploads\/2021\/04\/1995-768x1090.jpg 768w, https:\/\/comunitamagnificat.org\/wp-content\/uploads\/2021\/04\/1995-1083x1536.jpg 1083w, https:\/\/comunitamagnificat.org\/wp-content\/uploads\/2021\/04\/1995-1444x2048.jpg 1444w' sizes='(max-width: 1748px) 100vw, 1748px' \/><img loading=\"lazy\" decoding=\"async\" src=\"https:\/\/comunitamagnificat.org\/wp-content\/uploads\/2021\/04\/1995-722x1024.jpg\" alt=\"\" class=\"wp-image-736\" width=\"370\" height=\"524\"\/><\/picture><figcaption>1995&#8217;te yay\u0131mlanan Ya\u015fam Kural\u0131&#8217;n\u0131n ba\u015fl\u0131k sayfas\u0131<\/figcaption><\/figure><\/div>\n\n<div style=\"height:30px\" aria-hidden=\"true\" class=\"wp-block-spacer\"><\/div>\n\n<p>On be\u015f y\u0131ldan fazla s\u00fcren topluluk ya\u015fam\u0131ndan sonra &#8211; &#8216;karde\u015f topluluklar&#8217; toplulu\u011fu yerine tek bir topluluk ger\u00e7ekli\u011fi haline gelmek i\u00e7in yap\u0131lan muhakemenin ard\u0131ndan &#8211; Toplulu\u011fa birlik ve istikrar kazand\u0131racak d\u00fczenleyici bir metin yazmak i\u00e7in<em>girdi<\/em> sa\u011flayan Perugia Ba\u015fpiskoposu Monseny\u00f6r Ennio Antonelli oldu.<\/p>\n\n<div style=\"height:30px\" aria-hidden=\"true\" class=\"wp-block-spacer\"><\/div>\n\n<p>Bu nedenle, Ocak 1994&#8217;te bir t\u00fcz\u00fck haz\u0131rlamak \u00fczere Topluluk \u00fcyelerinden olu\u015fan bir komisyon kurdu.<\/p>\n\n<div style=\"height:30px\" aria-hidden=\"true\" class=\"wp-block-spacer\"><\/div>\n\n<p>Bu \u00e7al\u0131\u015fman\u0131n sonunda, 15 Ekim 1995 tarihinde Ba\u015fpiskopos, Magnificat Toplulu\u011fu&#8217;nu <em>Kanon Yasas\u0131<\/em> &#8216;na uygun olarak <em>\u00f6zel bir inan\u00e7l\u0131lar birli\u011fi<\/em> olarak resmen tan\u0131d\u0131 ve ayn\u0131 zamanda Topluluk \u00fcyeleri taraf\u0131ndan bir <em>Ya\u015fam Kural\u0131<\/em> olarak adland\u0131r\u0131lan ve kabul edilen <em>T\u00fcz\u00fc\u011f\u00fcn\u00fc<\/em> onaylad\u0131.<\/p>\n\n<div style=\"height:30px\" aria-hidden=\"true\" class=\"wp-block-spacer\"><\/div>\n\n<p>\u0130\u015fte metin:<\/p>\n\n<div class=\"wp-block-file aligncenter\"><a href=\"https:\/\/comunitamagnificat.org\/wp-content\/uploads\/2021\/04\/Regola-di-Vita-15-ottobre-1995.pdf\"><strong>Ya\u015fam Kural\u0131 &#8211; 15 Ekim 1995<\/strong><\/a><a href=\"https:\/\/comunitamagnificat.org\/wp-content\/uploads\/2021\/04\/Regola-di-Vita-15-ottobre-1995.pdf\" class=\"wp-block-file__button\" download=\"\">\u0130ndir<\/a><\/div>\n\n<div style=\"height:50px\" aria-hidden=\"true\" class=\"wp-block-spacer\"><\/div>\n","protected":false},"excerpt":{"rendered":"<p>\u0130srail daha \u00e7ocukkenOnu sevdim.ve M\u0131s\u0131r&#8217;dan o\u011flumu \u00e7a\u011f\u0131rd\u0131m Ho\u015fea 11, 1 On be\u015f y\u0131ldan fazla s\u00fcren topluluk ya\u015fam\u0131ndan sonra &#8211; &#8216;karde\u015f topluluklar&#8217; toplulu\u011fu yerine tek bir topluluk ger\u00e7ekli\u011fi haline gelmek i\u00e7in yap\u0131lan muhakemenin ard\u0131ndan &#8211; Toplulu\u011fa birlik ve istikrar kazand\u0131racak d\u00fczenleyici bir metin yazmak i\u00e7ingirdi sa\u011flayan Perugia Ba\u015fpiskoposu Monseny\u00f6r Ennio Antonelli oldu. Bu nedenle, Ocak 1994&#8217;te [&hellip;]<\/p>\n","protected":false},"author":3,"featured_media":0,"parent":0,"menu_order":0,"comment_status":"closed","ping_status":"closed","template":"","meta":{"om_disable_all_campaigns":false,"_monsterinsights_skip_tracking":false,"_monsterinsights_sitenote_active":false,"_monsterinsights_sitenote_note":"","_monsterinsights_sitenote_category":0,"_uf_show_specific_survey":0,"_uf_disable_surveys":false,"footnotes":""},"class_list":["post-19299","page","type-page","status-publish","hentry"],"aioseo_notices":[],"_links":{"self":[{"href":"https:\/\/comunitamagnificat.org\/tr\/wp-json\/wp\/v2\/pages\/19299","targetHints":{"allow":["GET"]}}],"collection":[{"href":"https:\/\/comunitamagnificat.org\/tr\/wp-json\/wp\/v2\/pages"}],"about":[{"href":"https:\/\/comunitamagnificat.org\/tr\/wp-json\/wp\/v2\/types\/page"}],"author":[{"embeddable":true,"href":"https:\/\/comunitamagnificat.org\/tr\/wp-json\/wp\/v2\/users\/3"}],"replies":[{"embeddable":true,"href":"https:\/\/comunitamagnificat.org\/tr\/wp-json\/wp\/v2\/comments?post=19299"}],"version-history":[{"count":1,"href":"https:\/\/comunitamagnificat.org\/tr\/wp-json\/wp\/v2\/pages\/19299\/revisions"}],"predecessor-version":[{"id":19301,"href":"https:\/\/comunitamagnificat.org\/tr\/wp-json\/wp\/v2\/pages\/19299\/revisions\/19301"}],"wp:attachment":[{"href":"https:\/\/comunitamagnificat.org\/tr\/wp-json\/wp\/v2\/media?parent=19299"}],"curies":[{"name":"wp","href":"https:\/\/api.w.org\/{rel}","templated":true}]}}