{"id":19308,"date":"2024-08-23T07:42:04","date_gmt":"2024-08-23T05:42:04","guid":{"rendered":"https:\/\/comunitamagnificat.org\/yonetim-genel-hazine-ve-sekreterlik\/"},"modified":"2025-01-22T19:23:23","modified_gmt":"2025-01-22T18:23:23","slug":"yonetim-genel-hazine-ve-sekreterlik","status":"publish","type":"page","link":"https:\/\/comunitamagnificat.org\/tr\/yonetim-genel-hazine-ve-sekreterlik\/","title":{"rendered":"Y\u00f6netim, Genel Hazine ve Sekreterlik"},"content":{"rendered":"\n<div style=\"height:30px\" aria-hidden=\"true\" class=\"wp-block-spacer\"><\/div>\n\n<blockquote class=\"wp-block-quote is-layout-flow wp-block-quote-is-layout-flow\">\n<p><em><strong>Taahh\u00fcd\u00fcn\u00fczde sebat edin<\/strong><\/em><br\/><em><strong>ve kendinizi buna aday\u0131n,<\/strong><\/em><br\/><em><strong>i\u015finizi yaparken ya\u015flan\u0131n<\/strong><\/em><\/p>\n<cite><em>Sirak<\/em> 11, 20<\/cite><\/blockquote>\n\n<div style=\"height:30px\" aria-hidden=\"true\" class=\"wp-block-spacer\"><\/div>\n\n<p>Toplulu\u011fun hem \u0130talya&#8217;da hem de di\u011fer \u00fclkelerde \u00f6nemli bir geli\u015fme g\u00f6sterdi\u011fi y\u0131llarda, genel d\u00fczeyde baz\u0131 yap\u0131larla donat\u0131lmas\u0131 ka\u00e7\u0131n\u0131lmaz olmu\u015ftur.<\/p>\n\n<div style=\"height:30px\" aria-hidden=\"true\" class=\"wp-block-spacer\"><\/div>\n\n<p>Zaman s\u0131ras\u0131na g\u00f6re ilk resmile\u015ftirilen kurum Hazine olmu\u015ftur. <strong><em>Genel Sayman<\/em><\/strong>Giorgio Brustenga&#8217;n\u0131n \u015fahs\u0131nda &#8211; yetkinli\u011fi ve adanm\u0131\u015fl\u0131\u011f\u0131 nedeniyle &#8211; t\u00fcm topluluk idari y\u00f6n\u00fcn\u00fcn d\u00fczg\u00fcn bir \u015fekilde y\u00f6netilmesini sa\u011flamaya uzun y\u0131llar devam etmi\u015ftir.<\/p>\n\n<div style=\"height:30px\" aria-hidden=\"true\" class=\"wp-block-spacer\"><\/div>\n\n<p>Neredeyse ayn\u0131 zamanda, bir <strong><em>Sekreterlik<\/em><\/strong> T\u00fcm ileti\u015fim ve ar\u015fiv y\u00f6netimi ihtiya\u00e7lar\u0131n\u0131n yan\u0131 s\u0131ra topluluk etkinliklerinin organizasyonu i\u00e7in de hizmet vermektedir.<\/p>\n\n<div style=\"height:30px\" aria-hidden=\"true\" class=\"wp-block-spacer\"><\/div>\n\n<p>Bu organizasyonun son yap\u0131 ta\u015f\u0131 ise, T\u00fcrkiye&#8217;den bir <strong><em>Genel \u0130cra Direkt\u00f6r\u00fc<\/em><\/strong>Pier Giovanni Duranti&#8217;nin \u015fahs\u0131nda, genel m\u00fcd\u00fcrlerle yak\u0131n i\u015fbirli\u011fi i\u00e7inde, art\u0131k \u00e7ok karma\u015f\u0131k olan Magnificat Toplulu\u011fu&#8217;nun idari, mali, y\u00f6netsel ve \u00f6rg\u00fctsel y\u00f6netimi i\u00e7in gerekli her \u015feyi sa\u011flamaktad\u0131r.<\/p>\n\n<div style=\"height:30px\" aria-hidden=\"true\" class=\"wp-block-spacer\"><\/div>\n\n<p>M\u00fcd\u00fcr, Sayman ve Sekreterya&#8217;n\u0131n ofislerinin bulundu\u011fu operasyonel merkez, Cemaat&#8217;in merkezinde, gece g\u00fcnd\u00fcz \u0130sa&#8217;ya Efkaristiya ayininde tap\u0131n\u0131lan k\u00fc\u00e7\u00fck kilisenin hemen yan\u0131ndaki San Manno kompleksidir.<\/p>\n\n<div style=\"height:50px\" aria-hidden=\"true\" class=\"wp-block-spacer\"><\/div>\n\n<p><\/p>\n","protected":false},"excerpt":{"rendered":"<p>Taahh\u00fcd\u00fcn\u00fczde sebat edinve kendinizi buna aday\u0131n,i\u015finizi yaparken ya\u015flan\u0131n Sirak 11, 20 Toplulu\u011fun hem \u0130talya&#8217;da hem de di\u011fer \u00fclkelerde \u00f6nemli bir geli\u015fme g\u00f6sterdi\u011fi y\u0131llarda, genel d\u00fczeyde baz\u0131 yap\u0131larla donat\u0131lmas\u0131 ka\u00e7\u0131n\u0131lmaz olmu\u015ftur. Zaman s\u0131ras\u0131na g\u00f6re ilk resmile\u015ftirilen kurum Hazine olmu\u015ftur. Genel SaymanGiorgio Brustenga&#8217;n\u0131n \u015fahs\u0131nda &#8211; yetkinli\u011fi ve adanm\u0131\u015fl\u0131\u011f\u0131 nedeniyle &#8211; t\u00fcm topluluk idari y\u00f6n\u00fcn\u00fcn d\u00fczg\u00fcn bir \u015fekilde [&hellip;]<\/p>\n","protected":false},"author":3,"featured_media":10968,"parent":0,"menu_order":0,"comment_status":"closed","ping_status":"closed","template":"","meta":{"om_disable_all_campaigns":false,"_monsterinsights_skip_tracking":false,"_monsterinsights_sitenote_active":false,"_monsterinsights_sitenote_note":"","_monsterinsights_sitenote_category":0,"_uf_show_specific_survey":0,"_uf_disable_surveys":false,"footnotes":""},"class_list":["post-19308","page","type-page","status-publish","has-post-thumbnail","hentry"],"aioseo_notices":[],"_links":{"self":[{"href":"https:\/\/comunitamagnificat.org\/tr\/wp-json\/wp\/v2\/pages\/19308","targetHints":{"allow":["GET"]}}],"collection":[{"href":"https:\/\/comunitamagnificat.org\/tr\/wp-json\/wp\/v2\/pages"}],"about":[{"href":"https:\/\/comunitamagnificat.org\/tr\/wp-json\/wp\/v2\/types\/page"}],"author":[{"embeddable":true,"href":"https:\/\/comunitamagnificat.org\/tr\/wp-json\/wp\/v2\/users\/3"}],"replies":[{"embeddable":true,"href":"https:\/\/comunitamagnificat.org\/tr\/wp-json\/wp\/v2\/comments?post=19308"}],"version-history":[{"count":2,"href":"https:\/\/comunitamagnificat.org\/tr\/wp-json\/wp\/v2\/pages\/19308\/revisions"}],"predecessor-version":[{"id":22680,"href":"https:\/\/comunitamagnificat.org\/tr\/wp-json\/wp\/v2\/pages\/19308\/revisions\/22680"}],"wp:featuredmedia":[{"embeddable":true,"href":"https:\/\/comunitamagnificat.org\/tr\/wp-json\/wp\/v2\/media\/10968"}],"wp:attachment":[{"href":"https:\/\/comunitamagnificat.org\/tr\/wp-json\/wp\/v2\/media?parent=19308"}],"curies":[{"name":"wp","href":"https:\/\/api.w.org\/{rel}","templated":true}]}}