{"id":19311,"date":"2024-08-23T07:42:08","date_gmt":"2024-08-23T05:42:08","guid":{"rendered":"https:\/\/comunitamagnificat.org\/kilise-onaylari\/"},"modified":"2024-08-23T07:42:28","modified_gmt":"2024-08-23T05:42:28","slug":"kilise-onaylari","status":"publish","type":"page","link":"https:\/\/comunitamagnificat.org\/tr\/kilise-onaylari\/","title":{"rendered":"Kilise onaylar\u0131"},"content":{"rendered":"\n<div style=\"height:30px\" aria-hidden=\"true\" class=\"wp-block-spacer\"><\/div>\n\n<p>Bu sayfa, ba\u015flang\u0131c\u0131ndan g\u00fcn\u00fcm\u00fcze kadar Magnificat Toplulu\u011fu ve papazlar\u0131 aras\u0131ndaki verimli ve kutsanm\u0131\u015f ili\u015fkinin b\u00f6l\u00fcmlere ayr\u0131lm\u0131\u015f tarih\u00e7esine eri\u015fim sa\u011flamaktad\u0131r.<\/p>\n\n<div style=\"height:30px\" aria-hidden=\"true\" class=\"wp-block-spacer\"><\/div>\n\n<p><strong><span class=\"has-inline-color has-vivid-red-color\"><a href=\"https:\/\/comunitamagnificat.org\/tr\/1979-tuzugu\/\" data-type=\"page\" data-id=\"706\">1979 <em>T\u00fcz\u00fc\u011f\u00fc<\/em> <\/a><\/span><\/strong><\/p>\n\n<div style=\"height:30px\" aria-hidden=\"true\" class=\"wp-block-spacer\"><\/div>\n\n<p><strong><span class=\"has-inline-color has-vivid-red-color\"><a href=\"https:\/\/comunitamagnificat.org\/tr\/1995-yasam-kurali\/\" data-type=\"page\" data-id=\"722\">1995 <em>Ya\u015fam Kural\u0131<\/em> <\/a><\/span><\/strong><\/p>\n\n<div style=\"height:30px\" aria-hidden=\"true\" class=\"wp-block-spacer\"><\/div>\n\n<p><strong><span class=\"has-inline-color has-vivid-red-color\"><a href=\"https:\/\/comunitamagnificat.org\/la-regola-di-vita-del-2003\/\" data-type=\"page\" data-id=\"739\">2003 <em>T\u00fcz\u00fc\u011f\u00fc<\/em> <\/a><\/span><\/strong><\/p>\n\n<div style=\"height:30px\" aria-hidden=\"true\" class=\"wp-block-spacer\"><\/div>\n\n<p><strong><span class=\"has-inline-color has-vivid-red-color\"><a href=\"https:\/\/comunitamagnificat.org\/lo-statuto-del-2021\/\" data-type=\"page\" data-id=\"751\">2021 <em>T\u00fcz\u00fc\u011f\u00fc<\/em>&#8230;<\/a><\/span><\/strong><\/p>\n\n<div style=\"height:50px\" aria-hidden=\"true\" class=\"wp-block-spacer\"><\/div>\n","protected":false},"excerpt":{"rendered":"<p>Bu sayfa, ba\u015flang\u0131c\u0131ndan g\u00fcn\u00fcm\u00fcze kadar Magnificat Toplulu\u011fu ve papazlar\u0131 aras\u0131ndaki verimli ve kutsanm\u0131\u015f ili\u015fkinin b\u00f6l\u00fcmlere ayr\u0131lm\u0131\u015f tarih\u00e7esine eri\u015fim sa\u011flamaktad\u0131r. 1979 T\u00fcz\u00fc\u011f\u00fc 1995 Ya\u015fam Kural\u0131 2003 T\u00fcz\u00fc\u011f\u00fc 2021 T\u00fcz\u00fc\u011f\u00fc&#8230;<\/p>\n","protected":false},"author":3,"featured_media":10972,"parent":0,"menu_order":0,"comment_status":"closed","ping_status":"closed","template":"","meta":{"om_disable_all_campaigns":false,"_monsterinsights_skip_tracking":false,"_monsterinsights_sitenote_active":false,"_monsterinsights_sitenote_note":"","_monsterinsights_sitenote_category":0,"_uf_show_specific_survey":0,"_uf_disable_surveys":false,"footnotes":""},"class_list":["post-19311","page","type-page","status-publish","has-post-thumbnail","hentry"],"aioseo_notices":[],"_links":{"self":[{"href":"https:\/\/comunitamagnificat.org\/tr\/wp-json\/wp\/v2\/pages\/19311","targetHints":{"allow":["GET"]}}],"collection":[{"href":"https:\/\/comunitamagnificat.org\/tr\/wp-json\/wp\/v2\/pages"}],"about":[{"href":"https:\/\/comunitamagnificat.org\/tr\/wp-json\/wp\/v2\/types\/page"}],"author":[{"embeddable":true,"href":"https:\/\/comunitamagnificat.org\/tr\/wp-json\/wp\/v2\/users\/3"}],"replies":[{"embeddable":true,"href":"https:\/\/comunitamagnificat.org\/tr\/wp-json\/wp\/v2\/comments?post=19311"}],"version-history":[{"count":1,"href":"https:\/\/comunitamagnificat.org\/tr\/wp-json\/wp\/v2\/pages\/19311\/revisions"}],"predecessor-version":[{"id":19314,"href":"https:\/\/comunitamagnificat.org\/tr\/wp-json\/wp\/v2\/pages\/19311\/revisions\/19314"}],"wp:featuredmedia":[{"embeddable":true,"href":"https:\/\/comunitamagnificat.org\/tr\/wp-json\/wp\/v2\/media\/10972"}],"wp:attachment":[{"href":"https:\/\/comunitamagnificat.org\/tr\/wp-json\/wp\/v2\/media?parent=19311"}],"curies":[{"name":"wp","href":"https:\/\/api.w.org\/{rel}","templated":true}]}}