{"id":19323,"date":"2024-08-23T07:42:24","date_gmt":"2024-08-23T05:42:24","guid":{"rendered":"https:\/\/comunitamagnificat.org\/gorevler\/"},"modified":"2024-08-23T07:42:28","modified_gmt":"2024-08-23T05:42:28","slug":"gorevler","status":"publish","type":"page","link":"https:\/\/comunitamagnificat.org\/tr\/gorevler\/","title":{"rendered":"G\u00f6revler"},"content":{"rendered":"\n<div style=\"height:30px\" aria-hidden=\"true\" class=\"wp-block-spacer\"><\/div>\n\n<blockquote class=\"wp-block-quote is-layout-flow wp-block-quote-is-layout-flow\"><p><em><strong>Birlikte kald\u0131lar<\/strong><\/em><br\/><em><strong>b\u00fct\u00fcn bir y\u0131l o kilisede<\/strong><\/em><br\/><em><strong>ve bir\u00e7ok ki\u015fiye talimat verdi<\/strong><\/em><\/p><cite><em>El\u00e7ilerin \u0130\u015fleri<\/em> 11, 26<\/cite><\/blockquote>\n\n<div style=\"height:30px\" aria-hidden=\"true\" class=\"wp-block-spacer\"><\/div>\n\n<p>Magnificat Toplulu\u011funun ger\u00e7ekli\u011fi, Kutsal Ruh&#8217;un ilham\u0131 ve izniyle, Toplulu\u011fun hen\u00fcz mevcut olmad\u0131\u011f\u0131 yerlerde topluluk deneyiminin tan\u0131kl\u0131\u011f\u0131 yoluyla yava\u015f yava\u015f yay\u0131lm\u0131\u015ft\u0131r.<\/p>\n\n<div style=\"height:30px\" aria-hidden=\"true\" class=\"wp-block-spacer\"><\/div>\n\n<p>Bu &#8220;hareket&#8221; devam eder ve yeni bir Karde\u015fli\u011fin kurulmas\u0131na ilgi duyuldu\u011fu durumlarda Topluluk bir &#8220;misyon&#8221; ba\u015flat\u0131r.\nYerel ihtiya\u00e7lara g\u00f6re farkl\u0131 \u015fekillerde ger\u00e7ekle\u015febilse de, normalde misyon <em>Kutsal Ruh&#8217;ta Yeni Ya\u015fam Seminerini<\/em>, ard\u0131ndan temel bir H\u0131ristiyan formasyon kursunu &#8211; <em>\u00f6\u011frencilik<\/em> &#8211; ve daha sonra Toplulu\u011fun bir par\u00e7as\u0131 olmak i\u00e7in muhakemeye ba\u015flama davetiyle birlikte bir <em>Topluluk Okulunu<\/em> i\u00e7erir. <\/p>\n\n<div style=\"height:30px\" aria-hidden=\"true\" class=\"wp-block-spacer\"><\/div>\n\n<p>G\u00f6rev, sorumlular taraf\u0131ndan yeni ger\u00e7eklikle birlikte \u00e7al\u0131\u015fmaya ba\u015flayan, ona hizmet eden ve olas\u0131 topluluk mesle\u011finin ge\u00e7erlili\u011fini do\u011frulayan bir m\u00fcttefik ekibine emanet edilir.<\/p>\n\n<div style=\"height:50px\" aria-hidden=\"true\" class=\"wp-block-spacer\"><\/div>\n","protected":false},"excerpt":{"rendered":"<p>Birlikte kald\u0131larb\u00fct\u00fcn bir y\u0131l o kilisedeve bir\u00e7ok ki\u015fiye talimat verdi El\u00e7ilerin \u0130\u015fleri 11, 26 Magnificat Toplulu\u011funun ger\u00e7ekli\u011fi, Kutsal Ruh&#8217;un ilham\u0131 ve izniyle, Toplulu\u011fun hen\u00fcz mevcut olmad\u0131\u011f\u0131 yerlerde topluluk deneyiminin tan\u0131kl\u0131\u011f\u0131 yoluyla yava\u015f yava\u015f yay\u0131lm\u0131\u015ft\u0131r. Bu &#8220;hareket&#8221; devam eder ve yeni bir Karde\u015fli\u011fin kurulmas\u0131na ilgi duyuldu\u011fu durumlarda Topluluk bir &#8220;misyon&#8221; ba\u015flat\u0131r. Yerel ihtiya\u00e7lara g\u00f6re farkl\u0131 \u015fekillerde [&hellip;]<\/p>\n","protected":false},"author":3,"featured_media":10964,"parent":0,"menu_order":0,"comment_status":"closed","ping_status":"closed","template":"","meta":{"om_disable_all_campaigns":false,"_monsterinsights_skip_tracking":false,"_monsterinsights_sitenote_active":false,"_monsterinsights_sitenote_note":"","_monsterinsights_sitenote_category":0,"_uf_show_specific_survey":0,"_uf_disable_surveys":false,"footnotes":""},"class_list":["post-19323","page","type-page","status-publish","has-post-thumbnail","hentry"],"aioseo_notices":[],"_links":{"self":[{"href":"https:\/\/comunitamagnificat.org\/tr\/wp-json\/wp\/v2\/pages\/19323","targetHints":{"allow":["GET"]}}],"collection":[{"href":"https:\/\/comunitamagnificat.org\/tr\/wp-json\/wp\/v2\/pages"}],"about":[{"href":"https:\/\/comunitamagnificat.org\/tr\/wp-json\/wp\/v2\/types\/page"}],"author":[{"embeddable":true,"href":"https:\/\/comunitamagnificat.org\/tr\/wp-json\/wp\/v2\/users\/3"}],"replies":[{"embeddable":true,"href":"https:\/\/comunitamagnificat.org\/tr\/wp-json\/wp\/v2\/comments?post=19323"}],"version-history":[{"count":1,"href":"https:\/\/comunitamagnificat.org\/tr\/wp-json\/wp\/v2\/pages\/19323\/revisions"}],"predecessor-version":[{"id":19325,"href":"https:\/\/comunitamagnificat.org\/tr\/wp-json\/wp\/v2\/pages\/19323\/revisions\/19325"}],"wp:featuredmedia":[{"embeddable":true,"href":"https:\/\/comunitamagnificat.org\/tr\/wp-json\/wp\/v2\/media\/10964"}],"wp:attachment":[{"href":"https:\/\/comunitamagnificat.org\/tr\/wp-json\/wp\/v2\/media?parent=19323"}],"curies":[{"name":"wp","href":"https:\/\/api.w.org\/{rel}","templated":true}]}}