{"id":19338,"date":"2024-08-23T07:42:44","date_gmt":"2024-08-23T05:42:44","guid":{"rendered":"https:\/\/comunitamagnificat.org\/magnificat-vakfi-e-t-s\/"},"modified":"2024-08-23T07:42:54","modified_gmt":"2024-08-23T05:42:54","slug":"magnificat-vakfi-e-t-s","status":"publish","type":"page","link":"https:\/\/comunitamagnificat.org\/tr\/magnificat-vakfi-e-t-s\/","title":{"rendered":"Magnificat Vakf\u0131 E.T.S."},"content":{"rendered":"\n<div style=\"height:30px\" aria-hidden=\"true\" class=\"wp-block-spacer\"><\/div>\n\n<blockquote class=\"wp-block-quote is-layout-flow wp-block-quote-is-layout-flow\">\n<p><em><strong>Hay\u0131rseverlik arac\u0131l\u0131\u011f\u0131yla<\/strong><\/em><br\/><em><strong>birbirimize hizmet etmek<\/strong><\/em><\/p>\n<cite><em>Galatyal\u0131lar<\/em> 5, 13<\/cite><\/blockquote>\n\n<div style=\"height:30px\" aria-hidden=\"true\" class=\"wp-block-spacer\"><\/div>\n\n<p>Magnificat E.T.S. Vakf\u0131, Magnificat Toplulu\u011fu taraf\u0131ndan ba\u015flat\u0131lan bir dizi proje ve hay\u0131r i\u015fidir.<\/p>\n\n<div style=\"height:30px\" aria-hidden=\"true\" class=\"wp-block-spacer\"><\/div>\n\n<p>Bu kadar \u00e7ok hay\u0131rseverden gelen inan\u0131lmaz dayan\u0131\u015fma tepkisi, d\u00fcnyan\u0131n \u00e7e\u015fitli \u00fclkelerinde faaliyet g\u00f6steren b\u00fcy\u00fck bir projeye yasal do\u011fruluk ve \u015feffafl\u0131k kazand\u0131rmak i\u00e7in &#8216;kar amac\u0131 g\u00fctmeyen&#8217; bir kurulu\u015fun olu\u015fturulmas\u0131n\u0131 gerekli k\u0131ld\u0131.<\/p>\n\n<div style=\"height:30px\" aria-hidden=\"true\" class=\"wp-block-spacer\"><\/div>\n\n<p>Bug\u00fcn Magnificat Toplulu\u011fu&#8217;nun Misyonerleri ve \u00c7al\u0131\u015fanlar\u0131, Magnificat Vakf\u0131&#8217;n\u0131n kurumsal deste\u011fiyle, her bir projeyle ba\u015flang\u0131c\u0131ndan tamamlanmas\u0131na kadar bizzat ilgilenmekte ve onlara e\u015flik etmektedir.<\/p>\n\n<div style=\"height:30px\" aria-hidden=\"true\" class=\"wp-block-spacer\"><\/div>\n\n<p>Vak\u0131f, \u0130ncil&#8217;in mesaj\u0131 ve Katolik Kilisesi&#8217;nin \u00f6\u011fretilerine uygun olarak, derin bir Hristiyan ruhu i\u00e7inde, a\u015fa\u011f\u0131dakilere fayda sa\u011flamay\u0131 ama\u00e7layan sosyal dayan\u0131\u015fma ama\u00e7lar\u0131n\u0131n m\u00fcnhas\u0131ran takip edilmesi i\u00e7in medeni haklar\u0131n korunmas\u0131n\u0131 ama\u00e7lamaktad\u0131r: fiziksel, zihinsel, ekonomik, sosyal ve ailevi ko\u015fullar nedeniyle dezavantajl\u0131 ki\u015filer, \u00f6zellikle k\u00fc\u00e7\u00fckler; Madde 10&#8217;da belirtildi\u011fi \u00fczere insani yard\u0131mla s\u0131n\u0131rl\u0131 yabanc\u0131 topluluklar\u0131n \u00fcyeleri.\n10. paragraf 2. sat\u0131r\na) ve\nb) Kanun H\u00fckm\u00fcnde Kararname\n460\/97.    <\/p>\n\n<div style=\"height:30px\" aria-hidden=\"true\" class=\"wp-block-spacer\"><\/div>\n\n<p>Vakf\u0131n web sayfas\u0131nda Toplulu\u011fun hay\u0131rseverlik faaliyetleri hakk\u0131nda pek \u00e7ok bilgi bulabilirsiniz.<\/p>\n\n<div style=\"height:30px\" aria-hidden=\"true\" class=\"wp-block-spacer\"><\/div>\n\n<p><a href=\"http:\/\/www.fondazionemagnificat.org\"><\/a><a href=\"http:\/\/www.fondazionemagnificat.org\">www.fondazionemagnificat.org<\/a><\/p>\n\n<div style=\"height:50px\" aria-hidden=\"true\" class=\"wp-block-spacer\"><\/div>\n\n<p><\/p>\n","protected":false},"excerpt":{"rendered":"<p>Hay\u0131rseverlik arac\u0131l\u0131\u011f\u0131ylabirbirimize hizmet etmek Galatyal\u0131lar 5, 13 Magnificat E.T.S. Vakf\u0131, Magnificat Toplulu\u011fu taraf\u0131ndan ba\u015flat\u0131lan bir dizi proje ve hay\u0131r i\u015fidir. Bu kadar \u00e7ok hay\u0131rseverden gelen inan\u0131lmaz dayan\u0131\u015fma tepkisi, d\u00fcnyan\u0131n \u00e7e\u015fitli \u00fclkelerinde faaliyet g\u00f6steren b\u00fcy\u00fck bir projeye yasal do\u011fruluk ve \u015feffafl\u0131k kazand\u0131rmak i\u00e7in &#8216;kar amac\u0131 g\u00fctmeyen&#8217; bir kurulu\u015fun olu\u015fturulmas\u0131n\u0131 gerekli k\u0131ld\u0131. Bug\u00fcn Magnificat Toplulu\u011fu&#8217;nun Misyonerleri ve [&hellip;]<\/p>\n","protected":false},"author":3,"featured_media":10960,"parent":0,"menu_order":0,"comment_status":"closed","ping_status":"closed","template":"","meta":{"om_disable_all_campaigns":false,"_monsterinsights_skip_tracking":false,"_monsterinsights_sitenote_active":false,"_monsterinsights_sitenote_note":"","_monsterinsights_sitenote_category":0,"_uf_show_specific_survey":0,"_uf_disable_surveys":false,"footnotes":""},"class_list":["post-19338","page","type-page","status-publish","has-post-thumbnail","hentry"],"aioseo_notices":[],"_links":{"self":[{"href":"https:\/\/comunitamagnificat.org\/tr\/wp-json\/wp\/v2\/pages\/19338","targetHints":{"allow":["GET"]}}],"collection":[{"href":"https:\/\/comunitamagnificat.org\/tr\/wp-json\/wp\/v2\/pages"}],"about":[{"href":"https:\/\/comunitamagnificat.org\/tr\/wp-json\/wp\/v2\/types\/page"}],"author":[{"embeddable":true,"href":"https:\/\/comunitamagnificat.org\/tr\/wp-json\/wp\/v2\/users\/3"}],"replies":[{"embeddable":true,"href":"https:\/\/comunitamagnificat.org\/tr\/wp-json\/wp\/v2\/comments?post=19338"}],"version-history":[{"count":1,"href":"https:\/\/comunitamagnificat.org\/tr\/wp-json\/wp\/v2\/pages\/19338\/revisions"}],"predecessor-version":[{"id":19341,"href":"https:\/\/comunitamagnificat.org\/tr\/wp-json\/wp\/v2\/pages\/19338\/revisions\/19341"}],"wp:featuredmedia":[{"embeddable":true,"href":"https:\/\/comunitamagnificat.org\/tr\/wp-json\/wp\/v2\/media\/10960"}],"wp:attachment":[{"href":"https:\/\/comunitamagnificat.org\/tr\/wp-json\/wp\/v2\/media?parent=19338"}],"curies":[{"name":"wp","href":"https:\/\/api.w.org\/{rel}","templated":true}]}}