{"id":19344,"date":"2024-08-23T07:42:54","date_gmt":"2024-08-23T05:42:54","guid":{"rendered":"https:\/\/comunitamagnificat.org\/topluluk-a\/"},"modified":"2026-02-21T19:47:12","modified_gmt":"2026-02-21T18:47:12","slug":"topluluk-a","status":"publish","type":"page","link":"https:\/\/comunitamagnificat.org\/tr\/topluluk-a\/","title":{"rendered":"Topluluk a"},"content":{"rendered":"\n<div style=\"height:30px\" aria-hidden=\"true\" class=\"wp-block-spacer\"><\/div>\n\n<blockquote class=\"wp-block-quote is-layout-flow wp-block-quote-is-layout-flow\">\n<p><strong><em>Sesimi dinleyecekler ve tek bir s\u00fcr\u00fc, tek bir \u00e7oban olacaklar.<\/em><\/strong><\/p>\n<cite><em>Yuhanna<\/em> 10, 16<\/cite><\/blockquote>\n\n<div style=\"height:30px\" aria-hidden=\"true\" class=\"wp-block-spacer\"><\/div>\n\n<p>\u0130lk y\u0131llarda &#8220;bir&#8221; Magnificat Toplulu\u011fundan de\u011fil, &#8220;bir&#8221; Magnificat Toplulu\u011fundan s\u00f6z ediliyordu. Perugia&#8217;dan ba\u015flayarak \u00e7e\u015fitli yerlerde ortaya \u00e7\u0131kan her ger\u00e7eklik kendi ba\u015f\u0131na ya\u015fad\u0131 ve ayn\u0131 mesle\u011fi payla\u015fmas\u0131na ve di\u011ferleriyle bir\u00e7ok \u015feyi payla\u015fmas\u0131na ra\u011fmen, onlarla resmi bir birlikteli\u011fi yoktu; bu ancak 1991&#8217;de d\u00f6rt ya\u015fl\u0131 karde\u015fin lider olarak se\u00e7ilmesiyle geldi, toplulu\u011fun birli\u011finin bir i\u015fareti olarak; ancak bu ilk giri\u015fim ba\u015far\u0131s\u0131z oldu. <\/p>\n\n<div style=\"height:30px\" aria-hidden=\"true\" class=\"wp-block-spacer\"><\/div>\n\n<p>Bu yeni birlikte y\u00fcr\u00fcme bi\u00e7imine i\u00e7erik kazand\u0131racak bir t\u00fcz\u00fck hala eksikti ve 1995 y\u0131l\u0131nda, Monseny\u00f6r Ennio Antonelli&#8217;nin dikkatli y\u00f6netimi alt\u0131nda, Cemaat hem <em>inan\u00e7l\u0131 olmayanlar\u0131n \u00f6zel bir birli\u011fi<\/em> olarak tan\u0131nd\u0131 hem de <em>t\u00fcz\u00fck<\/em> onayland\u0131 ve ard\u0131ndan ilk be\u015f <em>genel y\u00f6netici<\/em> se\u00e7ildi. O zamandan bu yana Cemaat, bu organ\u0131 t\u00fcm Magnificat Cemaatinin birli\u011finin bir i\u015fareti olarak kabul etmi\u015ftir. <\/p>\n\n<div style=\"height:30px\" aria-hidden=\"true\" class=\"wp-block-spacer\"><\/div>\n\n<p>Bu g\u00f6revlerden esas olarak onlar sorumludur:<\/p>\n\n<div style=\"height:30px\" aria-hidden=\"true\" class=\"wp-block-spacer\"><\/div>\n\n<ul class=\"wp-block-list\">\n<li><em>Manevi miras\u0131n\u0131 aktararak Toplulu\u011fun hedeflerini ger\u00e7ekle\u015ftirmeyi ama\u00e7layan giri\u015fimler olu\u015fturmak;<\/em><\/li>\n\n\n\n<li><em>Y\u0131ll\u0131k B\u00fcy\u00fcme Yolunu haz\u0131rlay\u0131n;<\/em><\/li>\n\n\n\n<li><em>Toplulu\u011fun ama\u00e7lar\u0131na ula\u015fmak i\u00e7in gerekli t\u00fcm ola\u011fan ve ola\u011fan\u00fcst\u00fc y\u00f6netim eylemlerini ger\u00e7ekle\u015ftirmek;<\/em><\/li>\n\n\n\n<li><em>Karde\u015fliklerin ve olu\u015fum halindeki karde\u015fliklerin kurulmas\u0131na veya bast\u0131r\u0131lmas\u0131na karar vermek.<\/em><\/li>\n<\/ul>\n\n<div style=\"height:30px\" aria-hidden=\"true\" class=\"wp-block-spacer\"><\/div>\n\n<p>Genel M\u00fcd\u00fcrler, T\u00fcz\u00fckten ve Genel M\u00fcd\u00fcrlerin kendilerinden, t\u00fcm karde\u015fliklerin moderat\u00f6rlerinden, Genel Sayman&#8217;dan ve \u00fc\u00e7te biri i\u00e7in ya\u015fl\u0131lardan olu\u015fan Genel Kurul&#8217;un izlenecek genel ilkeler olarak belirledi\u011fi direktiflere g\u00f6re hareket ederler.<\/p>\n\n<p>Genel m\u00fcd\u00fcrlere yard\u0131mc\u0131 olmak \u00fczere, t\u00fcm Toplulu\u011fa hizmet veren ba\u015fka genel organlar da vard\u0131r:<\/p>\n\n<div style=\"height:30px\" aria-hidden=\"true\" class=\"wp-block-spacer\"><\/div>\n\n<ul class=\"wp-block-list\">\n<li><em>Dan\u0131\u015fmanlar Koleji<\/em><\/li>\n\n\n\n<li><em>Genel Ruhani Dan\u0131\u015fman<\/em><\/li>\n\n\n\n<li><em>Genel Hizmetler<\/em>: Gen\u00e7lik Ekibi, Ruhani E\u015flik, Agnus Dei M\u00fcttefikleri, \u00d6\u011frencilik, Antla\u015fma Olu\u015fumu, Koinonia, Misyonlar, M\u00fczik ve \u015eark\u0131 S\u00f6yleme<\/li>\n<\/ul>\n\n<div style=\"height:60px\" aria-hidden=\"true\" class=\"wp-block-spacer\"><\/div>\n","protected":false},"excerpt":{"rendered":"<p>Sesimi dinleyecekler ve tek bir s\u00fcr\u00fc, tek bir \u00e7oban olacaklar. Yuhanna 10, 16 \u0130lk y\u0131llarda &#8220;bir&#8221; Magnificat Toplulu\u011fundan de\u011fil, &#8220;bir&#8221; Magnificat Toplulu\u011fundan s\u00f6z ediliyordu. Perugia&#8217;dan ba\u015flayarak \u00e7e\u015fitli yerlerde ortaya \u00e7\u0131kan her ger\u00e7eklik kendi ba\u015f\u0131na ya\u015fad\u0131 ve ayn\u0131 mesle\u011fi payla\u015fmas\u0131na ve di\u011ferleriyle bir\u00e7ok \u015feyi payla\u015fmas\u0131na ra\u011fmen, onlarla resmi bir birlikteli\u011fi yoktu; bu ancak 1991&#8217;de d\u00f6rt ya\u015fl\u0131 [&hellip;]<\/p>\n","protected":false},"author":3,"featured_media":10944,"parent":0,"menu_order":0,"comment_status":"closed","ping_status":"closed","template":"","meta":{"om_disable_all_campaigns":false,"_monsterinsights_skip_tracking":false,"_monsterinsights_sitenote_active":false,"_monsterinsights_sitenote_note":"","_monsterinsights_sitenote_category":0,"_uf_show_specific_survey":0,"_uf_disable_surveys":false,"footnotes":""},"class_list":["post-19344","page","type-page","status-publish","has-post-thumbnail","hentry"],"aioseo_notices":[],"_links":{"self":[{"href":"https:\/\/comunitamagnificat.org\/tr\/wp-json\/wp\/v2\/pages\/19344","targetHints":{"allow":["GET"]}}],"collection":[{"href":"https:\/\/comunitamagnificat.org\/tr\/wp-json\/wp\/v2\/pages"}],"about":[{"href":"https:\/\/comunitamagnificat.org\/tr\/wp-json\/wp\/v2\/types\/page"}],"author":[{"embeddable":true,"href":"https:\/\/comunitamagnificat.org\/tr\/wp-json\/wp\/v2\/users\/3"}],"replies":[{"embeddable":true,"href":"https:\/\/comunitamagnificat.org\/tr\/wp-json\/wp\/v2\/comments?post=19344"}],"version-history":[{"count":7,"href":"https:\/\/comunitamagnificat.org\/tr\/wp-json\/wp\/v2\/pages\/19344\/revisions"}],"predecessor-version":[{"id":27244,"href":"https:\/\/comunitamagnificat.org\/tr\/wp-json\/wp\/v2\/pages\/19344\/revisions\/27244"}],"wp:featuredmedia":[{"embeddable":true,"href":"https:\/\/comunitamagnificat.org\/tr\/wp-json\/wp\/v2\/media\/10944"}],"wp:attachment":[{"href":"https:\/\/comunitamagnificat.org\/tr\/wp-json\/wp\/v2\/media?parent=19344"}],"curies":[{"name":"wp","href":"https:\/\/api.w.org\/{rel}","templated":true}]}}