{"id":19353,"date":"2024-08-23T07:43:27","date_gmt":"2024-08-23T05:43:27","guid":{"rendered":"https:\/\/comunitamagnificat.org\/kardeslik\/"},"modified":"2024-10-21T15:14:46","modified_gmt":"2024-10-21T13:14:46","slug":"kardeslik","status":"publish","type":"page","link":"https:\/\/comunitamagnificat.org\/tr\/kardeslik\/","title":{"rendered":"Karde\u015flik"},"content":{"rendered":"\n<div style=\"height:30px\" aria-hidden=\"true\" class=\"wp-block-spacer\"><\/div>\n\n<blockquote class=\"wp-block-quote is-layout-flow wp-block-quote-is-layout-flow\">\n<p><em><strong>\u0130man edenlerin b\u00fcy\u00fck \u00e7o\u011funlu\u011fu tek bir y\u00fcrek ve ruhta birle\u015fmi\u015fti.<\/strong><\/em><\/p>\n<cite><em>El\u00e7ilerin \u0130\u015fleri<\/em> 4:32<\/cite><\/blockquote>\n\n<div style=\"height:30px\" aria-hidden=\"true\" class=\"wp-block-spacer\"><\/div>\n\n<p>\u0130lk H\u0131ristiyanlar hakk\u0131nda, \u00e7ok basit ama anlaml\u0131 bir ifadeyle, <em>El\u00e7ilerin \u0130\u015fleri<\/em> bize onlar\u0131n &#8220;bir<em>arada durduklar\u0131n\u0131<\/em>&#8221; s\u00f6yler.\nMagnificat Toplulu\u011fu bunu en ba\u015f\u0131ndan beri kendili\u011finden deneyimlemi\u015ftir: \u0130sa herkesin ilgi oda\u011f\u0131ysa, ona yakla\u015fmak ka\u00e7\u0131n\u0131lmaz olarak bizi birbirimize yakla\u015ft\u0131r\u0131r, ayn\u0131 alan\u0131 payla\u015f\u0131r\u0131z ve ya\u015fam ortakla\u015f\u0131r; Ruh&#8217;un nefesi Toplulu\u011fu \u015fekillendirir ve canland\u0131r\u0131r. <\/p>\n\n<div style=\"height:30px\" aria-hidden=\"true\" class=\"wp-block-spacer\"><\/div>\n\n<p>Topluluk ya\u015fam\u0131n\u0131n ald\u0131\u011f\u0131 bi\u00e7im, b\u00f6lgesel olarak \u00e7ok geni\u015f olmayan bir alanda ya\u015fayan insanlardan olu\u015fan <strong>Karde\u015fliklerde<\/strong> somutla\u015f\u0131r.\nBu alan\u0131n geni\u015fli\u011fi bir mahalleye, bir kasabaya ya da bir belediyeye kar\u015f\u0131l\u0131k gelebilir; \u00f6zellikle de bir Karde\u015fli\u011fin kuruldu\u011fu ilk g\u00fcnlerde, insanlar\u0131n geldi\u011fi alan daha da geni\u015f olabilir. <\/p>\n\n<div style=\"height:30px\" aria-hidden=\"true\" class=\"wp-block-spacer\"><\/div>\n\n<p>Bir karde\u015fli\u011fin var olabilmesi i\u00e7in, somut olarak birbirlerini s\u0131k s\u0131k ziyaret etme ve Tanr\u0131 deneyimini birbirlerine iletme olana\u011f\u0131na sahip en az \u00fc\u00e7 m\u00fcttefikin olmas\u0131 gerekir.<\/p>\n\n<div style=\"height:30px\" aria-hidden=\"true\" class=\"wp-block-spacer\"><\/div>\n\n<p>Bir karde\u015flik kurumundaki topluluk deneyimini karakterize eden baz\u0131 vazge\u00e7ilmez unsurlar vard\u0131r:<\/p>\n\n<div style=\"height:30px\" aria-hidden=\"true\" class=\"wp-block-spacer\"><\/div>\n\n<p><strong><em>haftalik kari\u0307zmati\u0307k cemaat dua toplantisi<\/em><\/strong>;<br\/><strong><em>b\u00fcy\u00fcme yolu<\/em><\/strong>;<br\/><strong><em>Kutsal Ayin ve Efkaristiya Adoration&#8217;a ortak kat\u0131l\u0131m<\/em><\/strong>;<br\/><strong><em>toplum g\u00fcnleri ve inzivalar<\/em><\/strong><em><strong><br\/>Evanjelizasyon<\/strong><\/em>;<br\/><strong><em>hizmet<\/em><\/strong>.<\/p>\n\n<div style=\"height:30px\" aria-hidden=\"true\" class=\"wp-block-spacer\"><\/div>\n\n<div class=\"wp-block-columns is-layout-flex wp-container-core-columns-is-layout-9d6595d7 wp-block-columns-is-layout-flex\">\n<div class=\"wp-block-column is-layout-flow wp-block-column-is-layout-flow\"><\/div>\n\n\n\n<div class=\"wp-block-column is-layout-flow wp-block-column-is-layout-flow\">\n<figure class=\"wp-block-image size-large\"><picture data-lightbox=\"https:\/\/comunitamagnificat.org\/wp-content\/uploads\/2021\/04\/Gaudenzio-Ferrari-Il-concerto-degli-angeli-Santuario-di-Santa-Maria-delle-Grazie-Saronno-Milano.jpg\"><source type='image\/jpeg' srcset='https:\/\/comunitamagnificat.org\/wp-content\/uploads\/2021\/04\/Gaudenzio-Ferrari-Il-concerto-degli-angeli-Santuario-di-Santa-Maria-delle-Grazie-Saronno-Milano.jpg 1024w, https:\/\/comunitamagnificat.org\/wp-content\/uploads\/2021\/04\/Gaudenzio-Ferrari-Il-concerto-degli-angeli-Santuario-di-Santa-Maria-delle-Grazie-Saronno-Milano-300x200.jpg 300w, https:\/\/comunitamagnificat.org\/wp-content\/uploads\/2021\/04\/Gaudenzio-Ferrari-Il-concerto-degli-angeli-Santuario-di-Santa-Maria-delle-Grazie-Saronno-Milano-768x512.jpg 768w' sizes='(max-width: 1024px) 100vw, 1024px' \/><img loading=\"lazy\" decoding=\"async\" width=\"1024\" height=\"683\" src=\"https:\/\/comunitamagnificat.org\/wp-content\/uploads\/2021\/04\/Gaudenzio-Ferrari-Il-concerto-degli-angeli-Santuario-di-Santa-Maria-delle-Grazie-Saronno-Milano.jpg\" alt=\"\" class=\"wp-image-646\"\/><\/picture><\/figure>\n<\/div>\n\n\n\n<div class=\"wp-block-column is-layout-flow wp-block-column-is-layout-flow\"><\/div>\n<\/div>\n\n<p><strong>Haftal\u0131k karizmatik cemaat dua toplant\u0131s\u0131<\/strong><\/p>\n\n<p><br\/>Her \u015feyin merkezi buras\u0131d\u0131r: Tanr\u0131&#8217;n\u0131n huzurunda O&#8217;nu \u00f6vmek, O&#8217;na tap\u0131nmak, O&#8217;nun S\u00f6z\u00fcn\u00fc dinlemek, O&#8217;nun davetlerine koro halinde yan\u0131t vermek i\u00e7in ortak bir zaman ge\u00e7irmek. Bu, Katolik Karizmatik Yenilenme tarz\u0131nda Kutsal Ruh&#8217;un &#8216;y\u00f6netmen&#8217; olmas\u0131n\u0131n istendi\u011fi herkese a\u00e7\u0131k bir toplant\u0131d\u0131r: bu nedenle \u00f6nceden belirlenmi\u015f bir \u015fema yoktur, Rab&#8217;bin toplanan karde\u015flerin bedeninde ve her birinde diledi\u011fi gibi hareket etmesine izin verilir.<\/p>\n\n<div style=\"height:30px\" aria-hidden=\"true\" class=\"wp-block-spacer\"><\/div>\n\n<p>Bu toplant\u0131, El\u00e7i Pavlus&#8217;un Korintlilere yazd\u0131\u011f\u0131 ilk mektubun 12-14. b\u00f6l\u00fcmlerinde anlatt\u0131klar\u0131ndan esinlenmi\u015ftir.<\/p>\n\n<div style=\"height:30px\" aria-hidden=\"true\" class=\"wp-block-spacer\"><\/div>\n\n<p>Toplant\u0131y\u0131 karakterize eden, sadelik i\u00e7inde al\u0131nan ve haftalar boyunca s\u0131rayla okunan Tanr\u0131 S\u00f6z\u00fc, nadiren de olsa karde\u015fli\u011fe verilen ger\u00e7ek bir &#8216;Tanr\u0131 s\u00f6ylemi&#8217; olu\u015fturur ve toplulu\u011fun d\u00f6n\u00fc\u015f\u00fcm noktas\u0131n\u0131 veya odaklan\u0131lmas\u0131 gereken \u00f6nceli\u011fi g\u00f6sterir.<\/p>\n\n<div style=\"height:30px\" aria-hidden=\"true\" class=\"wp-block-spacer\"><\/div>\n\n<p>Bu deneyim, Toplulu\u011fa, bu t\u00fcr toplant\u0131larda Rab&#8217;bin Kendisiyle kar\u015f\u0131la\u015f\u0131lmas\u0131na nas\u0131l izin verdi\u011fini, \u00f6zellikle de ilk kez kat\u0131lanlar\u0131n, Tanr\u0131&#8217;n\u0131n o topluluktaki canl\u0131 varl\u0131\u011f\u0131n\u0131, konu\u015fmas\u0131n\u0131 ve hareket etmesini hissettiklerini g\u00f6sterdi.<\/p>\n\n<div style=\"height:30px\" aria-hidden=\"true\" class=\"wp-block-spacer\"><\/div>\n\n<div class=\"wp-block-columns is-layout-flex wp-container-core-columns-is-layout-9d6595d7 wp-block-columns-is-layout-flex\">\n<div class=\"wp-block-column is-layout-flow wp-block-column-is-layout-flow\"><\/div>\n\n\n\n<div class=\"wp-block-column is-layout-flow wp-block-column-is-layout-flow\">\n<figure class=\"wp-block-image size-large\"><picture data-lightbox=\"https:\/\/comunitamagnificat.org\/wp-content\/uploads\/2021\/04\/Cammino-1.jpg\"><source type='image\/jpeg' srcset='https:\/\/comunitamagnificat.org\/wp-content\/uploads\/2021\/04\/Cammino-1.jpg 1267w, https:\/\/comunitamagnificat.org\/wp-content\/uploads\/2021\/04\/Cammino-1-300x225.jpg 300w, https:\/\/comunitamagnificat.org\/wp-content\/uploads\/2021\/04\/Cammino-1-1024x768.jpg 1024w, https:\/\/comunitamagnificat.org\/wp-content\/uploads\/2021\/04\/Cammino-1-768x576.jpg 768w' sizes='(max-width: 1267px) 100vw, 1267px' \/><img loading=\"lazy\" decoding=\"async\" width=\"1024\" height=\"768\" src=\"https:\/\/comunitamagnificat.org\/wp-content\/uploads\/2021\/04\/Cammino-1-1024x768.jpg\" alt=\"\" class=\"wp-image-1283\"\/><\/picture><\/figure>\n<\/div>\n\n\n\n<div class=\"wp-block-column is-layout-flow wp-block-column-is-layout-flow\"><\/div>\n<\/div>\n\n<p><strong>B\u00fcy\u00fcmenin yolu<\/strong><\/p>\n\n<p>B\u00fcy\u00fcme yolu, Genel Liderler taraf\u0131ndan haz\u0131rlanan, Tanr\u0131 S\u00f6z\u00fc&#8217;n\u00fcn derinle\u015ftirilmesine ili\u015fkin ve ki\u015fisel ve topluluk ya\u015fam\u0131nda b\u00fcy\u00fcmeyi ama\u00e7layan ilmihallerin damgas\u0131n\u0131 vurdu\u011fu y\u0131ll\u0131k bir yolculuktur.\nB\u00fcy\u00fcme yolu, ya t\u00fcm Karde\u015fli\u011fin bir araya geldi\u011fi ya da Cenacle ad\u0131 verilen ve en fazla sekiz karde\u015ften olu\u015fan daha k\u00fc\u00e7\u00fck gruplarda ya\u015fanan periyodik toplant\u0131larda dile getirilir. <\/p>\n\n<div style=\"height:30px\" aria-hidden=\"true\" class=\"wp-block-spacer\"><\/div>\n\n<p>Y\u00fcr\u00fcy\u00fc\u015f toplant\u0131lar\u0131nda, Tanr\u0131&#8217;n\u0131n s\u00f6z\u00fc \u00fczerine d\u00fc\u015f\u00fcnceler payla\u015f\u0131larak ve ya\u015fam g\u00f6zden ge\u00e7irilerek y\u0131ll\u0131k tema derinle\u015ftirilir ve d\u00f6n\u00fc\u015f\u00fcm yolunda birbirimizi cesaretlendiririz.<\/p>\n\n<div style=\"height:30px\" aria-hidden=\"true\" class=\"wp-block-spacer\"><\/div>\n\n<p>Bu t\u00fcr kar\u015f\u0131la\u015fmalarda, \u00f6zellikle de daha k\u0131s\u0131tl\u0131 olanlarda, ki\u015fi kar\u015f\u0131l\u0131kl\u0131 tan\u0131\u015f\u0131kl\u0131k i\u00e7inde b\u00fcy\u00fcr ve g\u00fcven i\u00e7ine girer, kendini &#8211; orada s\u0131r olarak verilen \u015feylere ili\u015fkin g\u00f6zlemlemeye s\u00f6z verdi\u011fi gizlilik i\u00e7inde &#8211; giderek daha iyi tan\u0131maya a\u00e7ar, ta ki ki\u015fi ger\u00e7ekten <em>tek bir kalp ve tek bir ruh<\/em> haline gelene ve <em>her \u015feyi ortakla\u015ft\u0131rana<\/em> kadar.<\/p>\n\n<div style=\"height:30px\" aria-hidden=\"true\" class=\"wp-block-spacer\"><\/div>\n\n<p>Organize toplant\u0131lara ek olarak, Cemaat \u00fcyeleri, m\u00fcmk\u00fcn oldu\u011funca, g\u00fcnl\u00fck ya\u015famlar\u0131nda karde\u015fle\u015fmek ve topluluk ya\u015fam\u0131n\u0131 ne\u015feli hale getirmek, her insan\u0131 Mesih&#8217;in ya\u015fayan bir ta\u015f\u0131 ve konutu olarak kabul etmeyi \u00f6\u011frenmek i\u00e7in ba\u015fka f\u0131rsatlar ararlar.<\/p>\n\n<div style=\"height:30px\" aria-hidden=\"true\" class=\"wp-block-spacer\"><\/div>\n\n<div class=\"wp-block-columns is-layout-flex wp-container-core-columns-is-layout-9d6595d7 wp-block-columns-is-layout-flex\">\n<div class=\"wp-block-column is-layout-flow wp-block-column-is-layout-flow\"><\/div>\n\n\n\n<div class=\"wp-block-column is-layout-flow wp-block-column-is-layout-flow\">\n<figure class=\"wp-block-image size-large\"><picture data-lightbox=\"https:\/\/comunitamagnificat.org\/wp-content\/uploads\/2021\/04\/Messa-scaled.jpg\"><source type='image\/jpeg' srcset='https:\/\/comunitamagnificat.org\/wp-content\/uploads\/2021\/04\/Messa-scaled.jpg 2560w, https:\/\/comunitamagnificat.org\/wp-content\/uploads\/2021\/04\/Messa-300x199.jpg 300w, https:\/\/comunitamagnificat.org\/wp-content\/uploads\/2021\/04\/Messa-1024x681.jpg 1024w, https:\/\/comunitamagnificat.org\/wp-content\/uploads\/2021\/04\/Messa-768x511.jpg 768w, https:\/\/comunitamagnificat.org\/wp-content\/uploads\/2021\/04\/Messa-1536x1021.jpg 1536w, https:\/\/comunitamagnificat.org\/wp-content\/uploads\/2021\/04\/Messa-2048x1362.jpg 2048w' sizes='(max-width: 2560px) 100vw, 2560px' \/><img loading=\"lazy\" decoding=\"async\" width=\"1024\" height=\"681\" src=\"https:\/\/comunitamagnificat.org\/wp-content\/uploads\/2021\/04\/Messa-1024x681.jpg\" alt=\"\" class=\"wp-image-1286\"\/><\/picture><\/figure>\n<\/div>\n\n\n\n<div class=\"wp-block-column is-layout-flow wp-block-column-is-layout-flow\"><\/div>\n<\/div>\n\n<p><strong>Kutsal Ayin ve Efkaristiya Adoration&#8217;a ortak kat\u0131l\u0131m<\/strong><\/p>\n\n<p>Karde\u015flik kuranlar ki\u015fisel ve topluluk ya\u015famlar\u0131n\u0131 <em>\u0130sa ile <\/em>ve<em> \u0130sa \u00fczerine<\/em> in\u015fa edebileceklerini bilirler, bu nedenle her g\u00fcn Efkaristiya ayinine ve haftada en az bir kez Efkaristiya tap\u0131nmas\u0131na kat\u0131l\u0131rlar.<\/p>\n\n<div style=\"height:30px\" aria-hidden=\"true\" class=\"wp-block-spacer\"><\/div>\n\n<p>Ya\u015fad\u0131klar\u0131 yer bunu m\u00fcmk\u00fcn k\u0131l\u0131yorsa, bu iki an\u0131 ki\u015fisel &#8216;ibadet&#8217; olarak de\u011fil, daha b\u00fcy\u00fck bir bedenin, Karde\u015fli\u011fin bir par\u00e7as\u0131 olduklar\u0131n\u0131n bilinciyle ya\u015famaya \u00e7al\u0131\u015f\u0131rlar.\nBu nedenle Cemaatteki karde\u015flerinin \u00e7o\u011fuyla ayn\u0131 ayine kat\u0131lmay\u0131 tercih ederler. <\/p>\n\n<div style=\"height:30px\" aria-hidden=\"true\" class=\"wp-block-spacer\"><\/div>\n\n<p>Karde\u015fli\u011fin kendisi de haftal\u0131k Efkaristiya tap\u0131nmas\u0131 i\u00e7in kendi zaman\u0131na sahip olmay\u0131, bunu uygun bir \u015fekilde organize etmeyi ve canland\u0131rmay\u0131, herkese a\u00e7\u0131k olmay\u0131 ama\u00e7lamaktad\u0131r.<\/p>\n\n<div style=\"height:30px\" aria-hidden=\"true\" class=\"wp-block-spacer\"><\/div>\n\n<div class=\"wp-block-columns is-layout-flex wp-container-core-columns-is-layout-9d6595d7 wp-block-columns-is-layout-flex\">\n<div class=\"wp-block-column is-layout-flow wp-block-column-is-layout-flow\"><\/div>\n\n\n\n<div class=\"wp-block-column is-layout-flow wp-block-column-is-layout-flow\">\n<figure class=\"wp-block-image size-large\"><picture data-lightbox=\"https:\/\/comunitamagnificat.org\/wp-content\/uploads\/2021\/04\/Ritiri.jpg\"><source type='image\/jpeg' srcset='https:\/\/comunitamagnificat.org\/wp-content\/uploads\/2021\/04\/Ritiri.jpg 970w, https:\/\/comunitamagnificat.org\/wp-content\/uploads\/2021\/04\/Ritiri-300x111.jpg 300w, https:\/\/comunitamagnificat.org\/wp-content\/uploads\/2021\/04\/Ritiri-768x285.jpg 768w' sizes='(max-width: 970px) 100vw, 970px' \/><img loading=\"lazy\" decoding=\"async\" width=\"970\" height=\"360\" src=\"https:\/\/comunitamagnificat.org\/wp-content\/uploads\/2021\/04\/Ritiri.jpg\" alt=\"\" class=\"wp-image-1287\"\/><\/picture><\/figure>\n<\/div>\n\n\n\n<div class=\"wp-block-column is-layout-flow wp-block-column-is-layout-flow\"><\/div>\n<\/div>\n\n<p><strong>Topluluk g\u00fcnleri ve inzivalar<\/strong><\/p>\n\n<p>Karde\u015f\u00e7e ya\u015fam\u0131 ve ho\u015fg\u00f6r\u00fcy\u00fc te\u015fvik etmek i\u00e7in her bir karde\u015flik s\u0131k s\u0131k topluluk g\u00fcnleri ve y\u0131lda en az bir kez \u00fcye olmayanlara da a\u00e7\u0131k olan \u00e7ok g\u00fcnl\u00fck inzivalar d\u00fczenler.<\/p>\n\n<div style=\"height:30px\" aria-hidden=\"true\" class=\"wp-block-spacer\"><\/div>\n\n<p>Bu vesilelerle birlikte dua eder, Tanr\u0131 S\u00f6z\u00fc&#8217;n\u00fc dinler, Efkaristiya&#8217;y\u0131 kutlar, payla\u015f\u0131r ve birlikte yemek yeriz; &#8220;<em>el\u00e7ilerin \u00f6\u011fretisinde, payda\u015fl\u0131kta, ekmek k\u0131rmada ve duada<\/em>&#8221; sebat eden ilk H\u0131ristiyan toplulu\u011funu taklit ederiz<em>(El\u00e7ilerin \u0130\u015fleri<\/em> 2:42).<\/p>\n\n<div style=\"height:30px\" aria-hidden=\"true\" class=\"wp-block-spacer\"><\/div>\n\n<div class=\"wp-block-columns is-layout-flex wp-container-core-columns-is-layout-9d6595d7 wp-block-columns-is-layout-flex\">\n<div class=\"wp-block-column is-layout-flow wp-block-column-is-layout-flow\"><\/div>\n\n\n\n<div class=\"wp-block-column is-layout-flow wp-block-column-is-layout-flow\">\n<figure class=\"wp-block-image size-large\"><picture data-lightbox=\"https:\/\/comunitamagnificat.org\/wp-content\/uploads\/2021\/04\/Evangelizzazione-scaled.jpg\"><source type='image\/jpeg' srcset='https:\/\/comunitamagnificat.org\/wp-content\/uploads\/2021\/04\/Evangelizzazione-scaled.jpg 2560w, https:\/\/comunitamagnificat.org\/wp-content\/uploads\/2021\/04\/Evangelizzazione-300x169.jpg 300w, https:\/\/comunitamagnificat.org\/wp-content\/uploads\/2021\/04\/Evangelizzazione-1024x576.jpg 1024w, https:\/\/comunitamagnificat.org\/wp-content\/uploads\/2021\/04\/Evangelizzazione-768x432.jpg 768w, https:\/\/comunitamagnificat.org\/wp-content\/uploads\/2021\/04\/Evangelizzazione-1536x864.jpg 1536w, https:\/\/comunitamagnificat.org\/wp-content\/uploads\/2021\/04\/Evangelizzazione-2048x1152.jpg 2048w' sizes='(max-width: 2560px) 100vw, 2560px' \/><img loading=\"lazy\" decoding=\"async\" width=\"1024\" height=\"576\" src=\"https:\/\/comunitamagnificat.org\/wp-content\/uploads\/2021\/04\/Evangelizzazione-1024x576.jpg\" alt=\"\" class=\"wp-image-1288\"\/><\/picture><\/figure>\n<\/div>\n\n\n\n<div class=\"wp-block-column is-layout-flow wp-block-column-is-layout-flow\"><\/div>\n<\/div>\n\n<p><strong>Evangelizasyon<\/strong><\/p>\n\n<p>Cemaat T\u00fcz\u00fc\u011f\u00fcn\u00fcn <em>\u00d6ns\u00f6z\u00fcnde<\/em><em>&#8220;Cemaat yeni m\u00fcjdeleme i\u00e7in do\u011fmu\u015ftur<\/em>&#8221; denmektedir, bu nedenle Cemaat nerede ya\u015f\u0131yorsa, Karde\u015fliklerde, i\u015fte orada m\u00fcjdeleme yapar: karde\u015flik ya\u015fam\u0131n\u0131n tan\u0131kl\u0131\u011f\u0131yla, hedeflenen faaliyetlerle, ki\u015fiden ki\u015fiye tebli\u011fle.<\/p>\n\n<div style=\"height:30px\" aria-hidden=\"true\" class=\"wp-block-spacer\"><\/div>\n\n<p>Evangelizasyon &#8211; Karde\u015fli\u011fin bir &#8216;faaliyeti&#8217; olmaktan ziyade &#8211; Karde\u015fli\u011fin&#8230;\nKarde\u015fli\u011fin kendisidir! <\/p>\n\n<div style=\"height:30px\" aria-hidden=\"true\" class=\"wp-block-spacer\"><\/div>\n\n<div class=\"wp-block-columns is-layout-flex wp-container-core-columns-is-layout-9d6595d7 wp-block-columns-is-layout-flex\">\n<div class=\"wp-block-column is-layout-flow wp-block-column-is-layout-flow\"><\/div>\n\n\n\n<div class=\"wp-block-column is-layout-flow wp-block-column-is-layout-flow\">\n<figure class=\"wp-block-image size-large\"><picture data-lightbox=\"https:\/\/comunitamagnificat.org\/wp-content\/uploads\/2021\/04\/Servizio.jpg\"><source type='image\/jpeg' srcset='https:\/\/comunitamagnificat.org\/wp-content\/uploads\/2021\/04\/Servizio.jpg 628w, https:\/\/comunitamagnificat.org\/wp-content\/uploads\/2021\/04\/Servizio-300x225.jpg 300w' sizes='(max-width: 628px) 100vw, 628px' \/><img loading=\"lazy\" decoding=\"async\" width=\"628\" height=\"471\" src=\"https:\/\/comunitamagnificat.org\/wp-content\/uploads\/2021\/04\/Servizio.jpg\" alt=\"\" class=\"wp-image-1289\"\/><\/picture><\/figure>\n<\/div>\n\n\n\n<div class=\"wp-block-column is-layout-flow wp-block-column-is-layout-flow\"><\/div>\n<\/div>\n\n<p><strong>Hizmet<\/strong><\/p>\n\n<p>\u0130sa<em>&#8220;hizmet eden biri olarak<\/em>&#8221; kendi halk\u0131n\u0131n ortas\u0131nda durdu (Luka 22:27).\nOnun \u00f6rne\u011fini izleyen her m\u00fcttefik ve her karde\u015flik, Tanr\u0131&#8217;n\u0131n Krall\u0131\u011f\u0131n\u0131n in\u015fas\u0131 i\u00e7in herkesin hizmetinde d\u00fcnyan\u0131n ortas\u0131nda olmak ister. <\/p>\n\n<div style=\"height:30px\" aria-hidden=\"true\" class=\"wp-block-spacer\"><\/div>\n\n<p>\u0130lk hizmet alan\u0131 do\u011fal olarak Kilise&#8217;dir ve Karde\u015flik, ald\u0131\u011f\u0131 karizmalara g\u00f6re, ihtiya\u00e7 duydu\u011fu her \u015fey i\u00e7in papazlar\u0131na c\u00f6mert\u00e7e mevcudiyetini sunar.<\/p>\n\n<div style=\"height:30px\" aria-hidden=\"true\" class=\"wp-block-spacer\"><\/div>\n\n<p>Daha sonra, \u00f6zellikle m\u00fcjdeleme, pastoral bak\u0131m ve sevgi almak i\u00e7in kendisine ba\u015fvuran insanlar\u0131n bak\u0131m\u0131yla ilgili olarak Topluluk i\u00e7indeki t\u00fcm alan vard\u0131r.\nHer m\u00fcttefik, S\u00f6zle\u015fmede verilen taahh\u00fcde g\u00f6re, kendisine emanet edilen en az bir istikrarl\u0131 hizmet g\u00f6revini \u00fcstlenir. <\/p>\n\n<div style=\"height:50px\" aria-hidden=\"true\" class=\"wp-block-spacer\"><\/div>\n\n<div style=\"height:30px\" aria-hidden=\"true\" class=\"wp-block-spacer\"><\/div>\n","protected":false},"excerpt":{"rendered":"<p>\u0130man edenlerin b\u00fcy\u00fck \u00e7o\u011funlu\u011fu tek bir y\u00fcrek ve ruhta birle\u015fmi\u015fti. El\u00e7ilerin \u0130\u015fleri 4:32 \u0130lk H\u0131ristiyanlar hakk\u0131nda, \u00e7ok basit ama anlaml\u0131 bir ifadeyle, El\u00e7ilerin \u0130\u015fleri bize onlar\u0131n &#8220;birarada durduklar\u0131n\u0131&#8221; s\u00f6yler. Magnificat Toplulu\u011fu bunu en ba\u015f\u0131ndan beri kendili\u011finden deneyimlemi\u015ftir: \u0130sa herkesin ilgi oda\u011f\u0131ysa, ona yakla\u015fmak ka\u00e7\u0131n\u0131lmaz olarak bizi birbirimize yakla\u015ft\u0131r\u0131r, ayn\u0131 alan\u0131 payla\u015f\u0131r\u0131z ve ya\u015fam ortakla\u015f\u0131r; Ruh&#8217;un [&hellip;]<\/p>\n","protected":false},"author":3,"featured_media":10940,"parent":0,"menu_order":0,"comment_status":"closed","ping_status":"closed","template":"","meta":{"om_disable_all_campaigns":false,"_monsterinsights_skip_tracking":false,"_monsterinsights_sitenote_active":false,"_monsterinsights_sitenote_note":"","_monsterinsights_sitenote_category":0,"_uf_show_specific_survey":0,"_uf_disable_surveys":false,"footnotes":""},"class_list":["post-19353","page","type-page","status-publish","has-post-thumbnail","hentry"],"aioseo_notices":[],"_links":{"self":[{"href":"https:\/\/comunitamagnificat.org\/tr\/wp-json\/wp\/v2\/pages\/19353","targetHints":{"allow":["GET"]}}],"collection":[{"href":"https:\/\/comunitamagnificat.org\/tr\/wp-json\/wp\/v2\/pages"}],"about":[{"href":"https:\/\/comunitamagnificat.org\/tr\/wp-json\/wp\/v2\/types\/page"}],"author":[{"embeddable":true,"href":"https:\/\/comunitamagnificat.org\/tr\/wp-json\/wp\/v2\/users\/3"}],"replies":[{"embeddable":true,"href":"https:\/\/comunitamagnificat.org\/tr\/wp-json\/wp\/v2\/comments?post=19353"}],"version-history":[{"count":2,"href":"https:\/\/comunitamagnificat.org\/tr\/wp-json\/wp\/v2\/pages\/19353\/revisions"}],"predecessor-version":[{"id":21568,"href":"https:\/\/comunitamagnificat.org\/tr\/wp-json\/wp\/v2\/pages\/19353\/revisions\/21568"}],"wp:featuredmedia":[{"embeddable":true,"href":"https:\/\/comunitamagnificat.org\/tr\/wp-json\/wp\/v2\/media\/10940"}],"wp:attachment":[{"href":"https:\/\/comunitamagnificat.org\/tr\/wp-json\/wp\/v2\/media?parent=19353"}],"curies":[{"name":"wp","href":"https:\/\/api.w.org\/{rel}","templated":true}]}}