{"id":19357,"date":"2024-08-23T07:43:47","date_gmt":"2024-08-23T05:43:47","guid":{"rendered":"https:\/\/comunitamagnificat.org\/agnus-deinin-muttefikleri\/"},"modified":"2024-08-23T07:44:10","modified_gmt":"2024-08-23T05:44:10","slug":"agnus-deinin-muttefikleri","status":"publish","type":"page","link":"https:\/\/comunitamagnificat.org\/tr\/agnus-deinin-muttefikleri\/","title":{"rendered":"Agnus Dei&#8217;nin M\u00fcttefikleri"},"content":{"rendered":"\n<div style=\"height:30px\" aria-hidden=\"true\" class=\"wp-block-spacer\"><\/div>\n\n<blockquote class=\"wp-block-quote is-layout-flow wp-block-quote-is-layout-flow\"><p><em><strong>&#8230; kuzuyu nereye giderse gitsin takip edin<\/strong><\/em><\/p><cite><em>Vahiy <\/em>14, 4<\/cite><\/blockquote>\n\n<div style=\"height:30px\" aria-hidden=\"true\" class=\"wp-block-spacer\"><\/div>\n\n<p><em>Agnus Dei<\/em> <em>M\u00fcttefikleri<\/em>, Tanr\u0131&#8217;n\u0131n Krall\u0131k u\u011fruna evanjelik iffet \u00f6\u011f\u00fcd\u00fcn\u00fc ya\u015fama \u00e7a\u011fr\u0131s\u0131na \u00f6zg\u00fcrce ve \u00f6zel yeminle yan\u0131t veren m\u00fcttefik \u00fcyelerdir.\nKendi i\u015fleriyle kendilerini destekleyerek, Toplulu\u011fun misyonuna uygunluklar\u0131n\u0131 sunarlar. <\/p>\n\n<div style=\"height:50px\" aria-hidden=\"true\" class=\"wp-block-spacer\"><\/div>\n","protected":false},"excerpt":{"rendered":"<p>&#8230; kuzuyu nereye giderse gitsin takip edin Vahiy 14, 4 Agnus Dei M\u00fcttefikleri, Tanr\u0131&#8217;n\u0131n Krall\u0131k u\u011fruna evanjelik iffet \u00f6\u011f\u00fcd\u00fcn\u00fc ya\u015fama \u00e7a\u011fr\u0131s\u0131na \u00f6zg\u00fcrce ve \u00f6zel yeminle yan\u0131t veren m\u00fcttefik \u00fcyelerdir. Kendi i\u015fleriyle kendilerini destekleyerek, Toplulu\u011fun misyonuna uygunluklar\u0131n\u0131 sunarlar.<\/p>\n","protected":false},"author":3,"featured_media":10920,"parent":0,"menu_order":0,"comment_status":"closed","ping_status":"closed","template":"","meta":{"om_disable_all_campaigns":false,"_monsterinsights_skip_tracking":false,"_monsterinsights_sitenote_active":false,"_monsterinsights_sitenote_note":"","_monsterinsights_sitenote_category":0,"_uf_show_specific_survey":0,"_uf_disable_surveys":false,"footnotes":""},"class_list":["post-19357","page","type-page","status-publish","has-post-thumbnail","hentry"],"aioseo_notices":[],"_links":{"self":[{"href":"https:\/\/comunitamagnificat.org\/tr\/wp-json\/wp\/v2\/pages\/19357","targetHints":{"allow":["GET"]}}],"collection":[{"href":"https:\/\/comunitamagnificat.org\/tr\/wp-json\/wp\/v2\/pages"}],"about":[{"href":"https:\/\/comunitamagnificat.org\/tr\/wp-json\/wp\/v2\/types\/page"}],"author":[{"embeddable":true,"href":"https:\/\/comunitamagnificat.org\/tr\/wp-json\/wp\/v2\/users\/3"}],"replies":[{"embeddable":true,"href":"https:\/\/comunitamagnificat.org\/tr\/wp-json\/wp\/v2\/comments?post=19357"}],"version-history":[{"count":1,"href":"https:\/\/comunitamagnificat.org\/tr\/wp-json\/wp\/v2\/pages\/19357\/revisions"}],"predecessor-version":[{"id":19359,"href":"https:\/\/comunitamagnificat.org\/tr\/wp-json\/wp\/v2\/pages\/19357\/revisions\/19359"}],"wp:featuredmedia":[{"embeddable":true,"href":"https:\/\/comunitamagnificat.org\/tr\/wp-json\/wp\/v2\/media\/10920"}],"wp:attachment":[{"href":"https:\/\/comunitamagnificat.org\/tr\/wp-json\/wp\/v2\/media?parent=19357"}],"curies":[{"name":"wp","href":"https:\/\/api.w.org\/{rel}","templated":true}]}}