{"id":19364,"date":"2024-08-23T07:43:55","date_gmt":"2024-08-23T05:43:55","guid":{"rendered":"https:\/\/comunitamagnificat.org\/yapi\/"},"modified":"2024-08-23T07:44:20","modified_gmt":"2024-08-23T05:44:20","slug":"yapi","status":"publish","type":"page","link":"https:\/\/comunitamagnificat.org\/tr\/yapi\/","title":{"rendered":"Yap\u0131"},"content":{"rendered":"\n<div style=\"height:30px\" aria-hidden=\"true\" class=\"wp-block-spacer\"><\/div>\n\n<p>Her beden gibi Cemaat de d\u00fcnyada ayakta durmak ve y\u00fcr\u00fcmek i\u00e7in gerekli bir &#8216;\u00e7er\u00e7eveye&#8217; sahiptir.<\/p>\n\n<div style=\"height:30px\" aria-hidden=\"true\" class=\"wp-block-spacer\"><\/div>\n\n<p>Bu sayfa, bu gerekli &#8216;toplum iskeletini&#8217; g\u00f6stermeye \u00e7al\u0131\u015fan bir dizi i\u00e7eri\u011fe eri\u015fim sa\u011flamaktad\u0131r.<\/p>\n\n<div style=\"height:30px\" aria-hidden=\"true\" class=\"wp-block-spacer\"><\/div>\n\n<p><strong><span class=\"has-inline-color has-vivid-red-color\"><a href=\"https:\/\/comunitamagnificat.org\/regola-di-vita\/\" data-type=\"page\" data-id=\"638\"><\/a><a href=\"https:\/\/comunitamagnificat.org\/regola-di-vita\/\">Ya\u015fam kural\u0131<\/a><\/span><\/strong><\/p>\n\n<div style=\"height:30px\" aria-hidden=\"true\" class=\"wp-block-spacer\"><\/div>\n\n<p><strong><span class=\"has-inline-color has-vivid-red-color\"><a href=\"https:\/\/comunitamagnificat.org\/tr\/kardeslik\/\" data-type=\"page\" data-id=\"645\">Karde\u015flik<\/a><\/span><\/strong><\/p>\n\n<div style=\"height:30px\" aria-hidden=\"true\" class=\"wp-block-spacer\"><\/div>\n\n<p><strong><span class=\"has-inline-color has-vivid-red-color\"><a href=\"https:\/\/comunitamagnificat.org\/tr\/topluluk-a\/\" data-type=\"page\" data-id=\"661\">Topluluk a<\/a><\/span><\/strong><\/p>\n\n<div style=\"height:30px\" aria-hidden=\"true\" class=\"wp-block-spacer\"><\/div>\n\n<p><strong><span class=\"has-inline-color has-vivid-red-color\"><a href=\"https:\/\/comunitamagnificat.org\/tr\/yaslilar-ve-kehanet\/\" data-type=\"page\" data-id=\"669\">Ya\u015fl\u0131lar ve kehanet<\/a><\/span><\/strong><\/p>\n\n<div style=\"height:30px\" aria-hidden=\"true\" class=\"wp-block-spacer\"><\/div>\n\n<p><strong><span class=\"has-inline-color has-vivid-red-color\"><a href=\"https:\/\/comunitamagnificat.org\/tr\/meslektas-hukumeti\/\" data-type=\"page\" data-id=\"675\">Meslekta\u015f h\u00fck\u00fcmeti<\/a><\/span><\/strong><\/p>\n\n<div style=\"height:30px\" aria-hidden=\"true\" class=\"wp-block-spacer\"><\/div>\n\n<p><strong><span class=\"has-inline-color has-vivid-red-color\"><a href=\"https:\/\/comunitamagnificat.org\/tr\/genel-bakanliklar\/\" data-type=\"page\" data-id=\"680\">Genel Bakanl\u0131klar<\/a><\/span><\/strong><\/p>\n\n<div style=\"height:30px\" aria-hidden=\"true\" class=\"wp-block-spacer\"><\/div>\n\n<p><span class=\"has-inline-color has-vivid-red-color\"><a href=\"https:\/\/comunitamagnificat.org\/fondazione-magnificat-o-n-l-u-s\/\" data-type=\"page\" data-id=\"684\"><strong>Vak\u0131f<\/strong> <strong>Magnificat O.N.L.U.S.<\/strong><\/a><\/span><\/p>\n\n<div style=\"height:30px\" aria-hidden=\"true\" class=\"wp-block-spacer\"><\/div>\n\n<p><strong><span class=\"has-inline-color has-vivid-red-color\"><a href=\"https:\/\/comunitamagnificat.org\/tr\/gorevler\/\" data-type=\"page\" data-id=\"691\">G\u00f6revler<\/a><\/span><\/strong><\/p>\n\n<div style=\"height:30px\" aria-hidden=\"true\" class=\"wp-block-spacer\"><\/div>\n\n<p><strong><span class=\"has-inline-color has-vivid-red-color\"><a href=\"https:\/\/comunitamagnificat.org\/tr\/yonetim-genel-hazine-ve-sekreterlik\/\" data-type=\"page\" data-id=\"695\">Y\u00f6netim, Genel Hazine ve Sekreterlik<\/a><\/span><\/strong><\/p>\n\n<div style=\"height:50px\" aria-hidden=\"true\" class=\"wp-block-spacer\"><\/div>\n","protected":false},"excerpt":{"rendered":"<p>Her beden gibi Cemaat de d\u00fcnyada ayakta durmak ve y\u00fcr\u00fcmek i\u00e7in gerekli bir &#8216;\u00e7er\u00e7eveye&#8217; sahiptir. Bu sayfa, bu gerekli &#8216;toplum iskeletini&#8217; g\u00f6stermeye \u00e7al\u0131\u015fan bir dizi i\u00e7eri\u011fe eri\u015fim sa\u011flamaktad\u0131r. Ya\u015fam kural\u0131 Karde\u015flik Topluluk a Ya\u015fl\u0131lar ve kehanet Meslekta\u015f h\u00fck\u00fcmeti Genel Bakanl\u0131klar Vak\u0131f Magnificat O.N.L.U.S. G\u00f6revler Y\u00f6netim, Genel Hazine ve Sekreterlik<\/p>\n","protected":false},"author":3,"featured_media":10924,"parent":0,"menu_order":0,"comment_status":"closed","ping_status":"closed","template":"","meta":{"om_disable_all_campaigns":false,"_monsterinsights_skip_tracking":false,"_monsterinsights_sitenote_active":false,"_monsterinsights_sitenote_note":"","_monsterinsights_sitenote_category":0,"_uf_show_specific_survey":0,"_uf_disable_surveys":false,"footnotes":""},"class_list":["post-19364","page","type-page","status-publish","has-post-thumbnail","hentry"],"aioseo_notices":[],"_links":{"self":[{"href":"https:\/\/comunitamagnificat.org\/tr\/wp-json\/wp\/v2\/pages\/19364","targetHints":{"allow":["GET"]}}],"collection":[{"href":"https:\/\/comunitamagnificat.org\/tr\/wp-json\/wp\/v2\/pages"}],"about":[{"href":"https:\/\/comunitamagnificat.org\/tr\/wp-json\/wp\/v2\/types\/page"}],"author":[{"embeddable":true,"href":"https:\/\/comunitamagnificat.org\/tr\/wp-json\/wp\/v2\/users\/3"}],"replies":[{"embeddable":true,"href":"https:\/\/comunitamagnificat.org\/tr\/wp-json\/wp\/v2\/comments?post=19364"}],"version-history":[{"count":1,"href":"https:\/\/comunitamagnificat.org\/tr\/wp-json\/wp\/v2\/pages\/19364\/revisions"}],"predecessor-version":[{"id":19367,"href":"https:\/\/comunitamagnificat.org\/tr\/wp-json\/wp\/v2\/pages\/19364\/revisions\/19367"}],"wp:featuredmedia":[{"embeddable":true,"href":"https:\/\/comunitamagnificat.org\/tr\/wp-json\/wp\/v2\/media\/10924"}],"wp:attachment":[{"href":"https:\/\/comunitamagnificat.org\/tr\/wp-json\/wp\/v2\/media?parent=19364"}],"curies":[{"name":"wp","href":"https:\/\/api.w.org\/{rel}","templated":true}]}}