{"id":19366,"date":"2024-08-23T07:44:01","date_gmt":"2024-08-23T05:44:01","guid":{"rendered":"https:\/\/comunitamagnificat.org\/ortak-yasam-evleri\/"},"modified":"2024-08-23T07:44:11","modified_gmt":"2024-08-23T05:44:11","slug":"ortak-yasam-evleri","status":"publish","type":"page","link":"https:\/\/comunitamagnificat.org\/tr\/ortak-yasam-evleri\/","title":{"rendered":"Ortak ya\u015fam evleri"},"content":{"rendered":"\n<div style=\"height:30px\" aria-hidden=\"true\" class=\"wp-block-spacer\"><\/div>\n\n<blockquote class=\"wp-block-quote is-layout-flow wp-block-quote-is-layout-flow\"><p><strong><em>&#8230; birlikteydiler<\/em><\/strong><br\/><strong><em>ve her \u015feyleri ortakt\u0131.<\/em><\/strong><\/p><cite><em>El\u00e7ilerin \u0130\u015fleri <\/em>2, 44<\/cite><\/blockquote>\n\n<div style=\"height:30px\" aria-hidden=\"true\" class=\"wp-block-spacer\"><\/div>\n\n<p>Magnificat Toplulu\u011fu&#8217;ndaki ortak ya\u015fam\u0131n tarihi, 11 \u015eubat 1985&#8217;te kendine \u00f6zg\u00fc bir kimlikle ba\u015flad\u0131: Efkaristiya&#8217;y\u0131, Efkaristiya tap\u0131nmas\u0131n\u0131 merkezine almak.\nMagnificat Toplulu\u011fu&#8217;<em>nun<\/em> birlikte ya\u015famaya ba\u015flayan ilk m\u00fcttefikleri,<em>Tanr\u0131 Kuzusu&#8217;<\/em>na tapanlar olma \u00e7a\u011fr\u0131s\u0131n\u0131 memnuniyetle kar\u015f\u0131lad\u0131lar.\nVe Rab, zaman i\u00e7inde ger\u00e7ekle\u015fen her harekete varl\u0131\u011f\u0131yla e\u015flik etmek,<em>&#8220;\u00e7ad\u0131rdan \u00e7ad\u0131ra<\/em>&#8221; gitmek, yani birden fazla harekette k\u00fc\u00e7\u00fck ya\u015fam toplulu\u011fuyla birlikte hareket etmek istedi.\nPerugia&#8217;n\u0131n eteklerindeki Ferro di Cavallo&#8217;da, \u015fu anki cemaat evinde bile, Ba\u015fpiskopos Giuseppe Chiaretti, 2004 y\u0131l\u0131nda, dairenin k\u00fc\u00e7\u00fck \u015fapelinde tutulan Kutsal Ayin&#8217;in varl\u0131\u011f\u0131na izin verdi.   <\/p>\n\n<div style=\"height:30px\" aria-hidden=\"true\" class=\"wp-block-spacer\"><\/div>\n\n<p>Cemaat ya\u015fam\u0131 Ginette Girardet ve Fernanda (Wanda) Rossi ile birlikte, 15 Ekim 1984&#8217;ten bu yana g\u00fcnl\u00fck Efkaristiya Adoration i\u00e7in a\u00e7\u0131k olan Our Lady of Light Kilisesi&#8217;nin yak\u0131n\u0131nda ba\u015flad\u0131.<\/p>\n\n<div style=\"height:30px\" aria-hidden=\"true\" class=\"wp-block-spacer\"><\/div>\n\n<p>Wanda, Via del Poggio&#8217;daki eve 11 \u015eubat 1985&#8217;te (Lourdes&#8217;li Kutsal Bakire Meryem&#8217;in anma g\u00fcn\u00fc), d\u00f6nemin Perugia-Citt\u00e0 della Pieve Ba\u015fpiskoposu Monseny\u00f6r Cesare Pagani evi kutsad\u0131\u011f\u0131nda girdi.\nGinette birka\u00e7 g\u00fcn sonra oraya geldi. <\/p>\n\n<div style=\"height:30px\" aria-hidden=\"true\" class=\"wp-block-spacer\"><\/div>\n\n<p>Bu ortak ya\u015fam deneyiminin ba\u015flang\u0131c\u0131na rehberlik eden Peder Raniero Cantalamessa, on y\u0131l\u0131 a\u015fk\u0131n bir s\u00fcre boyunca referans noktas\u0131 olmu\u015ftur.<\/p>\n\n<div style=\"height:30px\" aria-hidden=\"true\" class=\"wp-block-spacer\"><\/div>\n\n<p>13 Aral\u0131k 1989&#8217;da Wanda, Ba\u015fpiskopos Ennio Antonelli&#8217;nin ellerinde \u00fc\u00e7 yeminle takdis edildi; bu takdis Ginette&#8217;in \u00f6zel yemininden sonra ger\u00e7ekle\u015fti.<\/p>\n\n<div style=\"height:30px\" aria-hidden=\"true\" class=\"wp-block-spacer\"><\/div>\n\n<p><strong>Ortak evde ya\u015fam<\/strong><\/p>\n\n<p>Cemaat m\u00fcttefiklerinin evde s\u00fcrd\u00fcrd\u00fckleri ya\u015fam, normal bir g\u00fcnl\u00fck rutin i\u00e7inde, sadelik ve a\u011f\u0131rba\u015fl\u0131l\u0131k i\u00e7inde, manevi ve maddi mallar\u0131n payla\u015f\u0131lmas\u0131yla ger\u00e7ekle\u015fir.<br\/>Magnificat Cemaat yolu taraf\u0131ndan \u00f6ng\u00f6r\u00fclen toplant\u0131lara ek olarak, evde Saatler Ayini ve ki\u015fisel dua zamanlar\u0131 gibi ortak dua zamanlar\u0131 da vard\u0131r.<br\/>Evin bak\u0131m\u0131, ev i\u015fleri ve \u00e7e\u015fitli hizmetlerdeki vardiyalarla birlikte evdeki t\u00fcm insanlar\u0131n sorumlulu\u011funa verilir: ki\u015finin ve evin d\u00fczeni b\u00f6ylece ki\u015finin ruhunun aynas\u0131, Tanr\u0131&#8217;n\u0131n ya\u015fad\u0131\u011f\u0131 yer haline gelir.<\/p>\n\n<div style=\"height:30px\" aria-hidden=\"true\" class=\"wp-block-spacer\"><\/div>\n\n<p>Evdeki insanlar\u0131n ya\u015fam\u0131 bir moderat\u00f6r taraf\u0131ndan koordine edilir.<\/p>\n\n<div style=\"height:50px\" aria-hidden=\"true\" class=\"wp-block-spacer\"><\/div>\n\n<p><\/p>\n","protected":false},"excerpt":{"rendered":"<p>&#8230; birlikteydilerve her \u015feyleri ortakt\u0131. El\u00e7ilerin \u0130\u015fleri 2, 44 Magnificat Toplulu\u011fu&#8217;ndaki ortak ya\u015fam\u0131n tarihi, 11 \u015eubat 1985&#8217;te kendine \u00f6zg\u00fc bir kimlikle ba\u015flad\u0131: Efkaristiya&#8217;y\u0131, Efkaristiya tap\u0131nmas\u0131n\u0131 merkezine almak. Magnificat Toplulu\u011fu&#8217;nun birlikte ya\u015famaya ba\u015flayan ilk m\u00fcttefikleri,Tanr\u0131 Kuzusu&#8217;na tapanlar olma \u00e7a\u011fr\u0131s\u0131n\u0131 memnuniyetle kar\u015f\u0131lad\u0131lar. Ve Rab, zaman i\u00e7inde ger\u00e7ekle\u015fen her harekete varl\u0131\u011f\u0131yla e\u015flik etmek,&#8220;\u00e7ad\u0131rdan \u00e7ad\u0131ra&#8221; gitmek, yani birden fazla [&hellip;]<\/p>\n","protected":false},"author":3,"featured_media":10916,"parent":0,"menu_order":0,"comment_status":"closed","ping_status":"closed","template":"","meta":{"om_disable_all_campaigns":false,"_monsterinsights_skip_tracking":false,"_monsterinsights_sitenote_active":false,"_monsterinsights_sitenote_note":"","_monsterinsights_sitenote_category":0,"_uf_show_specific_survey":0,"_uf_disable_surveys":false,"footnotes":""},"class_list":["post-19366","page","type-page","status-publish","has-post-thumbnail","hentry"],"aioseo_notices":[],"_links":{"self":[{"href":"https:\/\/comunitamagnificat.org\/tr\/wp-json\/wp\/v2\/pages\/19366","targetHints":{"allow":["GET"]}}],"collection":[{"href":"https:\/\/comunitamagnificat.org\/tr\/wp-json\/wp\/v2\/pages"}],"about":[{"href":"https:\/\/comunitamagnificat.org\/tr\/wp-json\/wp\/v2\/types\/page"}],"author":[{"embeddable":true,"href":"https:\/\/comunitamagnificat.org\/tr\/wp-json\/wp\/v2\/users\/3"}],"replies":[{"embeddable":true,"href":"https:\/\/comunitamagnificat.org\/tr\/wp-json\/wp\/v2\/comments?post=19366"}],"version-history":[{"count":1,"href":"https:\/\/comunitamagnificat.org\/tr\/wp-json\/wp\/v2\/pages\/19366\/revisions"}],"predecessor-version":[{"id":19369,"href":"https:\/\/comunitamagnificat.org\/tr\/wp-json\/wp\/v2\/pages\/19366\/revisions\/19369"}],"wp:featuredmedia":[{"embeddable":true,"href":"https:\/\/comunitamagnificat.org\/tr\/wp-json\/wp\/v2\/media\/10916"}],"wp:attachment":[{"href":"https:\/\/comunitamagnificat.org\/tr\/wp-json\/wp\/v2\/media?parent=19366"}],"curies":[{"name":"wp","href":"https:\/\/api.w.org\/{rel}","templated":true}]}}