{"id":19383,"date":"2024-08-23T07:45:11","date_gmt":"2024-08-23T05:45:11","guid":{"rendered":"https:\/\/comunitamagnificat.org\/iyilesme\/"},"modified":"2025-01-22T17:47:31","modified_gmt":"2025-01-22T16:47:31","slug":"iyilesme","status":"publish","type":"page","link":"https:\/\/comunitamagnificat.org\/tr\/iyilesme\/","title":{"rendered":"\u0130yile\u015fme"},"content":{"rendered":"\n<div style=\"height:30px\" aria-hidden=\"true\" class=\"wp-block-spacer\"><\/div>\n\n<blockquote class=\"wp-block-quote is-layout-flow wp-block-quote-is-layout-flow\">\n<p><strong><em>&#8230; beni yoksullara m\u00fcjde vermek, tutsaklar\u0131n sal\u0131verilece\u011fini, k\u00f6rlerin g\u00f6zlerinin a\u00e7\u0131laca\u011f\u0131n\u0131 duyurmak, ezilenleri \u00f6zg\u00fcrl\u00fc\u011fe kavu\u015fturmak, Rab&#8217;bin l\u00fctuf y\u0131l\u0131n\u0131 ilan etmek i\u00e7in g\u00f6nderdi.<\/em><\/strong><\/p>\n<cite><em>Luka <\/em>4:18-19<\/cite><\/blockquote>\n\n<div style=\"height:30px\" aria-hidden=\"true\" class=\"wp-block-spacer\"><\/div>\n\n<p>Cemaat, tarihinin ilk y\u0131llar\u0131ndan itibaren, \u00f6zellikle i\u00e7sel ve ruhsal \u015fifa olmak \u00fczere \u015fifa karizmalar\u0131n\u0131 kullanm\u0131\u015ft\u0131r.<\/p>\n\n<div style=\"height:30px\" aria-hidden=\"true\" class=\"wp-block-spacer\"><\/div>\n\n<p>Fiziksel ve ruhsal nedenlerle ac\u0131 \u00e7eken pek \u00e7ok karde\u015fimiz, her \u015feyden \u00f6nce dinlenmek ve anla\u015f\u0131lmak i\u00e7in Toplulu\u011fumuza ba\u015fvurmu\u015ftur. \u0130sa&#8217;n\u0131n kendisini \u00f6zde\u015fle\u015ftirdi\u011fini s\u00f6yledi\u011fi<em>&#8216;k\u00fc\u00e7\u00fck karde\u015fleri<\/em>&#8216;<em>(Matta<\/em> 25:31-45) onlar\u0131n i\u00e7inde tan\u0131yan Topluluk, <em>\u015eifa ve Kurtulu\u015f<\/em> <em>Hizmeti<\/em> olarak da bilinen <em>Teselli Hizmetini<\/em> ba\u015flatt\u0131. Hem haftal\u0131k olarak sunulan hizmette hem de Topluluk taraf\u0131ndan d\u00fczenlenen yat\u0131l\u0131 \u015fifa seminerlerinde \u00e7ok say\u0131da insan, ki\u015fisel tarihlerine girerek \u015fifa, kurtulu\u015f ve d\u00f6n\u00fc\u015f\u00fcm sa\u011flayan \u0130sa ile canl\u0131 olarak kar\u015f\u0131la\u015fabilmi\u015ftir. Bu hizmet faaliyetine zamanlar\u0131n\u0131 ba\u011f\u0131\u015flayanlar, kendilerinin de Eriha yolunda bir Samiriyeli taraf\u0131ndan al\u0131nan &#8216;yaral\u0131 bir \u015fifac\u0131&#8217; olduklar\u0131n\u0131n bilinciyle, insan\u0131n yaral\u0131 kalbine sayg\u0131 ve \u015fefkatle yakla\u015f\u0131rlar.   <\/p>\n\n<div style=\"height:50px\" aria-hidden=\"true\" class=\"wp-block-spacer\"><\/div>\n","protected":false},"excerpt":{"rendered":"<p>&#8230; beni yoksullara m\u00fcjde vermek, tutsaklar\u0131n sal\u0131verilece\u011fini, k\u00f6rlerin g\u00f6zlerinin a\u00e7\u0131laca\u011f\u0131n\u0131 duyurmak, ezilenleri \u00f6zg\u00fcrl\u00fc\u011fe kavu\u015fturmak, Rab&#8217;bin l\u00fctuf y\u0131l\u0131n\u0131 ilan etmek i\u00e7in g\u00f6nderdi. Luka 4:18-19 Cemaat, tarihinin ilk y\u0131llar\u0131ndan itibaren, \u00f6zellikle i\u00e7sel ve ruhsal \u015fifa olmak \u00fczere \u015fifa karizmalar\u0131n\u0131 kullanm\u0131\u015ft\u0131r. Fiziksel ve ruhsal nedenlerle ac\u0131 \u00e7eken pek \u00e7ok karde\u015fimiz, her \u015feyden \u00f6nce dinlenmek ve anla\u015f\u0131lmak i\u00e7in Toplulu\u011fumuza [&hellip;]<\/p>\n","protected":false},"author":3,"featured_media":10912,"parent":0,"menu_order":0,"comment_status":"closed","ping_status":"closed","template":"","meta":{"om_disable_all_campaigns":false,"_monsterinsights_skip_tracking":false,"_monsterinsights_sitenote_active":false,"_monsterinsights_sitenote_note":"","_monsterinsights_sitenote_category":0,"_uf_show_specific_survey":0,"_uf_disable_surveys":false,"footnotes":""},"class_list":["post-19383","page","type-page","status-publish","has-post-thumbnail","hentry"],"aioseo_notices":[],"_links":{"self":[{"href":"https:\/\/comunitamagnificat.org\/tr\/wp-json\/wp\/v2\/pages\/19383","targetHints":{"allow":["GET"]}}],"collection":[{"href":"https:\/\/comunitamagnificat.org\/tr\/wp-json\/wp\/v2\/pages"}],"about":[{"href":"https:\/\/comunitamagnificat.org\/tr\/wp-json\/wp\/v2\/types\/page"}],"author":[{"embeddable":true,"href":"https:\/\/comunitamagnificat.org\/tr\/wp-json\/wp\/v2\/users\/3"}],"replies":[{"embeddable":true,"href":"https:\/\/comunitamagnificat.org\/tr\/wp-json\/wp\/v2\/comments?post=19383"}],"version-history":[{"count":3,"href":"https:\/\/comunitamagnificat.org\/tr\/wp-json\/wp\/v2\/pages\/19383\/revisions"}],"predecessor-version":[{"id":22622,"href":"https:\/\/comunitamagnificat.org\/tr\/wp-json\/wp\/v2\/pages\/19383\/revisions\/22622"}],"wp:featuredmedia":[{"embeddable":true,"href":"https:\/\/comunitamagnificat.org\/tr\/wp-json\/wp\/v2\/media\/10912"}],"wp:attachment":[{"href":"https:\/\/comunitamagnificat.org\/tr\/wp-json\/wp\/v2\/media?parent=19383"}],"curies":[{"name":"wp","href":"https:\/\/api.w.org\/{rel}","templated":true}]}}