{"id":19390,"date":"2024-08-23T07:45:23","date_gmt":"2024-08-23T05:45:23","guid":{"rendered":"https:\/\/comunitamagnificat.org\/yasam-kurali\/"},"modified":"2025-01-22T18:14:53","modified_gmt":"2025-01-22T17:14:53","slug":"yasam-kurali","status":"publish","type":"page","link":"https:\/\/comunitamagnificat.org\/tr\/yasam-kurali\/","title":{"rendered":"Ya\u015fam Kural\u0131"},"content":{"rendered":"\n<div style=\"height:30px\" aria-hidden=\"true\" class=\"wp-block-spacer\"><\/div>\n\n<blockquote class=\"wp-block-quote is-layout-flow wp-block-quote-is-layout-flow\">\n<p><em><strong>Tanr\u0131n\u0131z Rab&#8217;bin yasas\u0131na uyun,<\/strong><\/em><br\/><em><strong>kendi yolunda ilerliyor<\/strong><\/em><br\/><em><strong>ve yasalar\u0131n\u0131 uygulamak,<\/strong><\/em><br\/><em><strong>onun emirleri,<\/strong><\/em><br\/><em><strong>kurallar\u0131 ve talimatlar\u0131,<\/strong><\/em><br\/><em><strong>Musa&#8217;n\u0131n Yasas\u0131&#8217;nda yaz\u0131l\u0131 oldu\u011fu gibi,<\/strong><\/em><br\/><em><strong>ba\u015far\u0131l\u0131 olman\u0131z i\u00e7in<\/strong><\/em><br\/><em><strong>yapt\u0131\u011f\u0131n\u0131z her \u015feyde<\/strong><\/em><br\/><em><strong>ve nereye d\u00f6nersen d\u00f6n<\/strong><\/em><\/p>\n<cite><em>1. Krallar Kitab\u0131<\/em> 2, 3<\/cite><\/blockquote>\n\n<div style=\"height:30px\" aria-hidden=\"true\" class=\"wp-block-spacer\"><\/div>\n<div class=\"wp-block-image\">\n<figure class=\"aligncenter size-large is-resized\"><picture data-lightbox=\"https:\/\/comunitamagnificat.org\/wp-content\/uploads\/2025\/01\/Copertina.jpg\"><source type='image\/jpeg' srcset='https:\/\/comunitamagnificat.org\/wp-content\/uploads\/2025\/01\/Copertina.jpg 1181w, https:\/\/comunitamagnificat.org\/wp-content\/uploads\/2025\/01\/Copertina-207x300.jpg 207w, https:\/\/comunitamagnificat.org\/wp-content\/uploads\/2025\/01\/Copertina-707x1024.jpg 707w, https:\/\/comunitamagnificat.org\/wp-content\/uploads\/2025\/01\/Copertina-768x1113.jpg 768w, https:\/\/comunitamagnificat.org\/wp-content\/uploads\/2025\/01\/Copertina-1060x1536.jpg 1060w' sizes='(max-width: 1181px) 100vw, 1181px' \/><img loading=\"lazy\" decoding=\"async\" width=\"707\" height=\"1024\" src=\"https:\/\/comunitamagnificat.org\/wp-content\/uploads\/2025\/01\/Copertina-707x1024.jpg\" alt=\"\" class=\"wp-image-22632\" style=\"width:317px;height:450px\"\/><\/picture><\/figure>\n<\/div>\n<div style=\"height:30px\" aria-hidden=\"true\" class=\"wp-block-spacer\"><\/div>\n\n<p>Magnificat Toplulu\u011fu, tan\u0131m\u0131n\u0131 ve ufkunu, tarihi boyunca olu\u015fan ve Magnificat Toplulu\u011fu olarak adland\u0131r\u0131lan toplulu\u011fu olu\u015fturan bir dizi metinde bulur <strong><em>Ya\u015fam Kural\u0131<\/em><\/strong>:<\/p>\n\n<div style=\"height:30px\" aria-hidden=\"true\" class=\"wp-block-spacer\"><\/div>\n\n<p><strong><em><br\/><br\/><br\/><br\/><br\/><br\/>Tarihsel arka plan \u00d6n a\u00e7\u0131klamalar \u00d6ns\u00f6z T\u00fcz\u00fck Kurallar Kutsanm\u0131\u015f ki\u015filer i\u00e7in kurallar Toplulukta ruhani refakate ili\u015fkin k\u0131lavuz ilkeler<\/em><\/strong><\/p>\n\n<div style=\"height:30px\" aria-hidden=\"true\" class=\"wp-block-spacer\"><\/div>\n\n<p>Magnificat <strong>Cemaatinin ilk kilise taraf\u0131ndan tan\u0131nmas\u0131yla<\/strong> do\u011fdu\u011fu 1978 y\u0131l\u0131ndan bu yana, cemaat ya\u015fam\u0131 giderek daha geni\u015f ve daha karma\u015f\u0131k alanlarda geli\u015firken, T\u00fcz\u00fc\u011f\u00fcn ve \u00e7e\u015fitli Y\u00f6netmeliklerin ortaya \u00e7\u0131kan yeni taleplere yan\u0131t vermesi ve &#8220;Tanr\u0131&#8217;n\u0131n r\u00fcyas\u0131n\u0131&#8221; Karde\u015fliklerin somut ya\u015fam\u0131nda cisimle\u015ftirmenin en do\u011fru ve verimli yollar\u0131n\u0131 g\u00f6stermesi gerekmi\u015ftir. <em>Ya\u015fam Kurallar\u0131<\/em> metinleri aras\u0131nda \u00f6zellikle <em>T\u00fcz\u00fc\u011f\u00fcn<\/em>, Toplulu\u011fun i\u00e7inde bulundu\u011fu de\u011fi\u015fen ko\u015fullar\u0131 kar\u015f\u0131lamak \u00fczere kademeli olarak iyile\u015ftirilmesi ve geni\u015fletilmesi gerekmi\u015ftir. Bu sayfa, 1979&#8217;dan g\u00fcn\u00fcm\u00fcze kadar \u00e7e\u015fitli b\u00f6l\u00fcmlerin bir hesab\u0131n\u0131 vermektedir.  <\/p>\n\n<div style=\"height:30px\" aria-hidden=\"true\" class=\"wp-block-spacer\"><\/div>\n\n<div class=\"wp-block-columns is-layout-flex wp-container-core-columns-is-layout-9d6595d7 wp-block-columns-is-layout-flex\">\n<div class=\"wp-block-column is-layout-flow wp-block-column-is-layout-flow\" style=\"flex-basis:15%\">\n<p class=\"has-text-align-right\"><strong>1979<\/strong><\/p>\n<\/div>\n\n\n\n<div class=\"wp-block-column is-layout-flow wp-block-column-is-layout-flow\" style=\"flex-basis:80%\">\n<p>Yetkili dini makam taraf\u0131ndan onaylanan, k\u0131sa ama \u00f6z\u00fcnde Rab&#8217;bin g\u00f6sterdikleriyle dolu <strong>ilk T\u00fcz\u00fck<\/strong>, Perugia Ba\u015fpiskoposu Monseny\u00f6r Ferdinando Lambruschini taraf\u0131ndan <strong>\u015eubat 1979<\/strong>&#8216;da imzalanm\u0131\u015ft\u0131r.<\/p>\n<\/div>\n<\/div>\n\n<div style=\"height:30px\" aria-hidden=\"true\" class=\"wp-block-spacer\"><\/div>\n\n<div class=\"wp-block-columns is-layout-flex wp-container-core-columns-is-layout-9d6595d7 wp-block-columns-is-layout-flex\">\n<div class=\"wp-block-column is-layout-flow wp-block-column-is-layout-flow\" style=\"flex-basis:15%\">\n<p class=\"has-text-align-right\"><strong>1980s<\/strong><\/p>\n<\/div>\n\n\n\n<div class=\"wp-block-column is-layout-flow wp-block-column-is-layout-flow\" style=\"flex-basis:80%\">\n<p>Bu ilk belgeden sonra, Cemaat kendisine daha esasl\u0131 bir <em>kural<\/em> koyma giri\u015fiminde bulundu ve bu \u00e7al\u0131\u015fmadan Cemaat deneyimini parantez i\u00e7inde ve manevi bir bi\u00e7imde toplayan, ancak hukuki olmayan bir kitap\u00e7\u0131k \u00e7\u0131kt\u0131. Bu kitap\u00e7\u0131k, kapa\u011f\u0131n\u0131n renginden dolay\u0131 Cemaatin haf\u0131zas\u0131nda <strong> <em>K\u0131rm\u0131z\u0131 Kural<\/em><\/strong> olarak kald\u0131, ancak tam da yaz\u0131ld\u0131\u011f\u0131 \u00fcslup nedeniyle kanonik onay almad\u0131. <\/p>\n<\/div>\n<\/div>\n\n<div style=\"height:30px\" aria-hidden=\"true\" class=\"wp-block-spacer\"><\/div>\n\n<div class=\"wp-block-columns is-layout-flex wp-container-core-columns-is-layout-9d6595d7 wp-block-columns-is-layout-flex\">\n<div class=\"wp-block-column is-layout-flow wp-block-column-is-layout-flow\" style=\"flex-basis:15%\">\n<p class=\"has-text-align-right\"><strong>1995<\/strong><\/p>\n<\/div>\n\n\n\n<div class=\"wp-block-column is-layout-flow wp-block-column-is-layout-flow\" style=\"flex-basis:80%\">\n<p>Perugia Ba\u015fpiskoposu Ennio Antonelli, Ocak 1994&#8217;te g\u00f6reve geldikten k\u0131sa bir s\u00fcre sonra, kanonik onay alabilecek bir T\u00fcz\u00fck haz\u0131rlamak i\u00e7in Cemaat \u00fcyelerinden olu\u015fan bir komisyon kurdu ve kendisinin de dahil oldu\u011fu bir bu\u00e7uk y\u0131ll\u0131k bir \u00e7al\u0131\u015fman\u0131n ard\u0131ndan, Magnificat Cemaatini <em>\u00f6zel bir inan\u00e7s\u0131zlar birli\u011fi<\/em> olarak tan\u0131d\u0131 ve T\u00fcz\u00fc\u011f\u00fcn\u00fc <strong>\u00fc\u00e7<\/strong> y\u0131ll\u0131\u011f\u0131na <strong> <em>ad experimentum<\/em><\/strong> olarak <strong>onaylad\u0131<\/strong>.<\/p>\n<\/div>\n<\/div>\n\n<div style=\"height:30px\" aria-hidden=\"true\" class=\"wp-block-spacer\"><\/div>\n\n<div class=\"wp-block-columns is-layout-flex wp-container-core-columns-is-layout-9d6595d7 wp-block-columns-is-layout-flex\">\n<div class=\"wp-block-column is-layout-flow wp-block-column-is-layout-flow\" style=\"flex-basis:15%\">\n<p class=\"has-text-align-right\"><strong>2003<\/strong><\/p>\n<\/div>\n\n\n\n<div class=\"wp-block-column is-layout-flow wp-block-column-is-layout-flow\" style=\"flex-basis:80%\">\n<p>2003 y\u0131l\u0131nda &#8211; Toplulu\u011fun bile\u015fen b\u00f6lgelerinden biriyle derin bir b\u00f6l\u00fcnme ya\u015fad\u0131\u011f\u0131 bir krizin ortas\u0131nda &#8211; Perugia Ba\u015fpiskoposu Giuseppe Chiaretti, T\u00fcz\u00fc\u011f\u00fc g\u00f6zden ge\u00e7irmek \u00fczere yeni bir komisyon kurdu. Tam da bu komisyonun \u00e7al\u0131\u015fmalar\u0131n\u0131n son a\u015famas\u0131nda, 2004 sonbahar\u0131nda, \u0130htiyarlar Heyeti yeni metni oylamaya haz\u0131rlan\u0131rken, neredeyse t\u00fcm Foggia b\u00f6lgesiyle olan ayr\u0131l\u0131k, tam da Kural&#8217;\u0131n yaz\u0131m\u0131yla ilgili bir sorun nedeniyle sona erdi. Ba\u015fpiskopos&#8217;un te\u015fvikiyle<strong>metin<\/strong> o y\u0131l\u0131n <strong>24 Aral\u0131k tarihinde<\/strong><strong>onayland\u0131<\/strong>.  <\/p>\n<\/div>\n<\/div>\n\n<div style=\"height:30px\" aria-hidden=\"true\" class=\"wp-block-spacer\"><\/div>\n\n<div class=\"wp-block-columns is-layout-flex wp-container-core-columns-is-layout-9d6595d7 wp-block-columns-is-layout-flex\">\n<div class=\"wp-block-column is-layout-flow wp-block-column-is-layout-flow\" style=\"flex-basis:15%\">\n<p class=\"has-text-align-right\"><strong>2013-2022<\/strong><\/p>\n<\/div>\n\n\n\n<div class=\"wp-block-column is-layout-flow wp-block-column-is-layout-flow\" style=\"flex-basis:80%\">\n<p>Takip eden y\u0131llarda Topluluk daha da b\u00fcy\u00fcm\u00fc\u015f, bu kez \u0130talya s\u0131n\u0131rlar\u0131n\u0131 a\u015fm\u0131\u015f ve topluluk deneyimini farkl\u0131 k\u0131talara, di\u011fer uluslara ta\u015f\u0131maya ba\u015flam\u0131\u015ft\u0131r.\nBu geli\u015fime yan\u0131t olarak Perugia Ba\u015fpiskoposu Gualtiero Bassetti, 2013 y\u0131l\u0131nda Toplulu\u011fu, <em>Papal\u0131k Laiklik Konseyi&#8217;<\/em>nden ger\u00e7ekli\u011finin tan\u0131nmas\u0131n\u0131 talep etmeye \u00e7a\u011f\u0131rd\u0131 ve ayn\u0131 zamanda Toplulu\u011fun b\u00fcy\u00fcmesine uyarlamak i\u00e7in T\u00fcz\u00fc\u011f\u00fc yeniden yazmak \u00fczere bir komisyon kurdu. <\/p>\n\n\n\n<p>Yeni komisyonun \u00e7al\u0131\u015fmalar\u0131 \u00e7ok kapsaml\u0131yd\u0131 ve t\u00fcm m\u00fcttefikleri d\u00fc\u015f\u00fcnceye dahil etmeyi ama\u00e7l\u0131yordu. Uzun y\u0131llar, uzun d\u00fc\u015f\u00fcnceler, kar\u015f\u0131la\u015ft\u0131rmalar, dualar, d\u0131\u015f isti\u015fareler ve oylamalardan sonra, 2020 sonbahar\u0131nda, Topluluk onay i\u00e7in ortak bir metni <em>Laiklik, Aile ve Ya\u015fam Manast\u0131r\u0131na<\/em> sundu ve onaylanabilecek bir metne ula\u015fmak i\u00e7in bir diyalog ba\u015flad\u0131. <\/p>\n<\/div>\n<\/div>\n\n<div style=\"height:30px\" aria-hidden=\"true\" class=\"wp-block-spacer\"><\/div>\n\n<div class=\"wp-block-columns is-layout-flex wp-container-core-columns-is-layout-9d6595d7 wp-block-columns-is-layout-flex\">\n<div class=\"wp-block-column is-layout-flow wp-block-column-is-layout-flow\" style=\"flex-basis:15%\">\n<p class=\"has-text-align-right\"><strong>2023-2024<\/strong><\/p>\n<\/div>\n\n\n\n<div class=\"wp-block-column is-layout-flow wp-block-column-is-layout-flow\" style=\"flex-basis:66.66%\">\n<p>8 Aral\u0131k 2023 tarihinde, ilk kilise onay\u0131ndan tam k\u0131rk be\u015f y\u0131l sonra, Kardinal <strong>Kevin J. Farrell<\/strong><em><strong>Laiklik, Aile ve Ya\u015fam Manast\u0131r\u0131<\/strong><\/em>imzalad\u0131. <strong><em>Tan\u0131ma Kararnamesi<\/em><\/strong> Magnificat Toplulu\u011fu&#8217;nun <em>\u00f6zel bir uluslararas\u0131 inan\u00e7 birli\u011fi<\/em> olarak kurulmas\u0131n\u0131 onaylam\u0131\u015f ve ayr\u0131ca <em><strong>T\u00fcz\u00fck<\/strong><\/em><em>ad experimentum<\/em>, be\u015f y\u0131l boyunca.<\/p>\n\n\n\n<p>19 Ocak 2024 tarihinde, Dicastery&#8217;nin merkezi olan Roma&#8217;daki Palazzo San Callisto&#8217;da, Genel Moderat\u00f6r Maria Rita Castellani <a href=\"https:\/\/www.youtube.com\/watch?v=rle6MbHm1aU\" target=\"_blank\" rel=\"noreferrer noopener\"><strong>ciddi t\u00f6ren<\/strong><\/a>, ald\u0131 <em><strong>Kararname<\/strong> <\/em>ve yeni <strong><em>T\u00fcz\u00fck<\/em><\/strong>Manast\u0131r Sekreteri Dr. Gleison De Paula Souza&#8217;n\u0131n elinden alm\u0131\u015ft\u0131r.<\/p>\n<\/div>\n<\/div>\n\n<div style=\"height:50px\" aria-hidden=\"true\" class=\"wp-block-spacer\"><\/div>\n\n<p><\/p>\n","protected":false},"excerpt":{"rendered":"<p>Tanr\u0131n\u0131z Rab&#8217;bin yasas\u0131na uyun,kendi yolunda ilerliyorve yasalar\u0131n\u0131 uygulamak,onun emirleri,kurallar\u0131 ve talimatlar\u0131,Musa&#8217;n\u0131n Yasas\u0131&#8217;nda yaz\u0131l\u0131 oldu\u011fu gibi,ba\u015far\u0131l\u0131 olman\u0131z i\u00e7inyapt\u0131\u011f\u0131n\u0131z her \u015feydeve nereye d\u00f6nersen d\u00f6n 1. Krallar Kitab\u0131 2, 3 Magnificat Toplulu\u011fu, tan\u0131m\u0131n\u0131 ve ufkunu, tarihi boyunca olu\u015fan ve Magnificat Toplulu\u011fu olarak adland\u0131r\u0131lan toplulu\u011fu olu\u015fturan bir dizi metinde bulur Ya\u015fam Kural\u0131: Tarihsel arka plan \u00d6n a\u00e7\u0131klamalar \u00d6ns\u00f6z T\u00fcz\u00fck [&hellip;]<\/p>\n","protected":false},"author":3,"featured_media":10932,"parent":0,"menu_order":0,"comment_status":"closed","ping_status":"closed","template":"","meta":{"om_disable_all_campaigns":false,"_monsterinsights_skip_tracking":false,"_monsterinsights_sitenote_active":false,"_monsterinsights_sitenote_note":"","_monsterinsights_sitenote_category":0,"_uf_show_specific_survey":0,"_uf_disable_surveys":false,"footnotes":""},"class_list":["post-19390","page","type-page","status-publish","has-post-thumbnail","hentry"],"aioseo_notices":[],"_links":{"self":[{"href":"https:\/\/comunitamagnificat.org\/tr\/wp-json\/wp\/v2\/pages\/19390","targetHints":{"allow":["GET"]}}],"collection":[{"href":"https:\/\/comunitamagnificat.org\/tr\/wp-json\/wp\/v2\/pages"}],"about":[{"href":"https:\/\/comunitamagnificat.org\/tr\/wp-json\/wp\/v2\/types\/page"}],"author":[{"embeddable":true,"href":"https:\/\/comunitamagnificat.org\/tr\/wp-json\/wp\/v2\/users\/3"}],"replies":[{"embeddable":true,"href":"https:\/\/comunitamagnificat.org\/tr\/wp-json\/wp\/v2\/comments?post=19390"}],"version-history":[{"count":4,"href":"https:\/\/comunitamagnificat.org\/tr\/wp-json\/wp\/v2\/pages\/19390\/revisions"}],"predecessor-version":[{"id":22644,"href":"https:\/\/comunitamagnificat.org\/tr\/wp-json\/wp\/v2\/pages\/19390\/revisions\/22644"}],"wp:featuredmedia":[{"embeddable":true,"href":"https:\/\/comunitamagnificat.org\/tr\/wp-json\/wp\/v2\/media\/10932"}],"wp:attachment":[{"href":"https:\/\/comunitamagnificat.org\/tr\/wp-json\/wp\/v2\/media?parent=19390"}],"curies":[{"name":"wp","href":"https:\/\/api.w.org\/{rel}","templated":true}]}}