{"id":19398,"date":"2024-08-23T07:45:48","date_gmt":"2024-08-23T05:45:48","guid":{"rendered":"https:\/\/comunitamagnificat.org\/karizmalar\/"},"modified":"2024-08-23T07:46:09","modified_gmt":"2024-08-23T05:46:09","slug":"karizmalar","status":"publish","type":"page","link":"https:\/\/comunitamagnificat.org\/tr\/karizmalar\/","title":{"rendered":"Karizmalar"},"content":{"rendered":"\n<div style=\"height:30px\" aria-hidden=\"true\" class=\"wp-block-spacer\"><\/div>\n\n<blockquote class=\"wp-block-quote is-layout-flow wp-block-quote-is-layout-flow\">\n<p><em><strong>Her birine<\/strong><\/em> <em><strong>verilmi\u015ftir<\/strong><\/em><br\/><em><strong>belirli bir tezah\u00fcr<\/strong><\/em><br\/><em><strong>Ruh&#8217;un<\/strong><\/em><br\/><em><strong>kamu yarar\u0131 i\u00e7in<\/strong><\/em><\/p>\n<cite><em>1 Korintliler<\/em> 12:7<\/cite><\/blockquote>\n\n<div style=\"height:30px\" aria-hidden=\"true\" class=\"wp-block-spacer\"><\/div>\n\n<p>Magnificat Toplulu\u011fu, Konsil&#8217;den sonra Kilise&#8217;de Pentekost&#8217;un yeniden ke\u015ffinin meyvesi olan Katolik Karizmatik Yenilenme&#8217;nin l\u00fctuf ak\u0131\u015f\u0131nda do\u011fmu\u015ftur.<\/p>\n\n<div style=\"height:30px\" aria-hidden=\"true\" class=\"wp-block-spacer\"><\/div>\n\n<p>Magnificat Toplulu\u011funa ait olman\u0131n temel deneyimi,<em>Kutsal Ruh&#8217;un d\u00f6k\u00fclmesidir<\/em>; bu da ki\u015fiyi &#8211; d\u00fcnyan\u0131n bu zor zaman\u0131nda &#8211; Tanr\u0131&#8217;n\u0131n<em>bereketlendirmek<\/em> istedi\u011fi s\u0131radan ve ola\u011fan\u00fcst\u00fc karizmalar\u0131n fark\u0131na varmaya y\u00f6nlendirir.<\/p>\n\n<div style=\"height:30px\" aria-hidden=\"true\" class=\"wp-block-spacer\"><\/div>\n\n<p>Magnificat Toplulu\u011fu, kurulu\u015fundan bu yana Yoel&#8217;in kehanetinin ge\u00e7erlili\u011fine tan\u0131kl\u0131k etmi\u015ftir: &#8220;<em>Bundan sonra her erke\u011fin \u00fczerine ruhumu d\u00f6kece\u011fim; o\u011fullar\u0131n\u0131z ve k\u0131zlar\u0131n\u0131z peygamber olacak; ya\u015fl\u0131lar\u0131n\u0131z d\u00fc\u015fler g\u00f6recek, gen\u00e7leriniz g\u00f6r\u00fcmler g\u00f6recek.\nO g\u00fcnlerde k\u00f6lelerin ve kad\u0131n k\u00f6lelerin \u00fczerine de ruhumu d\u00f6kece\u011fim.\nG\u00f6kte ve yerde harikalar yarataca\u011f\u0131m.  <\/em>&#8221; (3, 1-3).<\/p>\n\n<div style=\"height:30px\" aria-hidden=\"true\" class=\"wp-block-spacer\"><\/div>\n\n<p>Topluluk ayr\u0131ca Tanr\u0131&#8217;n\u0131n her birine nas\u0131l l\u00fctufta bulundu\u011funu da g\u00f6rebildi&#8221;<em>Birine Ruh taraf\u0131ndan bilgelik dili verilir; di\u011ferine bilgi dili; birine ayn\u0131 Ruh taraf\u0131ndan iman; di\u011ferine tek Ruh taraf\u0131ndan \u015fifa arma\u011fan\u0131; birine mucizelerin g\u00fcc\u00fc; di\u011ferine peygamberlik arma\u011fan\u0131; di\u011ferine ruhlar\u0131 ay\u0131rt etme arma\u011fan\u0131; di\u011ferine dil \u00e7e\u015fitleri; di\u011ferine dillerin yorumlanmas\u0131.\nAma b\u00fct\u00fcn bunlar\u0131 yapan, herkese diledi\u011fi gibi da\u011f\u0131tan tek ve ayn\u0131 Ruh&#8217;tur. <\/em>&#8220;<em>(1. Korintliler <\/em>12: 7-11).\nKendisine emanet edilen arma\u011fanlar\u0131n emanet\u00e7isi olmad\u0131\u011f\u0131n\u0131n bilincinde olan ve Tanr\u0131&#8217;n\u0131n Krall\u0131\u011f\u0131n\u0131 in\u015fa etmeyi arzulayan Topluluk, past\u00f6rlerinin kendisinde g\u00f6rd\u00fc\u011f\u00fc ve ger\u00e7ekten Ruh&#8217;tan gelen her \u015feyi \u00f6zg\u00fcrce kullanabilmeleri i\u00e7in Kilise&#8217;ye sunar. <\/p>\n\n<div style=\"height:50px\" aria-hidden=\"true\" class=\"wp-block-spacer\"><\/div>\n","protected":false},"excerpt":{"rendered":"<p>Her birine verilmi\u015ftirbelirli bir tezah\u00fcrRuh&#8217;unkamu yarar\u0131 i\u00e7in 1 Korintliler 12:7 Magnificat Toplulu\u011fu, Konsil&#8217;den sonra Kilise&#8217;de Pentekost&#8217;un yeniden ke\u015ffinin meyvesi olan Katolik Karizmatik Yenilenme&#8217;nin l\u00fctuf ak\u0131\u015f\u0131nda do\u011fmu\u015ftur. Magnificat Toplulu\u011funa ait olman\u0131n temel deneyimi,Kutsal Ruh&#8217;un d\u00f6k\u00fclmesidir; bu da ki\u015fiyi &#8211; d\u00fcnyan\u0131n bu zor zaman\u0131nda &#8211; Tanr\u0131&#8217;n\u0131nbereketlendirmek istedi\u011fi s\u0131radan ve ola\u011fan\u00fcst\u00fc karizmalar\u0131n fark\u0131na varmaya y\u00f6nlendirir. Magnificat Toplulu\u011fu, kurulu\u015fundan [&hellip;]<\/p>\n","protected":false},"author":3,"featured_media":10904,"parent":0,"menu_order":0,"comment_status":"closed","ping_status":"closed","template":"","meta":{"om_disable_all_campaigns":false,"_monsterinsights_skip_tracking":false,"_monsterinsights_sitenote_active":false,"_monsterinsights_sitenote_note":"","_monsterinsights_sitenote_category":0,"_uf_show_specific_survey":0,"_uf_disable_surveys":false,"footnotes":""},"class_list":["post-19398","page","type-page","status-publish","has-post-thumbnail","hentry"],"aioseo_notices":[],"_links":{"self":[{"href":"https:\/\/comunitamagnificat.org\/tr\/wp-json\/wp\/v2\/pages\/19398","targetHints":{"allow":["GET"]}}],"collection":[{"href":"https:\/\/comunitamagnificat.org\/tr\/wp-json\/wp\/v2\/pages"}],"about":[{"href":"https:\/\/comunitamagnificat.org\/tr\/wp-json\/wp\/v2\/types\/page"}],"author":[{"embeddable":true,"href":"https:\/\/comunitamagnificat.org\/tr\/wp-json\/wp\/v2\/users\/3"}],"replies":[{"embeddable":true,"href":"https:\/\/comunitamagnificat.org\/tr\/wp-json\/wp\/v2\/comments?post=19398"}],"version-history":[{"count":1,"href":"https:\/\/comunitamagnificat.org\/tr\/wp-json\/wp\/v2\/pages\/19398\/revisions"}],"predecessor-version":[{"id":19401,"href":"https:\/\/comunitamagnificat.org\/tr\/wp-json\/wp\/v2\/pages\/19398\/revisions\/19401"}],"wp:featuredmedia":[{"embeddable":true,"href":"https:\/\/comunitamagnificat.org\/tr\/wp-json\/wp\/v2\/media\/10904"}],"wp:attachment":[{"href":"https:\/\/comunitamagnificat.org\/tr\/wp-json\/wp\/v2\/media?parent=19398"}],"curies":[{"name":"wp","href":"https:\/\/api.w.org\/{rel}","templated":true}]}}