{"id":19400,"date":"2024-08-23T07:45:50","date_gmt":"2024-08-23T05:45:50","guid":{"rendered":"https:\/\/comunitamagnificat.org\/evangelizasyon\/"},"modified":"2024-08-23T07:46:06","modified_gmt":"2024-08-23T05:46:06","slug":"evangelizasyon","status":"publish","type":"page","link":"https:\/\/comunitamagnificat.org\/tr\/evangelizasyon\/","title":{"rendered":"Evangelizasyon"},"content":{"rendered":"\n<div style=\"height:30px\" aria-hidden=\"true\" class=\"wp-block-spacer\"><\/div>\n\n<blockquote class=\"wp-block-quote is-layout-flow wp-block-quote-is-layout-flow\"><p><em><strong>T\u00fcm d\u00fcnyaya git<\/strong><\/em><br\/><em><strong>ve M\u00fcjde&#8217;yi her yarat\u0131\u011fa duyurun<\/strong><\/em><\/p><cite><em>Markos<\/em> 16, 15<\/cite><\/blockquote>\n\n<div style=\"height:30px\" aria-hidden=\"true\" class=\"wp-block-spacer\"><\/div>\n\n<p>Magnificat Toplulu\u011fu&#8217;nun her zaman ald\u0131\u011f\u0131n\u0131 kabul etti\u011fi ve varl\u0131\u011f\u0131n\u0131n kurucu taahh\u00fcd\u00fc olarak hissetti\u011fi temel karizmalardan biri evanjelizasyondur.<\/p>\n\n<div style=\"height:30px\" aria-hidden=\"true\" class=\"wp-block-spacer\"><\/div>\n\n<p>Asl\u0131nda, T\u00fcz\u00fc\u011f\u00fcn giri\u015f b\u00f6l\u00fcm\u00fcnde \u015fu ifadeler yer almaktad\u0131r: &#8216;<em>Cemaatin yeni m\u00fcjdeleme i\u00e7in do\u011fdu\u011funa inan\u0131yoruz.\nBu misyonu kendisi i\u00e7in de\u011fil, Kilise i\u00e7in yerine getirir ve bunu kendi ya\u015fam tan\u0131kl\u0131\u011f\u0131 ve M\u00fcjde&#8217;nin duyurulmas\u0131 yoluyla ger\u00e7ekle\u015ftirir. <\/em>&#8220;.<\/p>\n\n<div style=\"height:30px\" aria-hidden=\"true\" class=\"wp-block-spacer\"><\/div>\n\n<p>Toplulu\u011fun m\u00fcjdelemesinin ilk yolu, Mesih&#8217;in Bedeni olarak kendini ger\u00e7ekle\u015ftirmesidir: El\u00e7ilerin \u0130\u015fleri&#8217;nde anlat\u0131lan ilk topluluk gibi, Topluluk da her zaman<em>&#8220;Rab&#8217;bin kurtulanlar\u0131 toplulu\u011fa her g\u00fcn ekledi\u011fini<\/em>&#8221; deneyimlemi\u015ftir (2:47).\n<br\/>Bununla birlikte, bu &#8211; deyim yerindeyse &#8211; &#8220;pasif&#8221; y\u00f6ntemin yan\u0131 s\u0131ra, g\u00fcnl\u00fck ya\u015famda kar\u015f\u0131la\u015f\u0131lanlara &#8220;Gelin ve g\u00f6r\u00fcn&#8221; (bkz. <em>Yuhanna<\/em> 1:46) demeyi ama\u00e7layan &#8220;ki\u015fiden ki\u015fiye&#8221; tan\u0131kl\u0131k yoluyla t\u00fcm duyuru faaliyeti de vard\u0131r. Dahas\u0131, tarihi boyunca Topluluk, M\u00fcjde&#8217;nin duyurulmas\u0131 i\u00e7in bir\u00e7ok an d\u00fczenlemi\u015f ve deneyimlemi\u015ftir: seminerler, cemaatlerde misyonlar, okullar, m\u00fcjdeleme g\u00f6sterileri&#8230; <\/p>\n\n<div style=\"height:50px\" aria-hidden=\"true\" class=\"wp-block-spacer\"><\/div>\n","protected":false},"excerpt":{"rendered":"<p>T\u00fcm d\u00fcnyaya gitve M\u00fcjde&#8217;yi her yarat\u0131\u011fa duyurun Markos 16, 15 Magnificat Toplulu\u011fu&#8217;nun her zaman ald\u0131\u011f\u0131n\u0131 kabul etti\u011fi ve varl\u0131\u011f\u0131n\u0131n kurucu taahh\u00fcd\u00fc olarak hissetti\u011fi temel karizmalardan biri evanjelizasyondur. Asl\u0131nda, T\u00fcz\u00fc\u011f\u00fcn giri\u015f b\u00f6l\u00fcm\u00fcnde \u015fu ifadeler yer almaktad\u0131r: &#8216;Cemaatin yeni m\u00fcjdeleme i\u00e7in do\u011fdu\u011funa inan\u0131yoruz. Bu misyonu kendisi i\u00e7in de\u011fil, Kilise i\u00e7in yerine getirir ve bunu kendi ya\u015fam tan\u0131kl\u0131\u011f\u0131 [&hellip;]<\/p>\n","protected":false},"author":3,"featured_media":10908,"parent":0,"menu_order":0,"comment_status":"closed","ping_status":"closed","template":"","meta":{"om_disable_all_campaigns":false,"_monsterinsights_skip_tracking":false,"_monsterinsights_sitenote_active":false,"_monsterinsights_sitenote_note":"","_monsterinsights_sitenote_category":0,"_uf_show_specific_survey":0,"_uf_disable_surveys":false,"footnotes":""},"class_list":["post-19400","page","type-page","status-publish","has-post-thumbnail","hentry"],"aioseo_notices":[],"_links":{"self":[{"href":"https:\/\/comunitamagnificat.org\/tr\/wp-json\/wp\/v2\/pages\/19400","targetHints":{"allow":["GET"]}}],"collection":[{"href":"https:\/\/comunitamagnificat.org\/tr\/wp-json\/wp\/v2\/pages"}],"about":[{"href":"https:\/\/comunitamagnificat.org\/tr\/wp-json\/wp\/v2\/types\/page"}],"author":[{"embeddable":true,"href":"https:\/\/comunitamagnificat.org\/tr\/wp-json\/wp\/v2\/users\/3"}],"replies":[{"embeddable":true,"href":"https:\/\/comunitamagnificat.org\/tr\/wp-json\/wp\/v2\/comments?post=19400"}],"version-history":[{"count":1,"href":"https:\/\/comunitamagnificat.org\/tr\/wp-json\/wp\/v2\/pages\/19400\/revisions"}],"predecessor-version":[{"id":19403,"href":"https:\/\/comunitamagnificat.org\/tr\/wp-json\/wp\/v2\/pages\/19400\/revisions\/19403"}],"wp:featuredmedia":[{"embeddable":true,"href":"https:\/\/comunitamagnificat.org\/tr\/wp-json\/wp\/v2\/media\/10908"}],"wp:attachment":[{"href":"https:\/\/comunitamagnificat.org\/tr\/wp-json\/wp\/v2\/media?parent=19400"}],"curies":[{"name":"wp","href":"https:\/\/api.w.org\/{rel}","templated":true}]}}