{"id":19414,"date":"2024-08-23T07:46:06","date_gmt":"2024-08-23T05:46:06","guid":{"rendered":"https:\/\/comunitamagnificat.org\/manevi-eslik\/"},"modified":"2024-08-23T07:46:10","modified_gmt":"2024-08-23T05:46:10","slug":"manevi-eslik","status":"publish","type":"page","link":"https:\/\/comunitamagnificat.org\/tr\/manevi-eslik\/","title":{"rendered":"Manevi e\u015flik"},"content":{"rendered":"\n<div style=\"height:30px\" aria-hidden=\"true\" class=\"wp-block-spacer\"><\/div>\n\n<blockquote class=\"wp-block-quote is-layout-flow wp-block-quote-is-layout-flow\"><p><em><strong>\u0130sa&#8217;n\u0131n kendisi yakla\u015ft\u0131<\/strong><\/em><br\/><em><strong>ve onlarla birlikte y\u00fcr\u00fcd\u00fc<\/strong><\/em><\/p><cite><em>Luka <\/em>24, 15<\/cite><\/blockquote>\n\n<div style=\"height:30px\" aria-hidden=\"true\" class=\"wp-block-spacer\"><\/div>\n\n<p>Bizler yol arkada\u015f\u0131y\u0131z.<\/p>\n\n<div style=\"height:30px\" aria-hidden=\"true\" class=\"wp-block-spacer\"><\/div>\n\n<p>Toplulu\u011fun her \u00fcyesinin kendisine e\u015flik eden ve destekleyen, bazen ona ayna tutan ve daha az olmamak \u00fczere onu k\u0131\u015fk\u0131rtan bir erkek karde\u015fi, bir k\u0131z karde\u015fi vard\u0131r.\nBirlikte dua ederler, sorunlar\u0131 Tanr\u0131&#8217;n\u0131n \u00f6n\u00fcne getirirler, ay\u0131rt ederler&#8230; <\/p>\n\n<div style=\"height:30px\" aria-hidden=\"true\" class=\"wp-block-spacer\"><\/div>\n\n<p>E\u015flik, kendimizi Mesih&#8217;te k\u00f6klendirmek, \u00e7a\u011fr\u0131ya sad\u0131k kalmak, insani ve ruhsal olarak olgunla\u015fmak ve geli\u015fmek i\u00e7in de\u011ferli bir ara\u00e7t\u0131r.<\/p>\n\n<div style=\"height:30px\" aria-hidden=\"true\" class=\"wp-block-spacer\"><\/div>\n\n<p>Topluluk, ruhani refakatin i\u00e7inde hareket etti\u011fi ilkeleri haz\u0131rlam\u0131\u015f ve tan\u0131mlam\u0131\u015ft\u0131r; bunlar\u0131 Kilise ile payla\u015fm\u0131\u015f ve Perugia Ba\u015fpiskoposu Monseny\u00f6r Gualtiero Bassetti bunlar\u0131 onaylayarak 9 \u015eubat 2013 tarihinde Toplulu\u011fa teslim etmi\u015ftir.<\/p>\n\n<div style=\"height:30px\" aria-hidden=\"true\" class=\"wp-block-spacer\"><\/div>\n\n<p>Burada, pdf format\u0131nda, Toplumda Manevi E\u015flik K\u0131lavuzunu bulabilirsiniz:  <\/p>\n\n<div style=\"height:30px\" aria-hidden=\"true\" class=\"wp-block-spacer\"><\/div>\n\n<div class=\"wp-block-columns is-layout-flex wp-container-core-columns-is-layout-9d6595d7 wp-block-columns-is-layout-flex\">\n<div class=\"wp-block-column is-layout-flow wp-block-column-is-layout-flow\" style=\"flex-basis:80%\">\n<div class=\"wp-block-file\"><a href=\"https:\/\/comunitamagnificat.org\/wp-content\/uploads\/2021\/04\/Linee-guida-accompagnamento-1.pdf\"><strong><em><span class=\"has-inline-color has-vivid-red-color\">Manevi E\u015flik Hakk\u0131nda K\u0131lavuz \u0130lkeler<\/span><\/em><\/strong><\/a><a href=\"https:\/\/comunitamagnificat.org\/wp-content\/uploads\/2021\/04\/Linee-guida-accompagnamento-1.pdf\" class=\"wp-block-file__button\" download=\"\">\u0130ndir<\/a><\/div>\n<\/div>\n<\/div>\n\n<div style=\"height:30px\" aria-hidden=\"true\" class=\"wp-block-spacer\"><\/div>\n\n<p>\u0130\u015fte Ba\u015fpiskopos&#8217;un bu vesileyle s\u00f6yledikleri:<\/p>\n\n<div style=\"height:30px\" aria-hidden=\"true\" class=\"wp-block-spacer\"><\/div>\n\n<div class=\"wp-block-columns is-layout-flex wp-container-core-columns-is-layout-9d6595d7 wp-block-columns-is-layout-flex\">\n<div class=\"wp-block-column is-layout-flow wp-block-column-is-layout-flow\" style=\"flex-basis:15%\"><\/div>\n\n\n\n<div class=\"wp-block-column is-layout-flow wp-block-column-is-layout-flow\" style=\"flex-basis:60%\">\n<figure class=\"wp-block-embed is-type-video is-provider-youtube wp-block-embed-youtube wp-embed-aspect-16-9 wp-has-aspect-ratio\"><div class=\"wp-block-embed__wrapper\"> \n<iframe loading=\"lazy\" title=\"Linee guida per l&#039;accompagnamento spirituale\" width=\"500\" height=\"281\" src=\"https:\/\/www.youtube.com\/embed\/V8d8RwujRmM?feature=oembed\" frameborder=\"0\" allow=\"accelerometer; autoplay; clipboard-write; encrypted-media; gyroscope; picture-in-picture; web-share\" referrerpolicy=\"strict-origin-when-cross-origin\" allowfullscreen><\/iframe>\n <\/div><\/figure>\n<\/div>\n\n\n\n<div class=\"wp-block-column is-layout-flow wp-block-column-is-layout-flow\" style=\"flex-basis:15%\"><\/div>\n<\/div>\n\n<div style=\"height:50px\" aria-hidden=\"true\" class=\"wp-block-spacer\"><\/div>\n","protected":false},"excerpt":{"rendered":"<p>\u0130sa&#8217;n\u0131n kendisi yakla\u015ft\u0131ve onlarla birlikte y\u00fcr\u00fcd\u00fc Luka 24, 15 Bizler yol arkada\u015f\u0131y\u0131z. Toplulu\u011fun her \u00fcyesinin kendisine e\u015flik eden ve destekleyen, bazen ona ayna tutan ve daha az olmamak \u00fczere onu k\u0131\u015fk\u0131rtan bir erkek karde\u015fi, bir k\u0131z karde\u015fi vard\u0131r. Birlikte dua ederler, sorunlar\u0131 Tanr\u0131&#8217;n\u0131n \u00f6n\u00fcne getirirler, ay\u0131rt ederler&#8230; E\u015flik, kendimizi Mesih&#8217;te k\u00f6klendirmek, \u00e7a\u011fr\u0131ya sad\u0131k kalmak, insani [&hellip;]<\/p>\n","protected":false},"author":3,"featured_media":10896,"parent":0,"menu_order":0,"comment_status":"closed","ping_status":"closed","template":"","meta":{"om_disable_all_campaigns":false,"_monsterinsights_skip_tracking":false,"_monsterinsights_sitenote_active":false,"_monsterinsights_sitenote_note":"","_monsterinsights_sitenote_category":0,"_uf_show_specific_survey":0,"_uf_disable_surveys":false,"footnotes":""},"class_list":["post-19414","page","type-page","status-publish","has-post-thumbnail","hentry"],"aioseo_notices":[],"_links":{"self":[{"href":"https:\/\/comunitamagnificat.org\/tr\/wp-json\/wp\/v2\/pages\/19414","targetHints":{"allow":["GET"]}}],"collection":[{"href":"https:\/\/comunitamagnificat.org\/tr\/wp-json\/wp\/v2\/pages"}],"about":[{"href":"https:\/\/comunitamagnificat.org\/tr\/wp-json\/wp\/v2\/types\/page"}],"author":[{"embeddable":true,"href":"https:\/\/comunitamagnificat.org\/tr\/wp-json\/wp\/v2\/users\/3"}],"replies":[{"embeddable":true,"href":"https:\/\/comunitamagnificat.org\/tr\/wp-json\/wp\/v2\/comments?post=19414"}],"version-history":[{"count":1,"href":"https:\/\/comunitamagnificat.org\/tr\/wp-json\/wp\/v2\/pages\/19414\/revisions"}],"predecessor-version":[{"id":19416,"href":"https:\/\/comunitamagnificat.org\/tr\/wp-json\/wp\/v2\/pages\/19414\/revisions\/19416"}],"wp:featuredmedia":[{"embeddable":true,"href":"https:\/\/comunitamagnificat.org\/tr\/wp-json\/wp\/v2\/media\/10896"}],"wp:attachment":[{"href":"https:\/\/comunitamagnificat.org\/tr\/wp-json\/wp\/v2\/media?parent=19414"}],"curies":[{"name":"wp","href":"https:\/\/api.w.org\/{rel}","templated":true}]}}