{"id":19425,"date":"2024-08-23T07:46:22","date_gmt":"2024-08-23T05:46:22","guid":{"rendered":"https:\/\/comunitamagnificat.org\/tanrinin-ruyasini-gormek\/"},"modified":"2024-09-30T13:02:30","modified_gmt":"2024-09-30T11:02:30","slug":"tanrinin-ruyasini-gormek","status":"publish","type":"page","link":"https:\/\/comunitamagnificat.org\/tr\/tanrinin-ruyasini-gormek\/","title":{"rendered":"&#8216;Tanr\u0131&#8217;n\u0131n r\u00fcyas\u0131n\u0131 g\u00f6rmek&#8217;"},"content":{"rendered":"\n<div style=\"height:30px\" aria-hidden=\"true\" class=\"wp-block-spacer\"><\/div>\n\n<blockquote class=\"wp-block-quote is-layout-flow wp-block-quote-is-layout-flow\">\n<p><strong><em>Konutu in\u015fa edeceksin<\/em> <em>d\u00fczenlemeye g\u00f6re<\/em> <em>da\u011fda sana g\u00f6sterilen<\/em><\/strong><\/p>\n<cite>\u00c7\u0131k\u0131\u015f 26, 30<\/cite><\/blockquote>\n\n<div style=\"height:30px\" aria-hidden=\"true\" class=\"wp-block-spacer\"><\/div>\n\n<p>Topluluk Tanr\u0131&#8217;n\u0131n bir projesidir.<\/p>\n\n<div style=\"height:30px\" aria-hidden=\"true\" class=\"wp-block-spacer\"><\/div>\n\n<p>Topluluk \u00fcyeleri, kendilerine ait olmayan ve kendilerine ad\u0131m ad\u0131m g\u00f6sterilen bu projenin yap\u0131c\u0131lar\u0131 olmak istiyor.<\/p>\n\n<div style=\"height:30px\" aria-hidden=\"true\" class=\"wp-block-spacer\"><\/div>\n\n<p>\u00c7o\u011fu zaman Ruh&#8217;un itti\u011fi y\u00f6n\u00fcn hayal edilenden farkl\u0131 oldu\u011fu g\u00f6r\u00fcld\u00fc; \u00e7o\u011fu zaman Topluluk, daha sonra geri d\u00f6nmek zorunda kald\u0131\u011f\u0131 do\u011fru yoldan uzakla\u015fmas\u0131na neden olan kendi yan\u0131lg\u0131s\u0131yla kar\u015f\u0131 kar\u015f\u0131ya kald\u0131.<\/p>\n\n<div style=\"height:30px\" aria-hidden=\"true\" class=\"wp-block-spacer\"><\/div>\n\n<p>Tanr\u0131&#8217;n\u0131n b\u00fcy\u00fck hayalleri vard\u0131r, insanlar\u0131nki ise k\u00fc\u00e7\u00fckt\u00fcr; bu nedenle Rab hayalinin yeni bir boyutunu a\u00e7\u0131klad\u0131\u011f\u0131nda kendimizi sorgulamak, halihaz\u0131rda ba\u015farm\u0131\u015f gibi g\u00f6r\u00fcnd\u00fc\u011f\u00fcm\u00fcz ve anlam\u0131\u015f gibi g\u00f6r\u00fcnd\u00fc\u011f\u00fcm\u00fcz \u015feylerden vazge\u00e7mek her zaman gereklidir.<\/p>\n\n<div style=\"height:30px\" aria-hidden=\"true\" class=\"wp-block-spacer\"><\/div>\n\n<p><em>&#8220;Tanr\u0131&#8217;n\u0131n r\u00fcyas\u0131n\u0131 g\u00f6rmek<\/em>&#8221; ifadesi, Tarcisio Mezzetti taraf\u0131ndan 10 Mart 1985 tarihinde Santa Maria degli Angeli&#8217;deki <em>Fransisken Cenacle<\/em><em>&#8216;<\/em>da verilen \u00fcnl\u00fc bir \u00f6\u011fretiden gelmektedir.\nO d\u00f6nemde Cemaat \u00fczerinde b\u00fcy\u00fck bir etki yaratm\u0131\u015f ve bug\u00fcn bile g\u00fc\u00e7l\u00fc bir ilham kayna\u011f\u0131 olmaya devam etmektedir. <\/p>\n\n<div style=\"height:30px\" aria-hidden=\"true\" class=\"wp-block-spacer\"><\/div>\n\n<p>\u0130\u015fte o g\u00fcne ait orijinal ses kayd\u0131:<\/p>\n\n<div style=\"height:30px\" aria-hidden=\"true\" class=\"wp-block-spacer\"><\/div>\n\n<div class=\"wp-block-columns is-layout-flex wp-container-core-columns-is-layout-9d6595d7 wp-block-columns-is-layout-flex\">\n<div class=\"wp-block-column is-layout-flow wp-block-column-is-layout-flow\" style=\"flex-basis:15%\"><\/div>\n\n\n\n<div class=\"wp-block-column is-layout-flow wp-block-column-is-layout-flow\">\n<figure class=\"wp-block-audio\"><audio controls=\"\" src=\"https:\/\/comunitamagnificat.org\/wp-content\/uploads\/2021\/04\/Sognare-il-sogno-di-Dio.mp3\"><\/audio><\/figure>\n<\/div>\n\n\n\n<div class=\"wp-block-column is-layout-flow wp-block-column-is-layout-flow\" style=\"flex-basis:15%\"><\/div>\n<\/div>\n\n<div style=\"height:30px\" aria-hidden=\"true\" class=\"wp-block-spacer\"><\/div>\n\n<p>\u0130\u015fte ilmihal metninin pdf&#8217;si:<\/p>\n\n<div class=\"wp-block-columns is-layout-flex wp-container-core-columns-is-layout-9d6595d7 wp-block-columns-is-layout-flex\">\n<div class=\"wp-block-column is-layout-flow wp-block-column-is-layout-flow\">\n<div class=\"wp-block-file\"><a href=\"https:\/\/comunitamagnificat.org\/wp-content\/uploads\/2021\/04\/Sognare_il_sogno_di_Dio.pdf\"><strong><em>Tanr\u0131&#8217;n\u0131n r\u00fcyas\u0131n\u0131 g\u00f6rmek<\/em><\/strong><\/a><a href=\"https:\/\/comunitamagnificat.org\/wp-content\/uploads\/2021\/04\/Sognare_il_sogno_di_Dio.pdf\" class=\"wp-block-file__button wp-element-button\" download=\"\">\u0130ndir<\/a><\/div>\n<\/div>\n<\/div>\n\n<div style=\"height:50px\" aria-hidden=\"true\" class=\"wp-block-spacer\"><\/div>\n","protected":false},"excerpt":{"rendered":"<p>Konutu in\u015fa edeceksin d\u00fczenlemeye g\u00f6re da\u011fda sana g\u00f6sterilen \u00c7\u0131k\u0131\u015f 26, 30 Topluluk Tanr\u0131&#8217;n\u0131n bir projesidir. Topluluk \u00fcyeleri, kendilerine ait olmayan ve kendilerine ad\u0131m ad\u0131m g\u00f6sterilen bu projenin yap\u0131c\u0131lar\u0131 olmak istiyor. \u00c7o\u011fu zaman Ruh&#8217;un itti\u011fi y\u00f6n\u00fcn hayal edilenden farkl\u0131 oldu\u011fu g\u00f6r\u00fcld\u00fc; \u00e7o\u011fu zaman Topluluk, daha sonra geri d\u00f6nmek zorunda kald\u0131\u011f\u0131 do\u011fru yoldan uzakla\u015fmas\u0131na neden olan kendi [&hellip;]<\/p>\n","protected":false},"author":3,"featured_media":10884,"parent":0,"menu_order":0,"comment_status":"closed","ping_status":"closed","template":"","meta":{"om_disable_all_campaigns":false,"_monsterinsights_skip_tracking":false,"_monsterinsights_sitenote_active":false,"_monsterinsights_sitenote_note":"","_monsterinsights_sitenote_category":0,"_uf_show_specific_survey":0,"_uf_disable_surveys":false,"footnotes":""},"class_list":["post-19425","page","type-page","status-publish","has-post-thumbnail","hentry"],"aioseo_notices":[],"_links":{"self":[{"href":"https:\/\/comunitamagnificat.org\/tr\/wp-json\/wp\/v2\/pages\/19425","targetHints":{"allow":["GET"]}}],"collection":[{"href":"https:\/\/comunitamagnificat.org\/tr\/wp-json\/wp\/v2\/pages"}],"about":[{"href":"https:\/\/comunitamagnificat.org\/tr\/wp-json\/wp\/v2\/types\/page"}],"author":[{"embeddable":true,"href":"https:\/\/comunitamagnificat.org\/tr\/wp-json\/wp\/v2\/users\/3"}],"replies":[{"embeddable":true,"href":"https:\/\/comunitamagnificat.org\/tr\/wp-json\/wp\/v2\/comments?post=19425"}],"version-history":[{"count":2,"href":"https:\/\/comunitamagnificat.org\/tr\/wp-json\/wp\/v2\/pages\/19425\/revisions"}],"predecessor-version":[{"id":21280,"href":"https:\/\/comunitamagnificat.org\/tr\/wp-json\/wp\/v2\/pages\/19425\/revisions\/21280"}],"wp:featuredmedia":[{"embeddable":true,"href":"https:\/\/comunitamagnificat.org\/tr\/wp-json\/wp\/v2\/media\/10884"}],"wp:attachment":[{"href":"https:\/\/comunitamagnificat.org\/tr\/wp-json\/wp\/v2\/media?parent=19425"}],"curies":[{"name":"wp","href":"https:\/\/api.w.org\/{rel}","templated":true}]}}