{"id":19430,"date":"2024-08-23T07:46:28","date_gmt":"2024-08-23T05:46:28","guid":{"rendered":"https:\/\/comunitamagnificat.org\/gorunmez-duvarlari-olan-manastir\/"},"modified":"2025-01-22T17:39:58","modified_gmt":"2025-01-22T16:39:58","slug":"gorunmez-duvarlari-olan-manastir","status":"publish","type":"page","link":"https:\/\/comunitamagnificat.org\/tr\/gorunmez-duvarlari-olan-manastir\/","title":{"rendered":"&#8216;G\u00f6r\u00fcnmez duvarlar\u0131 olan manast\u0131r&#8217;"},"content":{"rendered":"\n<div style=\"height:30px\" aria-hidden=\"true\" class=\"wp-block-spacer\"><\/div>\n\n<blockquote class=\"wp-block-quote is-layout-flow wp-block-quote-is-layout-flow\">\n<p><strong><em>Tanr\u0131&#8217;n\u0131n krall\u0131\u011f\u0131n\u0131 neyle kar\u015f\u0131la\u015ft\u0131rabilirim?  <br\/>Bir kad\u0131n\u0131n al\u0131p \u00fc\u00e7 \u00f6l\u00e7ek una kar\u0131\u015ft\u0131rd\u0131\u011f\u0131 ve hepsi mayalan\u0131ncaya kadar bekletti\u011fi mayaya benzer.<\/em><\/strong><\/p>\n<cite>Luka 13, 20-21<\/cite><\/blockquote>\n\n<div style=\"height:30px\" aria-hidden=\"true\" class=\"wp-block-spacer\"><\/div>\n\n<p>Rab&#8217;bin ilk y\u0131llar\u0131ndan itibaren Toplulu\u011fa verdi\u011fi vizyon, &#8220;<a href=\"https:\/\/edizioni.comunitamagnificat.org\/prodotto\/verso-un-nuovo-monachesimo\/\" target=\"_blank\" rel=\"noopener\" title=\"\"><strong>yeni bir manast\u0131rc\u0131l\u0131k<\/strong><\/a>&#8220;. D\u00fcnyaya kar\u0131\u015fm\u0131\u015f, Tanr\u0131&#8217;ya ait olmaya karar verdikleri i\u00e7in d\u00fcnyaya ait olmayan, kendi aralar\u0131nda ve Tanr\u0131 ile &#8220;bir&#8221;<em>(m\u00f2nos<\/em>) olan erkekler ve kad\u0131nlar. <\/p>\n\n<div style=\"height:30px\" aria-hidden=\"true\" class=\"wp-block-spacer\"><\/div>\n\n<p>Cemaatin tan\u0131kl\u0131\u011f\u0131 \u00e7ok etkili olabilir \u00e7\u00fcnk\u00fc cemaat, &#8216;ke\u015fi\u015f&#8217; olarak ya\u015fayan meslekten olmayan ki\u015filerden olu\u015fur.<\/p>\n\n<div style=\"height:30px\" aria-hidden=\"true\" class=\"wp-block-spacer\"><\/div>\n\n<p>Cemaat \u00fcyeleri, aile ya\u015fam\u0131, i\u015f ve g\u00fcnl\u00fck kaos tam adanm\u0131\u015fl\u0131\u011f\u0131 imkans\u0131z k\u0131l\u0131yor gibi g\u00f6r\u00fcnse bile, ya\u015famlar\u0131n\u0131 kesinlikle, niteliksiz veya s\u0131n\u0131rs\u0131z olarak Tanr\u0131&#8217;ya vermeyi arzularlar.\nYine de Mesih bunu istemeye devam eder ve direncimizin \u00fcstesinden gelerek sab\u0131rla yerine getirir. <\/p>\n\n<div style=\"height:30px\" aria-hidden=\"true\" class=\"wp-block-spacer\"><\/div>\n\n<p>Bu nedenle Cemaat ilahi bir okul, kalbin ar\u0131nmas\u0131, dua ve hizmet i\u00e7in pratik bir \u00e7\u0131rakl\u0131k at\u00f6lyesidir.\nBu, bu \u00e7\u0131rakl\u0131k e\u011fitiminin ger\u00e7ekle\u015fmesini sa\u011flayan belirli bir <em>istikrar<\/em> gerektirir.\nBu nedenle Toplulu\u011fun kendi duvarlar\u0131 ve kap\u0131lar\u0131, bir <em>Kural\u0131<\/em> ve bir <em>Ahit Taahh\u00fcd\u00fc<\/em> vard\u0131r, kendisini Karde\u015flikler halinde \u00f6rg\u00fctler, liderler olu\u015fturur, kendisini <em>da\u011fda bir \u015fehir<\/em> olarak kurar.  <\/p>\n\n<div style=\"height:50px\" aria-hidden=\"true\" class=\"wp-block-spacer\"><\/div>\n","protected":false},"excerpt":{"rendered":"<p>Tanr\u0131&#8217;n\u0131n krall\u0131\u011f\u0131n\u0131 neyle kar\u015f\u0131la\u015ft\u0131rabilirim? Bir kad\u0131n\u0131n al\u0131p \u00fc\u00e7 \u00f6l\u00e7ek una kar\u0131\u015ft\u0131rd\u0131\u011f\u0131 ve hepsi mayalan\u0131ncaya kadar bekletti\u011fi mayaya benzer. Luka 13, 20-21 Rab&#8217;bin ilk y\u0131llar\u0131ndan itibaren Toplulu\u011fa verdi\u011fi vizyon, &#8220;yeni bir manast\u0131rc\u0131l\u0131k&#8220;. D\u00fcnyaya kar\u0131\u015fm\u0131\u015f, Tanr\u0131&#8217;ya ait olmaya karar verdikleri i\u00e7in d\u00fcnyaya ait olmayan, kendi aralar\u0131nda ve Tanr\u0131 ile &#8220;bir&#8221;(m\u00f2nos) olan erkekler ve kad\u0131nlar. Cemaatin tan\u0131kl\u0131\u011f\u0131 \u00e7ok [&hellip;]<\/p>\n","protected":false},"author":3,"featured_media":10888,"parent":0,"menu_order":0,"comment_status":"closed","ping_status":"closed","template":"","meta":{"om_disable_all_campaigns":false,"_monsterinsights_skip_tracking":false,"_monsterinsights_sitenote_active":false,"_monsterinsights_sitenote_note":"","_monsterinsights_sitenote_category":0,"_uf_show_specific_survey":0,"_uf_disable_surveys":false,"footnotes":""},"class_list":["post-19430","page","type-page","status-publish","has-post-thumbnail","hentry"],"aioseo_notices":[],"_links":{"self":[{"href":"https:\/\/comunitamagnificat.org\/tr\/wp-json\/wp\/v2\/pages\/19430","targetHints":{"allow":["GET"]}}],"collection":[{"href":"https:\/\/comunitamagnificat.org\/tr\/wp-json\/wp\/v2\/pages"}],"about":[{"href":"https:\/\/comunitamagnificat.org\/tr\/wp-json\/wp\/v2\/types\/page"}],"author":[{"embeddable":true,"href":"https:\/\/comunitamagnificat.org\/tr\/wp-json\/wp\/v2\/users\/3"}],"replies":[{"embeddable":true,"href":"https:\/\/comunitamagnificat.org\/tr\/wp-json\/wp\/v2\/comments?post=19430"}],"version-history":[{"count":3,"href":"https:\/\/comunitamagnificat.org\/tr\/wp-json\/wp\/v2\/pages\/19430\/revisions"}],"predecessor-version":[{"id":22617,"href":"https:\/\/comunitamagnificat.org\/tr\/wp-json\/wp\/v2\/pages\/19430\/revisions\/22617"}],"wp:featuredmedia":[{"embeddable":true,"href":"https:\/\/comunitamagnificat.org\/tr\/wp-json\/wp\/v2\/media\/10888"}],"wp:attachment":[{"href":"https:\/\/comunitamagnificat.org\/tr\/wp-json\/wp\/v2\/media?parent=19430"}],"curies":[{"name":"wp","href":"https:\/\/api.w.org\/{rel}","templated":true}]}}