{"id":19441,"date":"2024-08-23T07:46:48","date_gmt":"2024-08-23T05:46:48","guid":{"rendered":"https:\/\/comunitamagnificat.org\/topluluk\/"},"modified":"2024-10-05T19:13:46","modified_gmt":"2024-10-05T17:13:46","slug":"topluluk","status":"publish","type":"page","link":"https:\/\/comunitamagnificat.org\/tr\/topluluk\/","title":{"rendered":"Topluluk"},"content":{"rendered":"\n<div style=\"height:30px\" aria-hidden=\"true\" class=\"wp-block-spacer\"><\/div>\n\n<blockquote class=\"wp-block-quote is-layout-flow wp-block-quote-is-layout-flow\">\n<p><em><strong>Azimle \u00e7al\u0131\u015f\u0131yorlard\u0131.<\/strong> <strong>el\u00e7ilerin \u00f6\u011fretisinde<\/strong> <strong>ve kom\u00fcnyonda, ekme\u011fin k\u0131r\u0131lmas\u0131nda<\/strong> <strong>ve dua ederken.<\/strong><br\/><strong>Herkesin i\u00e7inde bir hu\u015fu duygusu vard\u0131,<\/strong><\/em> <em><strong>ve mucizeler ve i\u015faretler<\/strong><\/em> <em><strong>el\u00e7ilerin \u00e7al\u0131\u015fmalar\u0131 arac\u0131l\u0131\u011f\u0131yla ger\u00e7ekle\u015fmi\u015ftir.<\/strong><\/em><br\/><em><strong>T\u00fcm inananlar bir aradayd\u0131<\/strong><\/em> <em><strong>ve her \u015feyleri ortakt\u0131;<\/strong><\/em> <em><strong>mallar\u0131n\u0131 ve m\u00fclklerini satt\u0131lar<\/strong><\/em> <em><strong>ve herkesle payla\u015ft\u0131,<\/strong><\/em> <em><strong>her birinin ihtiyac\u0131na g\u00f6re.<\/strong><\/em><br\/><em><strong>Her g\u00fcn<\/strong><\/em> <em><strong>tap\u0131nakta birlikte sebat ediyorlard\u0131.<\/strong><\/em> <em><strong>ve evlerde ekmek k\u0131rarak<\/strong><\/em> <em><strong>sevin\u00e7le yiyecek ald\u0131lar<\/strong><\/em> <em><strong>ve Tanr\u0131&#8217;y\u0131 \u00f6ven bir y\u00fcrek sadeli\u011fi<\/strong><\/em> <em><strong>ve t\u00fcm insanlar\u0131n be\u011fenisini kazand\u0131.<\/strong><\/em><br\/><em><strong>Bu arada Tanr\u0131 her g\u00fcn<\/strong><\/em> <em><strong>toplulu\u011fa eklendi<\/strong><\/em> <em><strong>kurtar\u0131lanlar<\/strong><\/em><\/p>\n<cite><em>El\u00e7ilerin \u0130\u015fleri <\/em>2: 42-47<\/cite><\/blockquote>\n\n<div style=\"height:30px\" aria-hidden=\"true\" class=\"wp-block-spacer\"><\/div>\n\n<p>T\u00fcm topluluk in\u015fas\u0131n\u0131n temeli iki kelimede yatmaktad\u0131r: El\u00e7ilerin \u0130\u015fleri&#8217;nde anlat\u0131ld\u0131\u011f\u0131 gibi &#8220;&#8230;<em>birlikteydiler<\/em>&#8230;&#8221;.\nBurada anlat\u0131lan ilk H\u0131ristiyan toplulu\u011fu, Magnificat Toplulu\u011fu&#8217;nun kendisini olu\u015fturmak i\u00e7in bakt\u0131\u011f\u0131 modeldir; Kutsal Ruh&#8217;un her bir ki\u015finin kalbinde ve t\u00fcm bedende hareket eden eylemiyle birlikte ilerler. <\/p>\n\n<div style=\"height:30px\" aria-hidden=\"true\" class=\"wp-block-spacer\"><\/div>\n\n<p>Ortak dua, hayat\u0131 payla\u015fma ve ruhani yolculukla i\u00e7 i\u00e7e ge\u00e7mi\u015f, Tanr\u0131&#8217;n\u0131n Krall\u0131\u011f\u0131 i\u00e7in \u00e7al\u0131\u015fan bu pratik karde\u015flik, Cemaati olu\u015fturan Karde\u015fliklerin modelidir.<\/p>\n\n<div style=\"height:30px\" aria-hidden=\"true\" class=\"wp-block-spacer\"><\/div>\n\n<p>Antla\u015fmalar, kar\u015f\u0131l\u0131kl\u0131 teslimiyet i\u00e7inde ya\u015fayarak kendilerini birbirlerinin vasileri haline getirir.\nVe antla\u015fma topluluk bedeninin ya\u015fam\u0131n\u0131 korur. <\/p>\n\n<div style=\"height:50px\" aria-hidden=\"true\" class=\"wp-block-spacer\"><\/div>\n\n<div style=\"height:30px\" aria-hidden=\"true\" class=\"wp-block-spacer\"><\/div>\n","protected":false},"excerpt":{"rendered":"<p>Azimle \u00e7al\u0131\u015f\u0131yorlard\u0131. el\u00e7ilerin \u00f6\u011fretisinde ve kom\u00fcnyonda, ekme\u011fin k\u0131r\u0131lmas\u0131nda ve dua ederken.Herkesin i\u00e7inde bir hu\u015fu duygusu vard\u0131, ve mucizeler ve i\u015faretler el\u00e7ilerin \u00e7al\u0131\u015fmalar\u0131 arac\u0131l\u0131\u011f\u0131yla ger\u00e7ekle\u015fmi\u015ftir.T\u00fcm inananlar bir aradayd\u0131 ve her \u015feyleri ortakt\u0131; mallar\u0131n\u0131 ve m\u00fclklerini satt\u0131lar ve herkesle payla\u015ft\u0131, her birinin ihtiyac\u0131na g\u00f6re.Her g\u00fcn tap\u0131nakta birlikte sebat ediyorlard\u0131. ve evlerde ekmek k\u0131rarak sevin\u00e7le yiyecek ald\u0131lar ve [&hellip;]<\/p>\n","protected":false},"author":3,"featured_media":10876,"parent":0,"menu_order":0,"comment_status":"closed","ping_status":"closed","template":"","meta":{"om_disable_all_campaigns":false,"_monsterinsights_skip_tracking":false,"_monsterinsights_sitenote_active":false,"_monsterinsights_sitenote_note":"","_monsterinsights_sitenote_category":0,"_uf_show_specific_survey":0,"_uf_disable_surveys":false,"footnotes":""},"class_list":["post-19441","page","type-page","status-publish","has-post-thumbnail","hentry"],"aioseo_notices":[],"_links":{"self":[{"href":"https:\/\/comunitamagnificat.org\/tr\/wp-json\/wp\/v2\/pages\/19441","targetHints":{"allow":["GET"]}}],"collection":[{"href":"https:\/\/comunitamagnificat.org\/tr\/wp-json\/wp\/v2\/pages"}],"about":[{"href":"https:\/\/comunitamagnificat.org\/tr\/wp-json\/wp\/v2\/types\/page"}],"author":[{"embeddable":true,"href":"https:\/\/comunitamagnificat.org\/tr\/wp-json\/wp\/v2\/users\/3"}],"replies":[{"embeddable":true,"href":"https:\/\/comunitamagnificat.org\/tr\/wp-json\/wp\/v2\/comments?post=19441"}],"version-history":[{"count":2,"href":"https:\/\/comunitamagnificat.org\/tr\/wp-json\/wp\/v2\/pages\/19441\/revisions"}],"predecessor-version":[{"id":21375,"href":"https:\/\/comunitamagnificat.org\/tr\/wp-json\/wp\/v2\/pages\/19441\/revisions\/21375"}],"wp:featuredmedia":[{"embeddable":true,"href":"https:\/\/comunitamagnificat.org\/tr\/wp-json\/wp\/v2\/media\/10876"}],"wp:attachment":[{"href":"https:\/\/comunitamagnificat.org\/tr\/wp-json\/wp\/v2\/media?parent=19441"}],"curies":[{"name":"wp","href":"https:\/\/api.w.org\/{rel}","templated":true}]}}