{"id":20570,"date":"2024-08-23T09:13:30","date_gmt":"2024-08-23T07:13:30","guid":{"rendered":"https:\/\/comunitamagnificat.org\/cerez-politikasi\/"},"modified":"2024-08-23T09:13:34","modified_gmt":"2024-08-23T07:13:34","slug":"cerez-politikasi","status":"publish","type":"page","link":"https:\/\/comunitamagnificat.org\/tr\/cerez-politikasi\/","title":{"rendered":"\u00c7erez politikas\u0131"},"content":{"rendered":"\n<div style=\"height:50px\" aria-hidden=\"true\" class=\"wp-block-spacer\"><\/div>\n\n<h1 class=\"wp-block-heading\">Sitedeki \u00e7erezlerin kullan\u0131m\u0131 hakk\u0131nda geni\u015fletilmi\u015f bilgi<\/h1>\n\n<div style=\"height:20px\" aria-hidden=\"true\" class=\"wp-block-spacer\"><\/div>\n\n<p>Bu vesileyle, 679\/2016 say\u0131l\u0131 AB Y\u00f6netmeli\u011fi (GDPR) uyar\u0131nca, site kullan\u0131c\u0131lar\u0131na kullan\u0131lan \u00e7erezler hakk\u0131nda baz\u0131 bilgiler sunuyoruz.<\/p>\n\n<div style=\"height:20px\" aria-hidden=\"true\" class=\"wp-block-spacer\"><\/div>\n\n<h2 class=\"wp-block-heading\">\u00c7erezler nedir<\/h2>\n\n<div style=\"height:20px\" aria-hidden=\"true\" class=\"wp-block-spacer\"><\/div>\n\n<p>\u00c7erezler, \u0130nternet kullan\u0131c\u0131s\u0131n\u0131n tercihlerini dikkate alan dosyalard\u0131r ve tarama deneyimini iyile\u015ftirmek ve i\u00e7eri\u011fi kullan\u0131c\u0131n\u0131n tercihlerine g\u00f6re \u00f6zelle\u015ftirmek i\u00e7in kullan\u0131lan taray\u0131c\u0131da (Internet Explorer, Mozilla Firefox, Google Chrome, vb.) saklan\u0131r.<\/p>\n\n<div style=\"height:20px\" aria-hidden=\"true\" class=\"wp-block-spacer\"><\/div>\n\n<p>Bu sitede gezinirken, terminal ekipman\u0131n\u0131zda &#8216;\u00fc\u00e7\u00fcnc\u00fc taraf&#8217; \u00e7erezleri de alabilirsiniz, \u00e7\u00fcnk\u00fc web sitesi, istenen sayfan\u0131n bulundu\u011fu sunucudan ba\u015fka sunucularda bulunan \u00f6\u011feler i\u00e7erir.<\/p>\n\n<div style=\"height:20px\" aria-hidden=\"true\" class=\"wp-block-spacer\"><\/div>\n\n<p>\u00c7erezler, tarama deneyimini iyile\u015ftirmek ve m\u00fcmk\u00fcn oldu\u011funca ki\u015fiselle\u015ftirmek i\u00e7in bilgisayar kimlik do\u011frulamas\u0131, oturum izleme ve sunucuya eri\u015fen kullan\u0131c\u0131lar hakk\u0131nda belirli bilgilerin depolanmas\u0131 i\u00e7in kullan\u0131l\u0131r.<\/p>\n\n<div style=\"height:20px\" aria-hidden=\"true\" class=\"wp-block-spacer\"><\/div>\n\n<h2 class=\"wp-block-heading\">Sitede kullan\u0131lan \u00e7erezler<\/h2>\n\n<div style=\"height:20px\" aria-hidden=\"true\" class=\"wp-block-spacer\"><\/div>\n\n<p>Bu site yaln\u0131zca teknik \u00e7erezler kullanmaktad\u0131r ve bu \u00e7erezler i\u00e7in GDPR kapsam\u0131nda ilgili ki\u015fiden herhangi bir onay al\u0131nmas\u0131 gerekmemektedir.<\/p>\n\n<div style=\"height:20px\" aria-hidden=\"true\" class=\"wp-block-spacer\"><\/div>\n\n<h3 class=\"wp-block-heading\">Site \u015funlar\u0131 kullan\u0131r<\/h3>\n\n<div style=\"height:20px\" aria-hidden=\"true\" class=\"wp-block-spacer\"><\/div>\n\n<ul class=\"wp-block-list\"><li>Kullan\u0131c\u0131n\u0131n gezinmesi i\u00e7in gerekli olan, sitenin belirli alanlar\u0131n\u0131n d\u00fczg\u00fcn \u00e7al\u0131\u015fmas\u0131 i\u00e7in gereken teknik \u00e7erezler.\nBu \u00e7erezler olmadan site veya sitenin belirli b\u00f6l\u00fcmleri d\u00fczg\u00fcn \u00e7al\u0131\u015fmayabilir.\nBu nedenle, kullan\u0131c\u0131n\u0131n tercihlerinden ba\u011f\u0131ms\u0131z olarak her zaman kullan\u0131l\u0131rlar.  <\/li><li>Kullan\u0131c\u0131 navigasyonunu kolayla\u015ft\u0131ran i\u015flevsel teknik \u00e7erezler.<\/li><li>S\u00fcresi dolana kadar, siteyi zaten ziyaret etmi\u015f ve \u00e7erezi kabul etmi\u015f olan kullan\u0131c\u0131ya k\u0131sa bilgi i\u00e7eren banner&#8217;\u0131 g\u00f6stermeyen teknik \u00e7erez.<\/li><\/ul>\n\n<div style=\"height:20px\" aria-hidden=\"true\" class=\"wp-block-spacer\"><\/div>\n\n<p>Yukar\u0131da listelenen t\u00fcm \u00e7erezler, hizmetin sa\u011flanmas\u0131 i\u00e7in kesinlikle gerekli olduklar\u0131ndan, kullan\u0131c\u0131n\u0131n onay\u0131 talep edilmeksizin kullan\u0131labilir.<\/p>\n\n<div style=\"height:20px\" aria-hidden=\"true\" class=\"wp-block-spacer\"><\/div>\n\n<h3 class=\"wp-block-heading\">Sitede kullan\u0131lan \u00fc\u00e7\u00fcnc\u00fc taraf \u00e7erezleri<\/h3>\n\n<div style=\"height:20px\" aria-hidden=\"true\" class=\"wp-block-spacer\"><\/div>\n\n<p>Bu sayede, profil olu\u015fturma \u00e7erezleri de dahil olmak \u00fczere, banner \u00fczerindeki &#8220;kabul et&#8221; se\u00e7ene\u011fine t\u0131klanarak veya sitede gezinmeye devam edilerek etkinle\u015ftirilen belirli \u00fc\u00e7\u00fcnc\u00fc taraf \u00e7erezleri y\u00fcklenir.\nBurada, m\u00fcnferit \u00fc\u00e7\u00fcnc\u00fc taraf \u00e7erezlerinin ayr\u0131nt\u0131lar\u0131 ve kullan\u0131c\u0131n\u0131n daha fazla bilgi alabilece\u011fi ve devre d\u0131\u015f\u0131 b\u0131rakma talebinde bulunabilece\u011fi ba\u011flant\u0131lar yer almaktad\u0131r. <\/p>\n\n<div style=\"height:20px\" aria-hidden=\"true\" class=\"wp-block-spacer\"><\/div>\n\n<h3 class=\"wp-block-heading\">Google Analytics<\/h3>\n\n<div style=\"height:20px\" aria-hidden=\"true\" class=\"wp-block-spacer\"><\/div>\n\n<p>Site, Google Inc. taraf\u0131ndan sa\u011flanan bir web analiz hizmeti olan Google Analytics&#8217;i kullanmaktad\u0131r.\ntaraf\u0131ndan sa\u011flanan bir web analiz hizmeti olan Google Analytics&#8217;i kullanmaktad\u0131r ve bu hizmet, sitenin kullan\u0131m\u0131 hakk\u0131nda toplu bi\u00e7imde istatistiksel analiz yap\u0131lmas\u0131na olanak sa\u011flamak i\u00e7in kullan\u0131c\u0131n\u0131n bilgisayar\u0131nda depolanan \u00e7erezleri kullanmaktad\u0131r.\nGoogle Analytics taraf\u0131ndan olu\u015fturulan veriler, <a href=\"https:\/\/developers.google.com\/analytics\/devguides\/collection\/analyticsjs\/cookie-usage\" target=\"_blank\" rel=\"noreferrer noopener\">burada<\/a> bulunan Bilgi Bildiriminde belirtildi\u011fi gibi Google taraf\u0131ndan saklan\u0131r <a href=\"https:\/\/developers.google.com\/analytics\/devguides\/collection\/analyticsjs\/cookie-usage\" target=\"_blank\" rel=\"noreferrer noopener\">.<\/a>  <\/p>\n\n<div style=\"height:20px\" aria-hidden=\"true\" class=\"wp-block-spacer\"><\/div>\n\n<p>Google Analytics hizmetinin \u00f6zerk veri denetleyicisi olan Google Inc. \u015firketinin gizlilik politikas\u0131na ba\u015fvurmak i\u00e7in <a href=\"https:\/\/www.google.com\/intl\/it_ALL\/analytics\/learn\/privacy.html\" target=\"_blank\" rel=\"noreferrer noopener\">buraya<\/a> t\u0131klay\u0131n.<\/p>\n\n<div style=\"height:20px\" aria-hidden=\"true\" class=\"wp-block-spacer\"><\/div>\n\n<p>Bu <a href=\"https:\/\/tools.google.com\/dlpage\/gaoptout?hl=it\" target=\"_blank\" rel=\"noreferrer noopener\">ba\u011flant\u0131<\/a> arac\u0131l\u0131\u011f\u0131yla Google, Google Analytics&#8217;i devre d\u0131\u015f\u0131 b\u0131rakmak i\u00e7in taray\u0131c\u0131 eklentisini kullan\u0131ma sunar.<\/p>\n\n<div style=\"height:20px\" aria-hidden=\"true\" class=\"wp-block-spacer\"><\/div>\n\n<h3 class=\"wp-block-heading\">Sosyal a\u011flar<\/h3>\n\n<div style=\"height:20px\" aria-hidden=\"true\" class=\"wp-block-spacer\"><\/div>\n\n<p>Sosyal d\u00fc\u011fmeler, sitede gezinen kullan\u0131c\u0131lar\u0131n bir &#8216;t\u0131klama&#8217; ile do\u011frudan sosyal a\u011flarla etkile\u015fime girmesine olanak tan\u0131yan d\u00fc\u011fmelerdir.<\/p>\n\n<div style=\"height:20px\" aria-hidden=\"true\" class=\"wp-block-spacer\"><\/div>\n\n<p>Bu site taraf\u0131ndan, sahibinin veya gezginin belirlenen sosyal a\u011fdaki hesaplar\u0131na ba\u011flant\u0131 olarak kullan\u0131l\u0131rlar.\nBu nedenle, bu d\u00fc\u011fmelerin kullan\u0131m\u0131 yoluyla bu siteye hi\u00e7bir \u00fc\u00e7\u00fcnc\u00fc taraf \u00e7erezi y\u00fcklenmez.\nBurada, kullan\u0131c\u0131n\u0131n d\u00fc\u011fmelerin at\u0131fta bulundu\u011fu sosyal a\u011flar taraf\u0131ndan veri y\u00f6netimi ile ilgili gizlilik politikas\u0131n\u0131 g\u00f6r\u00fcnt\u00fcleyebilece\u011fi ba\u011flant\u0131lar bulunmaktad\u0131r.  <\/p>\n\n<div style=\"height:20px\" aria-hidden=\"true\" class=\"wp-block-spacer\"><\/div>\n\n<p><a href=\"https:\/\/help.twitter.com\/it\/rules-and-policies\/twitter-cookies\" target=\"_blank\" rel=\"noreferrer noopener\">Twitter Politikas\u0131 Ba\u011flant\u0131s\u0131<\/a><br\/><a href=\"https:\/\/www.facebook.com\/policies\/cookies\/\" target=\"_blank\" rel=\"noreferrer noopener\">Facebook Politikas\u0131 Ba\u011flant\u0131s\u0131<\/a><br\/><a href=\"https:\/\/www.linkedin.com\/legal\/cookie_policy\" target=\"_blank\" rel=\"noreferrer noopener\">Linkedin Politika Ba\u011flant\u0131s\u0131<\/a><br\/><a href=\"https:\/\/policies.google.com\/privacy?hl=it\" target=\"_blank\" rel=\"noreferrer noopener\">Google+ Politika Ba\u011flant\u0131s\u0131<\/a><br\/><a href=\"https:\/\/policy.pinterest.com\/it\/privacy-policy\" target=\"_blank\" rel=\"noreferrer noopener\">Pinterest Politika Ba\u011flant\u0131s\u0131<\/a><\/p>\n\n<div style=\"height:20px\" aria-hidden=\"true\" class=\"wp-block-spacer\"><\/div>\n\n<h3 class=\"wp-block-heading\">Web Yaz\u0131 Tipleri<\/h3>\n\n<div style=\"height:20px\" aria-hidden=\"true\" class=\"wp-block-spacer\"><\/div>\n\n<p>Google Fonts, Google Inc. \u015firketinin bir hizmetidir.\n&#8216;in bir hizmetidir ve \u00f6zelle\u015ftirilmi\u015f yaz\u0131 tipi stillerini yerle\u015ftirmenize ve g\u00f6r\u00fcnt\u00fclemenize olanak tan\u0131r.\n\u00c7erezlerde kullan\u0131m verileri toplayabilir.  <\/p>\n\n<div style=\"height:20px\" aria-hidden=\"true\" class=\"wp-block-spacer\"><\/div>\n\n<p><a href=\"https:\/\/policies.google.com\/privacy?hl=en&gl=it\" target=\"_blank\" rel=\"noreferrer noopener\"><\/a><a href=\"https:\/\/policies.google.com\/privacy?hl=en&gl=it\">Google Politika Ba\u011flant\u0131s\u0131<\/a><\/p>\n\n<div style=\"height:20px\" aria-hidden=\"true\" class=\"wp-block-spacer\"><\/div>\n\n<h3 class=\"wp-block-heading\">YouTube ve Vimeo<\/h3>\n\n<div style=\"height:20px\" aria-hidden=\"true\" class=\"wp-block-spacer\"><\/div>\n\n<p>YouTube (Google Inc. taraf\u0131ndan i\u015fletilmektedir) ve Vimeo, filmleri kendi sitelerinin sayfalar\u0131na entegre etme imkan\u0131 ile video i\u00e7eri\u011fini g\u00f6r\u00fcnt\u00fclemeye adanm\u0131\u015f hizmetlerdir.\nHer ikisi de \u00e7erezlerde kullan\u0131m verileri toplar. <\/p>\n\n<div style=\"height:20px\" aria-hidden=\"true\" class=\"wp-block-spacer\"><\/div>\n\n<p><a href=\"https:\/\/policies.google.com\/privacy?hl=it&gl=it\" target=\"_blank\" rel=\"noreferrer noopener\">YouTube Politikas\u0131 Ba\u011flant\u0131s\u0131<\/a><br\/><a href=\"https:\/\/vimeo.com\/privacy\" target=\"_blank\" rel=\"noreferrer noopener\">Vimeo Politika Ba\u011flant\u0131s\u0131<\/a><\/p>\n\n<div style=\"height:20px\" aria-hidden=\"true\" class=\"wp-block-spacer\"><\/div>\n\n<h2 class=\"wp-block-heading\">Tedavi y\u00f6ntemleri<\/h2>\n\n<div style=\"height:20px\" aria-hidden=\"true\" class=\"wp-block-spacer\"><\/div>\n\n<p>\u0130\u015fleme otomatik ara\u00e7lar kullan\u0131larak ger\u00e7ekle\u015ftirilir ve herhangi bir yayma veya ileti\u015fim ger\u00e7ekle\u015fmez.<\/p>\n\n<div style=\"height:20px\" aria-hidden=\"true\" class=\"wp-block-spacer\"><\/div>\n\n<h2 class=\"wp-block-heading\">Veri sa\u011flanmas\u0131<\/h2>\n\n<div style=\"height:20px\" aria-hidden=\"true\" class=\"wp-block-spacer\"><\/div>\n\n<p>Normal tarama i\u00e7in kesinlikle gerekli olan teknik \u00e7erezler haricinde, verilerin sa\u011flanmas\u0131, belirli ba\u015fl\u0131kta yer alan k\u0131sa bilgileri okuduktan sonra siteye g\u00f6z atmaya ve \u00e7erezlerin y\u00fcklenmesini i\u00e7eren hizmetleri kullanmaya karar veren ilgili taraf\u0131n iradesine b\u0131rak\u0131lm\u0131\u015ft\u0131r.<\/p>\n\n<div style=\"height:20px\" aria-hidden=\"true\" class=\"wp-block-spacer\"><\/div>\n\n<h2 class=\"wp-block-heading\">\u00c7erezlerin saklanmas\u0131<\/h2>\n\n<div style=\"height:20px\" aria-hidden=\"true\" class=\"wp-block-spacer\"><\/div>\n\n<p>\u00c7erezler, verilerin toplanma ama\u00e7lar\u0131na ula\u015fmak i\u00e7in gerekli oldu\u011fu s\u00fcrece ve her durumda, toplanmalar\u0131ndan sonra 3 y\u0131ldan daha uzun olmamak \u00fczere, GDPR ile tam uyumlu olarak kullan\u0131lacakt\u0131r.<\/p>\n\n<div style=\"height:20px\" aria-hidden=\"true\" class=\"wp-block-spacer\"><\/div>\n\n<h2 class=\"wp-block-heading\">\u00c7erezleri Devre D\u0131\u015f\u0131 B\u0131rakma<\/h2>\n\n<div style=\"height:20px\" aria-hidden=\"true\" class=\"wp-block-spacer\"><\/div>\n\n<p>Tarama i\u00e7in kesinlikle gerekli olan \u00e7erezlerle ilgili yukar\u0131dakilere bak\u0131lmaks\u0131z\u0131n, kullan\u0131c\u0131lar di\u011fer \u00e7erezleri do\u011frudan taray\u0131c\u0131lar\u0131 arac\u0131l\u0131\u011f\u0131yla y\u00f6netebilir veya s\u0131n\u0131rland\u0131rabilir.<\/p>\n\n<div style=\"height:20px\" aria-hidden=\"true\" class=\"wp-block-spacer\"><\/div>\n\n<p>Ancak, her taray\u0131c\u0131n\u0131n ayarlar\u0131 y\u00f6netmek i\u00e7in farkl\u0131 prosed\u00fcrleri vard\u0131r.\nKullan\u0131c\u0131, a\u015fa\u011f\u0131daki ba\u011flant\u0131lar arac\u0131l\u0131\u011f\u0131yla \u00f6zel talimatlar edinebilir. <\/p>\n\n<div style=\"height:20px\" aria-hidden=\"true\" class=\"wp-block-spacer\"><\/div>\n\n<p><a href=\"https:\/\/support.microsoft.com\/en-us\/help\/17442\/windows-internet-explorer-delete-manage-cookies\" target=\"_blank\" rel=\"noreferrer noopener\">Microsoft Internet Explorer<\/a><br\/><a href=\"https:\/\/support.google.com\/chrome\/answer\/95647?hl=it&p=cpn_cookies\" target=\"_blank\" rel=\"noreferrer noopener\">Google Chrome<\/a><br\/><a href=\"https:\/\/support.mozilla.org\/it\/kb\/Attivare%20e%20disattivare%20i%20cookie\" target=\"_blank\" rel=\"noreferrer noopener\">Mozilla Firefox<\/a><br\/><a href=\"https:\/\/support.apple.com\/kb\/PH17191?viewlocale=it_IT&locale=it_IT\" target=\"_blank\" rel=\"noreferrer noopener\">Apple Safari<\/a><br\/><a href=\"http:\/\/help.opera.com\/Windows\/10.00\/it\/cookies.html\" target=\"_blank\" rel=\"noreferrer noopener\">Opera<\/a><\/p>\n\n<div style=\"height:20px\" aria-hidden=\"true\" class=\"wp-block-spacer\"><\/div>\n\n<p>\u00dc\u00e7\u00fcnc\u00fc taraf \u00e7erezlerinin devre d\u0131\u015f\u0131 b\u0131rak\u0131lmas\u0131, &#8216;Sitede kullan\u0131lan \u00fc\u00e7\u00fcnc\u00fc taraf \u00e7erezleri&#8217; b\u00f6l\u00fcm\u00fcnde verilen ba\u011flant\u0131larda belirtildi\u011fi gibi, do\u011frudan bu t\u00fcr i\u015flemlerden sorumlu \u00fc\u00e7\u00fcnc\u00fc taraf \u015firket taraf\u0131ndan sunulan y\u00f6ntemlerle de m\u00fcmk\u00fcnd\u00fcr.<\/p>\n\n<div style=\"height:20px\" aria-hidden=\"true\" class=\"wp-block-spacer\"><\/div>\n\n<h2 class=\"wp-block-heading\">Veri sahibinin haklar\u0131<\/h2>\n\n<div style=\"height:20px\" aria-hidden=\"true\" class=\"wp-block-spacer\"><\/div>\n\n<p>Veri sahibi, veri sorumlusuna bir e-posta g\u00f6ndererek 679\/2016 say\u0131l\u0131 AB Y\u00f6netmeli\u011finde belirtilen haklar\u0131n\u0131 istedi\u011fi zaman ileri s\u00fcrebilir<\/p>\n\n<div style=\"height:50px\" aria-hidden=\"true\" class=\"wp-block-spacer\"><\/div>\n","protected":false},"excerpt":{"rendered":"<p>Sitedeki \u00e7erezlerin kullan\u0131m\u0131 hakk\u0131nda geni\u015fletilmi\u015f bilgi Bu vesileyle, 679\/2016 say\u0131l\u0131 AB Y\u00f6netmeli\u011fi (GDPR) uyar\u0131nca, site kullan\u0131c\u0131lar\u0131na kullan\u0131lan \u00e7erezler hakk\u0131nda baz\u0131 bilgiler sunuyoruz. \u00c7erezler nedir \u00c7erezler, \u0130nternet kullan\u0131c\u0131s\u0131n\u0131n tercihlerini dikkate alan dosyalard\u0131r ve tarama deneyimini iyile\u015ftirmek ve i\u00e7eri\u011fi kullan\u0131c\u0131n\u0131n tercihlerine g\u00f6re \u00f6zelle\u015ftirmek i\u00e7in kullan\u0131lan taray\u0131c\u0131da (Internet Explorer, Mozilla Firefox, Google Chrome, vb.) saklan\u0131r. Bu sitede gezinirken, [&hellip;]<\/p>\n","protected":false},"author":2,"featured_media":10724,"parent":0,"menu_order":0,"comment_status":"closed","ping_status":"closed","template":"","meta":{"om_disable_all_campaigns":false,"_monsterinsights_skip_tracking":false,"_monsterinsights_sitenote_active":false,"_monsterinsights_sitenote_note":"","_monsterinsights_sitenote_category":0,"_uf_show_specific_survey":0,"_uf_disable_surveys":false,"footnotes":""},"class_list":["post-20570","page","type-page","status-publish","has-post-thumbnail","hentry"],"aioseo_notices":[],"_links":{"self":[{"href":"https:\/\/comunitamagnificat.org\/tr\/wp-json\/wp\/v2\/pages\/20570","targetHints":{"allow":["GET"]}}],"collection":[{"href":"https:\/\/comunitamagnificat.org\/tr\/wp-json\/wp\/v2\/pages"}],"about":[{"href":"https:\/\/comunitamagnificat.org\/tr\/wp-json\/wp\/v2\/types\/page"}],"author":[{"embeddable":true,"href":"https:\/\/comunitamagnificat.org\/tr\/wp-json\/wp\/v2\/users\/2"}],"replies":[{"embeddable":true,"href":"https:\/\/comunitamagnificat.org\/tr\/wp-json\/wp\/v2\/comments?post=20570"}],"version-history":[{"count":1,"href":"https:\/\/comunitamagnificat.org\/tr\/wp-json\/wp\/v2\/pages\/20570\/revisions"}],"predecessor-version":[{"id":20571,"href":"https:\/\/comunitamagnificat.org\/tr\/wp-json\/wp\/v2\/pages\/20570\/revisions\/20571"}],"wp:featuredmedia":[{"embeddable":true,"href":"https:\/\/comunitamagnificat.org\/tr\/wp-json\/wp\/v2\/media\/10724"}],"wp:attachment":[{"href":"https:\/\/comunitamagnificat.org\/tr\/wp-json\/wp\/v2\/media?parent=20570"}],"curies":[{"name":"wp","href":"https:\/\/api.w.org\/{rel}","templated":true}]}}