{"id":20578,"date":"2024-08-23T09:41:39","date_gmt":"2024-08-23T07:41:39","guid":{"rendered":"https:\/\/comunitamagnificat.org\/gelin-ve-gorun\/"},"modified":"2024-08-23T09:41:41","modified_gmt":"2024-08-23T07:41:41","slug":"gelin-ve-gorun","status":"publish","type":"page","link":"https:\/\/comunitamagnificat.org\/tr\/gelin-ve-gorun\/","title":{"rendered":"Gelin ve G\u00f6r\u00fcn"},"content":{"rendered":"\n<div style=\"height:30px\" aria-hidden=\"true\" class=\"wp-block-spacer\"><\/div>\n\n<p><strong><em>Gelin ve G\u00f6r\u00fcn<\/em><\/strong>\u0130lk kez 1982 y\u0131l\u0131nda bir RnS Animat\u00f6rler Konferans\u0131 vesilesiyle yay\u0131nlanan bu <strong>dergi<\/strong>, Magnificat Toplulu\u011fu&#8217;nun peygamberane bir sezgiyle <strong>son k\u0131rk y\u0131ld\u0131r kesintisiz olarak<\/strong> \u00e7\u0131kard\u0131\u011f\u0131 <strong>derinlemesine \u00e7al\u0131\u015fma ve e\u011fitim dergisidir<\/strong>.<\/p>\n\n<div style=\"height:30px\" aria-hidden=\"true\" class=\"wp-block-spacer\"><\/div>\n\n<p>Her dergi <strong>bir <\/strong> <strong>dua<\/strong> ile a\u00e7\u0131l\u0131r, <strong>bir giri\u015f makalesi <\/strong>i\u00e7erir ve daha sonra, zaman i\u00e7inde olduk\u00e7a sad\u0131k kalan <strong>bir <\/strong>modeli izleyerek, <strong>Tanr\u0131 S\u00f6z\u00fc<\/strong> <strong>&#8216;<\/strong>nden, <strong>Magisterium<\/strong>&#8216;dan, <strong>patristikten <\/strong>ve <strong>topluluk<\/strong> <strong>yans\u0131malar\u0131ndan <\/strong>al\u0131nan unsurlarla <strong>bir temay\u0131 inceler <\/strong>ve genellikle <strong>tan\u0131kl\u0131klarla<\/strong> sona erer.<\/p>\n\n<div style=\"height:30px\" aria-hidden=\"true\" class=\"wp-block-spacer\"><\/div>\n\n<p><a href=\"https:\/\/comunitamagnificat.org\/tr\/gel-ve-gor-arsivi\/\" data-type=\"page\" data-id=\"1328\">Buraya<\/a> (ve a\u015fa\u011f\u0131daki resme) t\u0131klad\u0131\u011f\u0131n\u0131zda, yay\u0131nlanan t\u00fcm dergileri bulabilece\u011finiz sayfaya y\u00f6nlendirileceksiniz.<\/p>\n\n<div style=\"height:30px\" aria-hidden=\"true\" class=\"wp-block-spacer\"><\/div>\n\n<div class=\"wp-block-columns is-layout-flex wp-container-core-columns-is-layout-9d6595d7 wp-block-columns-is-layout-flex\">\n<div class=\"wp-block-column is-layout-flow wp-block-column-is-layout-flow\" style=\"flex-basis:10%\"><\/div>\n\n\n\n<div class=\"wp-block-column is-layout-flow wp-block-column-is-layout-flow\">\n<figure class=\"wp-block-image size-large\"><a href=\"https:\/\/comunitamagnificat.org\/tr\/gel-ve-gor-arsivi\/\"><picture data-lightbox=\"https:\/\/comunitamagnificat.org\/wp-content\/uploads\/2021\/04\/Venite-e-Vedrete-4.jpg\"><source type='image\/jpeg' srcset='https:\/\/comunitamagnificat.org\/wp-content\/uploads\/2021\/04\/Venite-e-Vedrete-4.jpg 1699w, https:\/\/comunitamagnificat.org\/wp-content\/uploads\/2021\/04\/Venite-e-Vedrete-4-300x118.jpg 300w, https:\/\/comunitamagnificat.org\/wp-content\/uploads\/2021\/04\/Venite-e-Vedrete-4-1024x404.jpg 1024w, https:\/\/comunitamagnificat.org\/wp-content\/uploads\/2021\/04\/Venite-e-Vedrete-4-768x303.jpg 768w, https:\/\/comunitamagnificat.org\/wp-content\/uploads\/2021\/04\/Venite-e-Vedrete-4-1536x607.jpg 1536w' sizes='(max-width: 1699px) 100vw, 1699px' \/><img loading=\"lazy\" decoding=\"async\" width=\"1024\" height=\"404\" src=\"https:\/\/comunitamagnificat.org\/wp-content\/uploads\/2021\/04\/Venite-e-Vedrete-4-1024x404.jpg\" alt=\"\" class=\"wp-image-7736\"\/><\/picture><\/a><\/figure>\n<\/div>\n\n\n\n<div class=\"wp-block-column is-layout-flow wp-block-column-is-layout-flow\" style=\"flex-basis:10%\"><\/div>\n<\/div>\n\n<div style=\"height:30px\" aria-hidden=\"true\" class=\"wp-block-spacer\"><\/div>\n\n<p><em>H\u0131ristiyan toplumunda karizmatik ya\u015fam\u0131n olu\u015fumuna adanm\u0131\u015f s\u00fcreli yay\u0131n.<\/em><\/p>\n\n<p><em><br\/><br\/><br\/>Magnificat Toplulu\u011fu taraf\u0131ndan d\u00fczenlenen derginin tematik bir yakla\u015f\u0131m\u0131 vard\u0131r: her say\u0131 bir konuyu ayr\u0131nt\u0131l\u0131 ve derinlemesine ele al\u0131r.<strong>Genel<\/strong><strong>Yay\u0131n<\/strong><strong>Y\u00f6netmeni<\/strong>: Oreste Pesare<strong>Yaz\u0131 \u0130\u015fleri<\/strong><strong>M\u00fcd\u00fcr\u00fc:<\/strong> Don Davide Maloberti<strong>Edit\u00f6rler<\/strong>: Elisabetta Canoro, Lorenzo Carloni, Maria Rita Castellani, Valentina Mandoloni, Angela Passetti, Francesca Tura Menghini.<\/em> <\/p>\n\n<div style=\"height:30px\" aria-hidden=\"true\" class=\"wp-block-spacer\"><\/div>\n\n<p><br\/><br\/> \u00dcCRETS\u0130Z dijital versiyonu almak i\u00e7in: <strong> <a href=\"mailto:veniteevedrete@comunitamagnificat.org\">veniteevedrete@comunitamagnificat.org<\/a> adresine yaz\u0131n ve e-postan\u0131n konu sat\u0131r\u0131nda belirtin: GEL VE DIJITAL FORMATTA G\u00d6R.<\/strong><\/p>\n\n<div style=\"height:30px\" aria-hidden=\"true\" class=\"wp-block-spacer\"><\/div>\n\n<div class=\"wp-block-columns is-layout-flex wp-container-core-columns-is-layout-9d6595d7 wp-block-columns-is-layout-flex\">\n<div class=\"wp-block-column is-layout-flow wp-block-column-is-layout-flow\">\n<p><strong><em>Come and See<\/em> \u00fccretsiz bir dergidir<\/strong>.<\/p>\n\n\n\n<p><br\/><br\/>Dileyenler Magnificat Toplulu\u011fu ad\u0131na a\u015fa\u011f\u0131daki IBAN numaras\u0131na \u00fccretsiz ba\u011f\u0131\u015fta bulunabilirler: IT 49 S 02008 03039 000 102071988<\/p>\n<\/div>\n<\/div>\n\n<div style=\"height:30px\" aria-hidden=\"true\" class=\"wp-block-spacer\"><\/div>\n\n<p><br\/><br\/><br\/><br\/><br\/> S<strong>ekreterya ve yayg\u0131nla\u015ft\u0131rma hizmeti:<\/strong> Genel Sekreterlik Magnificat Toplulu\u011fu c\/o Complesso San Manno &#8211; Via Fra Giovanni da Pian di Carpine, 63 06127 PERUGIA Tel\/Faks 075 5057190 Posta: <a href=\"mailto:veniteevedrete@comunitamagnificat.org\">veniteevedrete@comunitamagnificat.org<\/a><\/p>\n\n<div style=\"height:50px\" aria-hidden=\"true\" class=\"wp-block-spacer\"><\/div>\n","protected":false},"excerpt":{"rendered":"<p>Gelin ve G\u00f6r\u00fcn\u0130lk kez 1982 y\u0131l\u0131nda bir RnS Animat\u00f6rler Konferans\u0131 vesilesiyle yay\u0131nlanan bu dergi, Magnificat Toplulu\u011fu&#8217;nun peygamberane bir sezgiyle son k\u0131rk y\u0131ld\u0131r kesintisiz olarak \u00e7\u0131kard\u0131\u011f\u0131 derinlemesine \u00e7al\u0131\u015fma ve e\u011fitim dergisidir. Her dergi bir dua ile a\u00e7\u0131l\u0131r, bir giri\u015f makalesi i\u00e7erir ve daha sonra, zaman i\u00e7inde olduk\u00e7a sad\u0131k kalan bir modeli izleyerek, Tanr\u0131 S\u00f6z\u00fc &#8216;nden, Magisterium&#8216;dan, [&hellip;]<\/p>\n","protected":false},"author":1,"featured_media":15588,"parent":0,"menu_order":0,"comment_status":"closed","ping_status":"closed","template":"","meta":{"om_disable_all_campaigns":false,"_monsterinsights_skip_tracking":false,"_monsterinsights_sitenote_active":false,"_monsterinsights_sitenote_note":"","_monsterinsights_sitenote_category":0,"_uf_show_specific_survey":0,"_uf_disable_surveys":false,"footnotes":""},"class_list":["post-20578","page","type-page","status-publish","has-post-thumbnail","hentry"],"aioseo_notices":[],"_links":{"self":[{"href":"https:\/\/comunitamagnificat.org\/tr\/wp-json\/wp\/v2\/pages\/20578","targetHints":{"allow":["GET"]}}],"collection":[{"href":"https:\/\/comunitamagnificat.org\/tr\/wp-json\/wp\/v2\/pages"}],"about":[{"href":"https:\/\/comunitamagnificat.org\/tr\/wp-json\/wp\/v2\/types\/page"}],"author":[{"embeddable":true,"href":"https:\/\/comunitamagnificat.org\/tr\/wp-json\/wp\/v2\/users\/1"}],"replies":[{"embeddable":true,"href":"https:\/\/comunitamagnificat.org\/tr\/wp-json\/wp\/v2\/comments?post=20578"}],"version-history":[{"count":1,"href":"https:\/\/comunitamagnificat.org\/tr\/wp-json\/wp\/v2\/pages\/20578\/revisions"}],"predecessor-version":[{"id":20579,"href":"https:\/\/comunitamagnificat.org\/tr\/wp-json\/wp\/v2\/pages\/20578\/revisions\/20579"}],"wp:featuredmedia":[{"embeddable":true,"href":"https:\/\/comunitamagnificat.org\/tr\/wp-json\/wp\/v2\/media\/15588"}],"wp:attachment":[{"href":"https:\/\/comunitamagnificat.org\/tr\/wp-json\/wp\/v2\/media?parent=20578"}],"curies":[{"name":"wp","href":"https:\/\/api.w.org\/{rel}","templated":true}]}}