{"id":20586,"date":"2024-08-23T10:04:15","date_gmt":"2024-08-23T08:04:15","guid":{"rendered":"https:\/\/comunitamagnificat.org\/yayinlar\/"},"modified":"2024-08-23T10:04:19","modified_gmt":"2024-08-23T08:04:19","slug":"yayinlar","status":"publish","type":"page","link":"https:\/\/comunitamagnificat.org\/tr\/yayinlar\/","title":{"rendered":"Yay\u0131nlar"},"content":{"rendered":"\n<div class=\"wp-block-columns is-layout-flex wp-container-core-columns-is-layout-9d6595d7 wp-block-columns-is-layout-flex\">\n<div class=\"wp-block-column is-layout-flow wp-block-column-is-layout-flow\">\n<div style=\"height:30px\" aria-hidden=\"true\" class=\"wp-block-spacer\"><\/div>\n\n\n\n<div class=\"wp-block-columns is-layout-flex wp-container-core-columns-is-layout-9d6595d7 wp-block-columns-is-layout-flex\">\n<div class=\"wp-block-column is-layout-flow wp-block-column-is-layout-flow\">\n<p>Magnificat Toplulu\u011fu, tarihinin ilk y\u0131llar\u0131ndan itibaren, ruhani deneyimlerinden elde ettiklerini m\u00fcmk\u00fcn oldu\u011funca \u00e7ok insanla payla\u015fmak i\u00e7in g\u00fc\u00e7l\u00fc bir arzu duymu\u015ftur.<\/p>\n\n\n\n<div style=\"height:30px\" aria-hidden=\"true\" class=\"wp-block-spacer\"><\/div>\n\n\n\n<p>B\u00f6ylece 1982 y\u0131l\u0131nda tarihi derginin yay\u0131n\u0131 ba\u015flad\u0131 <em><strong><a href=\"https:\/\/comunitamagnificat.org\/tr\/yayinlar\/gel-ve-gor-arsivi\/\" target=\"_blank\" rel=\"noopener\" title=\"\">Gelin ve G\u00f6r\u00fcn<\/a><\/strong><\/em>Birka\u00e7 y\u0131l boyunca \u0130talya&#8217;daki Katolik Karizmatik Topluluklar i\u00e7in ger\u00e7ek bir referans noktas\u0131 olu\u015fturdu.<\/p>\n\n\n\n<div style=\"height:30px\" aria-hidden=\"true\" class=\"wp-block-spacer\"><\/div>\n\n\n\n<p>Daha yak\u0131n zamanda, k\u00fc\u00e7\u00fck bir <em><strong><a href=\"https:\/\/comunitamagnificat.org\/tr\/yayinlar\/bulten-arsivi\/\" target=\"_blank\" rel=\"noopener\" title=\"\">Bilgi B\u00fclteni<\/a><\/strong><\/em>Genel M\u00fcd\u00fcrler taraf\u0131ndan d\u00fczenlenen, \u0130talyanca ba\u015fl\u0131\u011f\u0131 ile be\u015f dilde yay\u0131nlanan <strong><em><a href=\"https:\/\/comunitamagnificat.org\/tr\/yayinlar\/bulten-arsivi\/\" target=\"_blank\" rel=\"noopener\" title=\"\">\u0130sa ile, \u0130sa hakk\u0131nda, in\u015fa et!<\/a><\/em><\/strong> elektronik formatta Toplulukta yayg\u0131n olarak da\u011f\u0131t\u0131lan bu kitap, \u00f6ncelikle Rab&#8217;den dua ile ald\u0131klar\u0131n\u0131 payla\u015fmak ve Topluluk ya\u015fam\u0131 hakk\u0131nda temel bilgiler vermek i\u00e7indir.<\/p>\n\n\n\n<div style=\"height:30px\" aria-hidden=\"true\" class=\"wp-block-spacer\"><\/div>\n\n\n\n<p>\u015eubat 2023&#8217;te limited \u015firket &#8220;<a href=\"https:\/\/edizioni.comunitamagnificat.org\/\" target=\"_blank\" rel=\"noopener\" title=\"\"><strong><em>Magnificat Editions<\/em><\/strong><\/a>&#8220;Cemaat, karizmatik ve genel olarak Katolik H\u0131ristiyan ruhanili\u011fi ile ilgili konularda k\u0131sa ve uzun metinler i\u00e7eren kitap ve defterleri hem bas\u0131l\u0131 hem de elektronik olarak yay\u0131nlamaktad\u0131r.  <\/p>\n\n\n\n<div style=\"height:30px\" aria-hidden=\"true\" class=\"wp-block-spacer\"><\/div>\n\n\n\n<p>Yaz\u0131l\u0131 \u00fcretimin yan\u0131 s\u0131ra, Topluluk daha sonra <strong><em><a href=\"https:\/\/comunitamagnificat.org\/tr\/yayinlar\/sarkilar\/\" target=\"_blank\" rel=\"noopener\" title=\"\">\u015eark\u0131lar<\/a> <\/em><\/strong>Rab&#8217;bin baz\u0131 karde\u015fler arac\u0131l\u0131\u011f\u0131yla dua ederek ortaya \u00e7\u0131kard\u0131\u011f\u0131 \u015fark\u0131lard\u0131r.\n\u00c7o\u011funlukla Kutsal Yaz\u0131lardan b\u00f6l\u00fcmlere dayanan bu \u015fark\u0131lar daha sonra daha geni\u015f \u00e7apta yay\u0131lmak \u00fczere bir dizi koleksiyon halinde yay\u0131nland\u0131. <\/p>\n<\/div>\n<\/div>\n\n\n\n<div style=\"height:30px\" aria-hidden=\"true\" class=\"wp-block-spacer\"><\/div>\n\n\n\n<div class=\"wp-block-columns is-layout-flex wp-container-core-columns-is-layout-9d6595d7 wp-block-columns-is-layout-flex\">\n<div class=\"wp-block-column is-layout-flow wp-block-column-is-layout-flow\">\n<section id=\"magnificat-link-multipli-pagina-block_609a998eff12b\" class=\"wp-block-magnificat-link-multipli-pagina \">\n\n            \n        <picture><source type='image\/jpeg' srcset='https:\/\/comunitamagnificat.org\/wp-content\/uploads\/2021\/05\/Sfondo-pubblicazioni.jpg 1920w, https:\/\/comunitamagnificat.org\/wp-content\/uploads\/2021\/05\/Sfondo-pubblicazioni-300x105.jpg 300w, https:\/\/comunitamagnificat.org\/wp-content\/uploads\/2021\/05\/Sfondo-pubblicazioni-1024x357.jpg 1024w, https:\/\/comunitamagnificat.org\/wp-content\/uploads\/2021\/05\/Sfondo-pubblicazioni-768x268.jpg 768w, https:\/\/comunitamagnificat.org\/wp-content\/uploads\/2021\/05\/Sfondo-pubblicazioni-1536x536.jpg 1536w' sizes='(max-width: 1920px) 100vw, 1920px' \/><img loading=\"lazy\" decoding=\"async\" width=\"1920\" height=\"670\" src=\"https:\/\/comunitamagnificat.org\/wp-content\/uploads\/2021\/05\/Sfondo-pubblicazioni.jpg\" class=\"attachment-cover-parallax-background size-cover-parallax-background\" alt=\"\" tcimage-skip=\"true\"  sizes=\"auto, (max-width: 1920px) 100vw, 1920px\" \/><\/picture>        \n        \n            <div class=\"accordion-link-page\">\n                        \n            <div class=\"tab\">\n\n                    <input type=\"radio\" id=\"chck-1\"   name=\"rd\">\n                    <label class=\"tab-label\" for=\"chck-1\">Yay\u0131nlar<\/label>\n\n                <div class=\"content\">\n                                            <a href=\"https:\/\/comunitamagnificat.org\/tr\/gelin-ve-gorun\/\">\n                            Gelin ve G\u00f6r\u00fcn                            <br \/>\n                            <span class=\"text\">sayfaya git<\/span>\n                        <\/a>\n                                            <a href=\"https:\/\/comunitamagnificat.org\/tr\/yayinlar\/bulten-arsivi\/\">\n                            B\u00fclten Ar\u015fivi                            <br \/>\n                            <span class=\"text\">sayfaya git<\/span>\n                        <\/a>\n                                            <a href=\"https:\/\/comunitamagnificat.org\/tr\/yayinlar\/sarkilar\/\">\n                            \u015eark\u0131lar                            <br \/>\n                            <span class=\"text\">sayfaya git<\/span>\n                        <\/a>\n                                    <\/div>\n\n            <\/div>\n\n                    <\/div>\n    \n<\/section><\/div>\n<\/div>\n\n\n\n<div style=\"height:50px\" aria-hidden=\"true\" class=\"wp-block-spacer\"><\/div>\n\n\n\n<div style=\"height:50px\" aria-hidden=\"true\" class=\"wp-block-spacer\"><\/div>\n\n\n\n<p><\/p>\n<\/div>\n<\/div>\n\n<p><\/p>\n","protected":false},"excerpt":{"rendered":"<p>Magnificat Toplulu\u011fu, tarihinin ilk y\u0131llar\u0131ndan itibaren, ruhani deneyimlerinden elde ettiklerini m\u00fcmk\u00fcn oldu\u011funca \u00e7ok insanla payla\u015fmak i\u00e7in g\u00fc\u00e7l\u00fc bir arzu duymu\u015ftur. B\u00f6ylece 1982 y\u0131l\u0131nda tarihi derginin yay\u0131n\u0131 ba\u015flad\u0131 Gelin ve G\u00f6r\u00fcnBirka\u00e7 y\u0131l boyunca \u0130talya&#8217;daki Katolik Karizmatik Topluluklar i\u00e7in ger\u00e7ek bir referans noktas\u0131 olu\u015fturdu. Daha yak\u0131n zamanda, k\u00fc\u00e7\u00fck bir Bilgi B\u00fclteniGenel M\u00fcd\u00fcrler taraf\u0131ndan d\u00fczenlenen, \u0130talyanca ba\u015fl\u0131\u011f\u0131 ile [&hellip;]<\/p>\n","protected":false},"author":3,"featured_media":15596,"parent":0,"menu_order":0,"comment_status":"closed","ping_status":"closed","template":"","meta":{"om_disable_all_campaigns":false,"_monsterinsights_skip_tracking":false,"_monsterinsights_sitenote_active":false,"_monsterinsights_sitenote_note":"","_monsterinsights_sitenote_category":0,"_uf_show_specific_survey":0,"_uf_disable_surveys":false,"footnotes":""},"class_list":["post-20586","page","type-page","status-publish","has-post-thumbnail","hentry"],"aioseo_notices":[],"_links":{"self":[{"href":"https:\/\/comunitamagnificat.org\/tr\/wp-json\/wp\/v2\/pages\/20586","targetHints":{"allow":["GET"]}}],"collection":[{"href":"https:\/\/comunitamagnificat.org\/tr\/wp-json\/wp\/v2\/pages"}],"about":[{"href":"https:\/\/comunitamagnificat.org\/tr\/wp-json\/wp\/v2\/types\/page"}],"author":[{"embeddable":true,"href":"https:\/\/comunitamagnificat.org\/tr\/wp-json\/wp\/v2\/users\/3"}],"replies":[{"embeddable":true,"href":"https:\/\/comunitamagnificat.org\/tr\/wp-json\/wp\/v2\/comments?post=20586"}],"version-history":[{"count":1,"href":"https:\/\/comunitamagnificat.org\/tr\/wp-json\/wp\/v2\/pages\/20586\/revisions"}],"predecessor-version":[{"id":20587,"href":"https:\/\/comunitamagnificat.org\/tr\/wp-json\/wp\/v2\/pages\/20586\/revisions\/20587"}],"wp:featuredmedia":[{"embeddable":true,"href":"https:\/\/comunitamagnificat.org\/tr\/wp-json\/wp\/v2\/media\/15596"}],"wp:attachment":[{"href":"https:\/\/comunitamagnificat.org\/tr\/wp-json\/wp\/v2\/media?parent=20586"}],"curies":[{"name":"wp","href":"https:\/\/api.w.org\/{rel}","templated":true}]}}