{"id":23797,"date":"2025-05-08T10:37:34","date_gmt":"2025-05-08T08:37:34","guid":{"rendered":"https:\/\/comunitamagnificat.org\/randevular-casa-tabor\/"},"modified":"2026-01-21T17:33:55","modified_gmt":"2026-01-21T16:33:55","slug":"randevular-casa-tabor","status":"publish","type":"page","link":"https:\/\/comunitamagnificat.org\/tr\/randevular-casa-tabor\/","title":{"rendered":"Tabor Dua Evi"},"content":{"rendered":"\n<section id=\"magnificat-wide-full-img-text-block_6067a4c199f77\" class=\"wp-block-magnificat-wide-full-img-text 1\">\n    <div class=\"img\">\n        <picture><source type='image\/jpeg' srcset='https:\/\/comunitamagnificat.org\/wp-content\/uploads\/2026\/01\/casa-tabor.jpg 1600w, https:\/\/comunitamagnificat.org\/wp-content\/uploads\/2026\/01\/casa-tabor-300x226.jpg 300w, https:\/\/comunitamagnificat.org\/wp-content\/uploads\/2026\/01\/casa-tabor-1024x771.jpg 1024w, https:\/\/comunitamagnificat.org\/wp-content\/uploads\/2026\/01\/casa-tabor-768x578.jpg 768w, https:\/\/comunitamagnificat.org\/wp-content\/uploads\/2026\/01\/casa-tabor-1536x1156.jpg 1536w' sizes='(max-width: 1600px) 100vw, 1600px' \/><img loading=\"lazy\" decoding=\"async\" width=\"1600\" height=\"1204\" src=\"https:\/\/comunitamagnificat.org\/wp-content\/uploads\/2026\/01\/casa-tabor.jpg\" class=\"attachment-full size-full\" alt=\"\" tcimage-skip=\"true\"  sizes=\"auto, (max-width: 1600px) 100vw, 1600px\" \/><\/picture>    <\/div>\n    <div class=\"text\">\n        <h2><\/h2>\n        <h1><\/h1>\n        <p class=\"focus\"><\/p>\n        <p><em>&#8220;Evimin ad\u0131 b\u00fct\u00fcn halklar i\u00e7in dua evi olacak<\/em>&#8221; (Y\u015fa.56:7).<\/p>\n<p data-path-to-node=\"1\"><b data-path-to-node=\"1\" data-index-in-node=\"0\">Casa Tabor<\/b>, Magnificat Cemaatinin \u00f6zel kullan\u0131m\u0131 i\u00e7in de\u011fil, <b data-path-to-node=\"1\" data-index-in-node=\"87\">herkese a\u00e7\u0131k<\/b> bir <b data-path-to-node=\"1\" data-index-in-node=\"17\">dua evidir<\/b>. <b data-path-to-node=\"1\" data-index-in-node=\"180\">Tanr\u0131 deneyimlerini<\/b> derinle\u015ftirmek isteyen herkes i\u00e7in bir f\u0131rsat olmas\u0131 ama\u00e7lanm\u0131\u015ft\u0131r.<\/p>\n<p data-path-to-node=\"2\">Bu d\u00fc\u015f\u00fcnceyle, Evin faaliyetlerinin b\u00fcy\u00fck bir k\u0131sm\u0131 <b data-path-to-node=\"2\" data-index-in-node=\"99\">Perugia p<\/b>iskoposlu\u011funun <b data-path-to-node=\"2\" data-index-in-node=\"99\">formasyon \u00f6nerisinin<\/b> bir par\u00e7as\u0131 haline geldi ve piskopos bir <b data-path-to-node=\"2\" data-index-in-node=\"172\">ruhani yard\u0131mc\u0131<\/b> atad\u0131, b\u00f6ylece tam \u00f6zerkli\u011fini korurken ayn\u0131 zamanda piskoposlu\u011fun hizmetinde olan bir <b data-path-to-node=\"2\" data-index-in-node=\"224\">formasyon yap\u0131s\u0131<\/b> olarak kabul edildi.<\/p>\n        <div class=\"wp-block-buttons\">\n                <\/div>\n    <\/div>\n<\/section>\n\n<p>Ev \u00e7e\u015fitli etkinlikler sunmaktad\u0131r:<\/p>\n\n<ul class=\"wp-block-list\">\n<li><strong>RUHSAL <\/strong> \u0130NZ\u0130VALAR<br\/>Normalde bir hafta sonu s\u00fcren inzivalar, karde\u015f\u00e7e bir atmosferde ve Rab&#8217;de dinlenmek ve onunla ve karde\u015flerle birlik i\u00e7inde b\u00fcy\u00fcmek i\u00e7in rahat zamanlarla ger\u00e7ekle\u015fir. Ayinsel dua anlar\u0131 (saatlerin ayini ve Efkaristiya kutlamas\u0131), tap\u0131nma anlar\u0131, ki\u015fisel dua i\u00e7in bolca sessizlik zaman\u0131, ilmihal, payla\u015f\u0131m ve keyifli anlar i\u00e7erirler. Yerle\u015fik olmasa bile kat\u0131l\u0131m i\u00e7in s\u00fcrekli devam gereklidir.    <\/li>\n\n\n\n<li><strong>EVL\u0130 VE ARKADA\u015e \u00c7\u0130FTLER \u0130\u00c7\u0130N<\/strong> TOPLANTILAR<br\/>Baz\u0131 toplant\u0131lar, evlilik g\u00f6revlerini tam anlam\u0131yla yerine getirmelerine yard\u0131mc\u0131 olmak i\u00e7in \u00f6zellikle \u00e7iftlere y\u00f6neliktir.  <\/li>\n\n\n\n<li><strong>\u015e\u0130FA<\/strong> TOPLANTILARI<br\/>Karizmatik Yenilenme ve Magnificat Toplulu\u011funun tipik ruhanili\u011fine g\u00f6re, Ev i\u00e7sel \u015fifa i\u00e7in toplant\u0131lar sunmaktad\u0131r.<\/li>\n\n\n\n<li>E\u011e\u0130T\u0130M <strong>KURSLARI<\/strong><br\/>The House, \u00e7e\u015fitli ruhani konularda bir veya birka\u00e7 g\u00fcnl\u00fck e\u011fitimler sunmaktad\u0131r.<\/li>\n\n\n\n<li>\u00c7ALI\u015eMA <strong>VE DUA G\u00dcNLER\u0130 <\/strong><br\/>Y\u0131l boyunca, zeytin hasad\u0131 veya Ev&#8217;in kendisi i\u00e7in \u00e7al\u0131\u015fma gibi \u00e7al\u0131\u015fma g\u00fcnleri \u00f6nerilmekte ve bu g\u00fcnler dua ritmiyle noktalanmaktad\u0131r.<\/li>\n\n\n\n<li><strong>KATE\u015e\u0130S<\/strong><br\/>Belirli durumlarda, \u00f6zellikle de g\u00fc\u00e7l\u00fc zamanlarda, Meclis tekli veya \u00e7oklu <strong>kate\u015fisler<\/strong> sunmaktad\u0131r.<\/li>\n\n\n\n<li>KARDE\u015eL\u0130K <strong>G\u00dcNLER\u0130<\/strong><br\/>Ev, \u00f6zel g\u00fcnlerde, Yeni Y\u0131l Arifesi ve Ev&#8217;in bayram\u0131 olan Ba\u015fkala\u015f\u0131m gibi kutlama ve karde\u015flik anlar\u0131 \u00f6nerir.<\/li>\n<\/ul>\n\n<div style=\"height:100px\" aria-hidden=\"true\" class=\"wp-block-spacer\"><\/div>\n\n<div class=\"wp-block-columns is-layout-flex wp-container-core-columns-is-layout-9d6595d7 wp-block-columns-is-layout-flex\">\n<div class=\"wp-block-column is-layout-flow wp-block-column-is-layout-flow\">\n<figure class=\"wp-block-image size-large\"><a href=\"https:\/\/comunitamagnificat.org\/wp-content\/uploads\/2026\/01\/WhatsApp-Image-2026-01-21-at-16.57.47-724x1024.jpeg\"><picture data-lightbox=\"https:\/\/comunitamagnificat.org\/wp-content\/uploads\/2026\/01\/WhatsApp-Image-2026-01-21-at-16.57.47.jpeg\"><source type='image\/jpeg' srcset='https:\/\/comunitamagnificat.org\/wp-content\/uploads\/2026\/01\/WhatsApp-Image-2026-01-21-at-16.57.47.jpeg 842w, https:\/\/comunitamagnificat.org\/wp-content\/uploads\/2026\/01\/WhatsApp-Image-2026-01-21-at-16.57.47-212x300.jpeg 212w, https:\/\/comunitamagnificat.org\/wp-content\/uploads\/2026\/01\/WhatsApp-Image-2026-01-21-at-16.57.47-724x1024.jpeg 724w, https:\/\/comunitamagnificat.org\/wp-content\/uploads\/2026\/01\/WhatsApp-Image-2026-01-21-at-16.57.47-768x1086.jpeg 768w' sizes='(max-width: 842px) 100vw, 842px' \/><img loading=\"lazy\" decoding=\"async\" width=\"724\" height=\"1024\" src=\"https:\/\/comunitamagnificat.org\/wp-content\/uploads\/2026\/01\/WhatsApp-Image-2026-01-21-at-16.57.47-724x1024.jpeg\" alt=\"\" class=\"wp-image-26729\"\/><\/picture><\/a><\/figure>\n<\/div>\n\n\n\n<div class=\"wp-block-column is-layout-flow wp-block-column-is-layout-flow\">\n<p>Sunulan \u00e7e\u015fitli toplant\u0131larda kat\u0131l\u0131mc\u0131lar, bir aile ortam\u0131nda sofra servisini payla\u015farak, yemekhaneyi ve bula\u015f\u0131klar\u0131 temizleyerek Ev&#8217;in \u00fcyeleri olarak ya\u015famaya davet edilmektedir.  <\/p>\n\n\n\n<p>Evde, \u00e7ift ki\u015filik odada kal\u0131p kalamayaca\u011f\u0131n\u0131za ba\u011fl\u0131 olarak on ila yirmi aras\u0131nda yatak mevcuttur.  <\/p>\n\n\n\n<p>T\u00fcm etkinlikler i\u00e7in kat\u0131l\u0131m \u00fccreti yoktur, ancak ev masraflar\u0131 i\u00e7in \u00fccretsiz bir teklif vard\u0131r.<\/p>\n\n\n\n<p>Yukar\u0131dakilere ek olarak, <strong>EV\u0130N KALICI OLARAK OTURULDU\u011eU D\u00d6NEMLERDE<\/strong>, herkese a\u00e7\u0131k ba\u015fka f\u0131rsatlar <strong>da<\/strong> sunulmaktad\u0131r:<\/p>\n\n\n\n<ul class=\"wp-block-list\">\n<li><strong>Lauds, Rosary ve Vespers<\/strong> &#8216;in (sonuncusu genellikle Ayine dahildir) belirli zamanlarda <strong>kutlanmas\u0131<\/strong>.<\/li>\n<\/ul>\n\n\n\n<ul class=\"wp-block-list\">\n<li>Ki\u015fisel dua i\u00e7in g\u00fcn\u00fcn herhangi bir saatinde <strong>evdeki \u015fapele eri\u015fim imkan\u0131.<\/strong> <\/li>\n<\/ul>\n\n\n\n<ul class=\"wp-block-list\">\n<li>Ev&#8217;de ikamet ederken birka\u00e7 g\u00fcnl\u00fc\u011f\u00fcne de olsa <strong>kendi ba\u015f\u0131na inzivaya \u00e7ekilme imkan\u0131.<\/strong><\/li>\n<\/ul>\n\n\n\n<ul class=\"wp-block-list\">\n<li>Konu\u015fmak ve dua etmek i\u00e7in <strong>birisinin haz\u0131r olmas\u0131 olas\u0131l\u0131\u011f\u0131<\/strong>.  <\/li>\n<\/ul>\n<\/div>\n<\/div>\n","protected":false},"excerpt":{"rendered":"<p>Ev \u00e7e\u015fitli etkinlikler sunmaktad\u0131r: Sunulan \u00e7e\u015fitli toplant\u0131larda kat\u0131l\u0131mc\u0131lar, bir aile ortam\u0131nda sofra servisini payla\u015farak, yemekhaneyi ve bula\u015f\u0131klar\u0131 temizleyerek Ev&#8217;in \u00fcyeleri olarak ya\u015famaya davet edilmektedir. Evde, \u00e7ift ki\u015filik odada kal\u0131p kalamayaca\u011f\u0131n\u0131za ba\u011fl\u0131 olarak on ila yirmi aras\u0131nda yatak mevcuttur. T\u00fcm etkinlikler i\u00e7in kat\u0131l\u0131m \u00fccreti yoktur, ancak ev masraflar\u0131 i\u00e7in \u00fccretsiz bir teklif vard\u0131r. Yukar\u0131dakilere ek olarak, [&hellip;]<\/p>\n","protected":false},"author":2,"featured_media":24742,"parent":0,"menu_order":0,"comment_status":"closed","ping_status":"closed","template":"templates\/casa-tabor.php","meta":{"om_disable_all_campaigns":false,"_monsterinsights_skip_tracking":false,"_monsterinsights_sitenote_active":false,"_monsterinsights_sitenote_note":"","_monsterinsights_sitenote_category":0,"_uf_show_specific_survey":0,"_uf_disable_surveys":false,"footnotes":""},"class_list":["post-23797","page","type-page","status-publish","has-post-thumbnail","hentry"],"aioseo_notices":[],"_links":{"self":[{"href":"https:\/\/comunitamagnificat.org\/tr\/wp-json\/wp\/v2\/pages\/23797","targetHints":{"allow":["GET"]}}],"collection":[{"href":"https:\/\/comunitamagnificat.org\/tr\/wp-json\/wp\/v2\/pages"}],"about":[{"href":"https:\/\/comunitamagnificat.org\/tr\/wp-json\/wp\/v2\/types\/page"}],"author":[{"embeddable":true,"href":"https:\/\/comunitamagnificat.org\/tr\/wp-json\/wp\/v2\/users\/2"}],"replies":[{"embeddable":true,"href":"https:\/\/comunitamagnificat.org\/tr\/wp-json\/wp\/v2\/comments?post=23797"}],"version-history":[{"count":18,"href":"https:\/\/comunitamagnificat.org\/tr\/wp-json\/wp\/v2\/pages\/23797\/revisions"}],"predecessor-version":[{"id":26740,"href":"https:\/\/comunitamagnificat.org\/tr\/wp-json\/wp\/v2\/pages\/23797\/revisions\/26740"}],"wp:featuredmedia":[{"embeddable":true,"href":"https:\/\/comunitamagnificat.org\/tr\/wp-json\/wp\/v2\/media\/24742"}],"wp:attachment":[{"href":"https:\/\/comunitamagnificat.org\/tr\/wp-json\/wp\/v2\/media?parent=23797"}],"curies":[{"name":"wp","href":"https:\/\/api.w.org\/{rel}","templated":true}]}}