{"id":25014,"date":"2025-09-23T23:45:42","date_gmt":"2025-09-23T21:45:42","guid":{"rendered":"https:\/\/comunitamagnificat.org\/eslik-edecek-egitim\/"},"modified":"2025-09-23T23:46:12","modified_gmt":"2025-09-23T21:46:12","slug":"eslik-edecek-egitim","status":"publish","type":"page","link":"https:\/\/comunitamagnificat.org\/tr\/eslik-edecek-egitim\/","title":{"rendered":"E\u015flik edecek e\u011fitim"},"content":{"rendered":"\n<div class=\"wp-block-columns is-layout-flex wp-container-core-columns-is-layout-9d6595d7 wp-block-columns-is-layout-flex\">\n<div class=\"wp-block-column is-layout-flow wp-block-column-is-layout-flow\" style=\"flex-basis:33.33%\">\n<div style=\"height:30px\" aria-hidden=\"true\" class=\"wp-block-spacer\"><\/div>\n\n\n\n<figure class=\"wp-block-image size-large\"><picture data-lightbox=\"https:\/\/comunitamagnificat.org\/wp-content\/uploads\/2025\/09\/Formazione-accompagnamento.jpg\"><source type='image\/jpeg' srcset='https:\/\/comunitamagnificat.org\/wp-content\/uploads\/2025\/09\/Formazione-accompagnamento.jpg 1131w, https:\/\/comunitamagnificat.org\/wp-content\/uploads\/2025\/09\/Formazione-accompagnamento-212x300.jpg 212w, https:\/\/comunitamagnificat.org\/wp-content\/uploads\/2025\/09\/Formazione-accompagnamento-724x1024.jpg 724w, https:\/\/comunitamagnificat.org\/wp-content\/uploads\/2025\/09\/Formazione-accompagnamento-768x1086.jpg 768w, https:\/\/comunitamagnificat.org\/wp-content\/uploads\/2025\/09\/Formazione-accompagnamento-1086x1536.jpg 1086w' sizes='(max-width: 1131px) 100vw, 1131px' \/><img loading=\"lazy\" decoding=\"async\" width=\"724\" height=\"1024\" src=\"https:\/\/comunitamagnificat.org\/wp-content\/uploads\/2025\/09\/Formazione-accompagnamento-724x1024.jpg\" alt=\"\" class=\"wp-image-24996\"\/><\/picture><\/figure>\n<\/div>\n\n\n\n<div class=\"wp-block-column is-layout-flow wp-block-column-is-layout-flow\" style=\"flex-basis:66.66%\">\n<div style=\"height:30px\" aria-hidden=\"true\" class=\"wp-block-spacer\"><\/div>\n\n\n\n<p>Magnificat Toplulu\u011fu 26-28 Eyl\u00fcl tarihleri aras\u0131nda Montesilvano&#8217;da (Pe) \u00f6nemli bir toplant\u0131ya daha ev sahipli\u011fi yapmaya haz\u0131rlan\u0131yor: <strong>e\u011fitim semineri<\/strong> <em><strong>Manevi E\u015flik<\/strong><\/em>. E\u015flik, Toplulu\u011fun ruhanili\u011finin \u00f6zelliklerinden biridir (daha fazla bilgi i\u00e7in <a href=\"https:\/\/comunitamagnificat.org\/tr\/manevi-eslik\/\" target=\"_blank\" rel=\"noopener\" title=\"\"><strong>https:\/\/comunitamagnificat.org\/accompagnamento-spirituale\/<\/strong><\/a>) <\/p>\n\n\n\n<div style=\"height:30px\" aria-hidden=\"true\" class=\"wp-block-spacer\"><\/div>\n\n\n\n<p>Konu\u015fmac\u0131, 2021&#8217;den bu yana Roma Piskoposlu\u011funun ke\u015fi\u015fi, 2021&#8217;den bu yana <strong> <em>Papal\u0131k<\/em><\/strong> Roma <strong> <em>B\u00fcy\u00fck<\/em> Ruhban Okulu&#8217;nun ruhani y\u00f6neticisi<\/strong> ve di\u011ferlerinin yan\u0131 s\u0131ra \u015fu kitab\u0131n yazar\u0131 olan <strong>Fr Giuseppe Forlai<\/strong> olacakt\u0131r  <em>Ruhun Yolda\u015fl\u0131\u011f\u0131. Ruhani rehberlik uygulamas\u0131na giri\u015f <\/em>Sao Paulo Editions, 2020.<\/p>\n\n\n\n<div style=\"height:30px\" aria-hidden=\"true\" class=\"wp-block-spacer\"><\/div>\n\n\n\n<p>Yakla\u015f\u0131k 150&#8217;si haz\u0131r bulunan ve bir o kadar\u0131 da kendi karde\u015fliklerinden <em>web<\/em> arac\u0131l\u0131\u011f\u0131yla ba\u011flanan yakla\u015f\u0131k <strong>300 kat\u0131l\u0131mc\u0131<\/strong> i\u00e7in \u00fc\u00e7 yo\u011fun g\u00fcn. E\u015flik eden ve e\u015flik edilen ki\u015filerin e\u015flik <strong>sanat\u0131nda<\/strong> geli\u015fmelerine yard\u0131mc\u0131 olacak dua, ilmihal ve payla\u015f\u0131m anlar\u0131n\u0131n d\u00f6n\u00fc\u015f\u00fcml\u00fc olarak ger\u00e7ekle\u015fece\u011fi bir <em>hafta sonu<\/em>. <\/p>\n\n\n\n<div style=\"height:30px\" aria-hidden=\"true\" class=\"wp-block-spacer\"><\/div>\n\n\n\n<p>\ud835\udddc\ud835\uddfb\ud835\ude03\ud835\uddfc\ud835\uddf0\ud835\uddf5\ud835\uddf6\ud835\uddee\ud835\uddfa\ud835\uddfc \ud835\uddf6\ud835\uddfb\ud835\ude00\ud835\uddf6\ud835\uddf2\ud835\uddfa\ud835\uddf2 \ud835\uddf9\ud835\uddfc \ud835\udde6\ud835\uddfd\ud835\uddf6\ud835\uddff\ud835\uddf6\ud835\ude01\ud835\uddfc \ud835\udde6\ud835\uddee\ud835\uddfb\ud835\ude01\ud835\uddfc, \u0131\u015f\u0131\u011f\u0131 t\u00fcm kat\u0131l\u0131mc\u0131lar\u0131 ayd\u0131nlats\u0131n!<\/p>\n<\/div>\n<\/div>\n\n<div style=\"height:50px\" aria-hidden=\"true\" class=\"wp-block-spacer\"><\/div>\n","protected":false},"excerpt":{"rendered":"<p>Magnificat Toplulu\u011fu 26-28 Eyl\u00fcl tarihleri aras\u0131nda Montesilvano&#8217;da (Pe) \u00f6nemli bir toplant\u0131ya daha ev sahipli\u011fi yapmaya haz\u0131rlan\u0131yor: e\u011fitim semineri Manevi E\u015flik. E\u015flik, Toplulu\u011fun ruhanili\u011finin \u00f6zelliklerinden biridir (daha fazla bilgi i\u00e7in https:\/\/comunitamagnificat.org\/accompagnamento-spirituale\/) Konu\u015fmac\u0131, 2021&#8217;den bu yana Roma Piskoposlu\u011funun ke\u015fi\u015fi, 2021&#8217;den bu yana Papal\u0131k Roma B\u00fcy\u00fck Ruhban Okulu&#8217;nun ruhani y\u00f6neticisi ve di\u011ferlerinin yan\u0131 s\u0131ra \u015fu kitab\u0131n yazar\u0131 olan [&hellip;]<\/p>\n","protected":false},"author":3,"featured_media":25005,"parent":0,"menu_order":0,"comment_status":"closed","ping_status":"closed","template":"","meta":{"om_disable_all_campaigns":false,"_monsterinsights_skip_tracking":false,"_monsterinsights_sitenote_active":false,"_monsterinsights_sitenote_note":"","_monsterinsights_sitenote_category":0,"_uf_show_specific_survey":0,"_uf_disable_surveys":false,"footnotes":""},"class_list":["post-25014","page","type-page","status-publish","has-post-thumbnail","hentry"],"aioseo_notices":[],"_links":{"self":[{"href":"https:\/\/comunitamagnificat.org\/tr\/wp-json\/wp\/v2\/pages\/25014","targetHints":{"allow":["GET"]}}],"collection":[{"href":"https:\/\/comunitamagnificat.org\/tr\/wp-json\/wp\/v2\/pages"}],"about":[{"href":"https:\/\/comunitamagnificat.org\/tr\/wp-json\/wp\/v2\/types\/page"}],"author":[{"embeddable":true,"href":"https:\/\/comunitamagnificat.org\/tr\/wp-json\/wp\/v2\/users\/3"}],"replies":[{"embeddable":true,"href":"https:\/\/comunitamagnificat.org\/tr\/wp-json\/wp\/v2\/comments?post=25014"}],"version-history":[{"count":2,"href":"https:\/\/comunitamagnificat.org\/tr\/wp-json\/wp\/v2\/pages\/25014\/revisions"}],"predecessor-version":[{"id":25021,"href":"https:\/\/comunitamagnificat.org\/tr\/wp-json\/wp\/v2\/pages\/25014\/revisions\/25021"}],"wp:featuredmedia":[{"embeddable":true,"href":"https:\/\/comunitamagnificat.org\/tr\/wp-json\/wp\/v2\/media\/25005"}],"wp:attachment":[{"href":"https:\/\/comunitamagnificat.org\/tr\/wp-json\/wp\/v2\/media?parent=25014"}],"curies":[{"name":"wp","href":"https:\/\/api.w.org\/{rel}","templated":true}]}}