{"id":27230,"date":"2026-02-21T18:32:30","date_gmt":"2026-02-21T17:32:30","guid":{"rendered":"https:\/\/comunitamagnificat.org\/yapi\/genel-mudurler\/"},"modified":"2026-02-21T22:48:12","modified_gmt":"2026-02-21T21:48:12","slug":"genel-mudurler","status":"publish","type":"page","link":"https:\/\/comunitamagnificat.org\/tr\/yapi\/genel-mudurler\/","title":{"rendered":"Genel M\u00fcd\u00fcrler"},"content":{"rendered":"\n<div class=\"wp-block-columns is-layout-flex wp-container-core-columns-is-layout-9d6595d7 wp-block-columns-is-layout-flex\">\n<div class=\"wp-block-column is-layout-flow wp-block-column-is-layout-flow\">\n<blockquote class=\"wp-block-quote is-layout-flow wp-block-quote-is-layout-flow\">\n<p><em><strong>Size kendi y\u00fcre\u011fimden \u00e7obanlar verece\u011fim,<\/strong><\/em><br\/><em><strong>size bilgi ve zeka ile rehberlik edecek<\/strong><\/em><\/p>\n<cite><em>Yeremya<\/em> 3, 15<\/cite><\/blockquote>\n\n\n\n<div style=\"height:30px\" aria-hidden=\"true\" class=\"wp-block-spacer\"><\/div>\n\n\n\n<p>Magnificat Toplulu\u011fu \u015fu ki\u015filer taraf\u0131ndan y\u00f6netilmektedir <strong><em>Genel M\u00fcd\u00fcrler<\/em><\/strong> T\u00fcm toplulu\u011fun meslekta\u015f y\u00f6netimini temsil eden se\u00e7ilmi\u015fler.<\/p>\n\n\n\n<div style=\"height:30px\" aria-hidden=\"true\" class=\"wp-block-spacer\"><\/div>\n\n\n\n<p>A\u015fa\u011f\u0131da, 1991 y\u0131l\u0131ndan bu yana bu s\u0131fatla g\u00f6rev yapan karde\u015flerimizin isimleri ve se\u00e7ildikleri tarihler yer almaktad\u0131r.<\/p>\n\n\n\n<div style=\"height:30px\" aria-hidden=\"true\" class=\"wp-block-spacer\"><\/div>\n\n\n\n<p><strong>13 Ekim 1991<\/strong><br\/>Antonio Vella, Oreste Pesare, Stefano Bagianti, Tarcisio Mezzetti (1931-2016)<\/p>\n\n\n\n<div style=\"height:30px\" aria-hidden=\"true\" class=\"wp-block-spacer\"><\/div>\n\n\n\n<p><br\/>1<strong>7 Aral\u0131k 1995<\/strong> Oreste Pesare (ba\u015fkan), Daniele Mezzetti, Giancarlo Giordano, Luigi Montesi, Simona Manzoni<\/p>\n\n\n\n<div style=\"height:30px\" aria-hidden=\"true\" class=\"wp-block-spacer\"><\/div>\n\n\n\n<p><br\/>1<strong>4 Aral\u0131k 1997<\/strong> Oreste Pesare (ba\u015fkan), Daniele Mezzetti, Luigi Montesi, Massimo Roscini, Stefano Ragnacci<\/p>\n\n\n\n<div style=\"height:30px\" aria-hidden=\"true\" class=\"wp-block-spacer\"><\/div>\n\n\n\n<p><br\/>1<strong>0 Eyl\u00fcl 2000<\/strong> Oreste Pesare (ba\u015fkan) Corrado Di Gennaro, Luigi Montesi, Massimo Roscini, Paolo Bartoccini<\/p>\n\n\n\n<div style=\"height:30px\" aria-hidden=\"true\" class=\"wp-block-spacer\"><\/div>\n\n\n\n<p><br\/>6 <strong>Mart 2004<\/strong> Stefano Ragnacci (moderat\u00f6r), Susanna Bettelli, Daniele Mezzetti<\/p>\n\n\n\n<div style=\"height:30px\" aria-hidden=\"true\" class=\"wp-block-spacer\"><\/div>\n\n\n\n<p><br\/>4 <strong>Mart 2007<\/strong> Stefano Ragnacci (moderat\u00f6r), Lorenza Alessandri, Massimo Roscini, Oreste Pesare, Susanna Bettelli<\/p>\n\n\n\n<div style=\"height:30px\" aria-hidden=\"true\" class=\"wp-block-spacer\"><\/div>\n\n\n\n<p><br\/>2<strong>1 Mart 2010<\/strong> Massimo Roscini (moderat\u00f6r), Anna Maria Alunni, Giuseppe Piegai, Oreste Pesare, Paolo Bartoccini<\/p>\n\n\n\n<div style=\"height:30px\" aria-hidden=\"true\" class=\"wp-block-spacer\"><\/div>\n\n\n\n<p><br\/>1<strong>0 Mart 2013<\/strong> Daniele Mezzetti (moderat\u00f6r), Andrea Orsini, Francesco Fressoia, Michele Rossetti, Paolo Bartoccini<\/p>\n\n\n\n<div style=\"height:30px\" aria-hidden=\"true\" class=\"wp-block-spacer\"><\/div>\n\n\n\n<p><br\/>2<strong>0 Mart 2016<\/strong> Daniele Mezzetti (moderat\u00f6r), Andrea Orsini, Giuseppe Piegai, Michele Rossetti, Teresa Ciociola<\/p>\n\n\n\n<div style=\"height:30px\" aria-hidden=\"true\" class=\"wp-block-spacer\"><\/div>\n\n\n\n<p><br\/>1<strong>0 \u015eubat 2019<\/strong> Stefano Ragnacci (moderat\u00f6r), Maria Rita Castellani, Giuseppe Piegai, Teresa Ciociola, Vincenzo Genovese<\/p>\n\n\n\n<div style=\"height:30px\" aria-hidden=\"true\" class=\"wp-block-spacer\"><\/div>\n\n\n\n<p><br\/>1<strong>3 \u015eubat 2022<\/strong> Maria Rita Castellani (moderat\u00f6r), Andrea Orsini, Alessandra Maria Pauluzzi, Michele Rossetti, Angelo Spicuglia<\/p>\n\n\n\n<div style=\"height:30px\" aria-hidden=\"true\" class=\"wp-block-spacer\"><\/div>\n\n\n\n<p><strong>4 Ocak 2025<\/strong><br\/>Alessandra Maria Pauluzzi (moderat\u00f6r), Agneza \u021a\u00eempu, Angelo Spicuglia, Federico Luisi, Giacomo Lancini<\/p>\n\n\n\n<div style=\"height:70px\" aria-hidden=\"true\" class=\"wp-block-spacer\"><\/div>\n\n\n\n<p>Genel M\u00fcd\u00fcrler \u00e7e\u015fitli rahipler taraf\u0131ndan \u015fu \u015fekilde desteklenmi\u015ftir <strong><em>Genel Ruhani Dan\u0131\u015fmanlar<\/em><\/strong> Zaman i\u00e7inde birbirlerinin yerine ge\u00e7en Topluluk \u00fcyeleri:<\/p>\n\n\n\n<div style=\"height:30px\" aria-hidden=\"true\" class=\"wp-block-spacer\"><\/div>\n\n\n\n<p><strong>1995-1997<\/strong>: Fr Gernaldo Conti (1942-2025)<\/p>\n\n\n\n<div style=\"height:30px\" aria-hidden=\"true\" class=\"wp-block-spacer\"><\/div>\n\n\n\n<p><strong>1997-2016<\/strong>: Don Luca Bartoccini<\/p>\n\n\n\n<div style=\"height:30px\" aria-hidden=\"true\" class=\"wp-block-spacer\"><\/div>\n\n\n\n<p><strong>2016-2025<\/strong>: Peder Victor-Emilian Dumitrescu<\/p>\n\n\n\n<div style=\"height:30px\" aria-hidden=\"true\" class=\"wp-block-spacer\"><\/div>\n\n\n\n<p><strong>2025-2028<\/strong>: Mconv&#8217;dan Peder Anton Bulai<\/p>\n\n\n\n<div style=\"height:50px\" aria-hidden=\"true\" class=\"wp-block-spacer\"><\/div>\n<\/div>\n<\/div>\n","protected":false},"excerpt":{"rendered":"<p>Size kendi y\u00fcre\u011fimden \u00e7obanlar verece\u011fim,size bilgi ve zeka ile rehberlik edecek Magnificat Toplulu\u011fu \u015fu ki\u015filer taraf\u0131ndan y\u00f6netilmektedir Genel M\u00fcd\u00fcrler T\u00fcm toplulu\u011fun meslekta\u015f y\u00f6netimini temsil eden se\u00e7ilmi\u015fler. A\u015fa\u011f\u0131da, 1991 y\u0131l\u0131ndan bu yana bu s\u0131fatla g\u00f6rev yapan karde\u015flerimizin isimleri ve se\u00e7ildikleri tarihler yer almaktad\u0131r. 13 Ekim 1991Antonio Vella, Oreste Pesare, Stefano Bagianti, Tarcisio Mezzetti (1931-2016) 17 Aral\u0131k [&hellip;]<\/p>\n","protected":false},"author":3,"featured_media":27222,"parent":19364,"menu_order":0,"comment_status":"closed","ping_status":"closed","template":"","meta":{"om_disable_all_campaigns":false,"_monsterinsights_skip_tracking":false,"_monsterinsights_sitenote_active":false,"_monsterinsights_sitenote_note":"","_monsterinsights_sitenote_category":0,"_uf_show_specific_survey":0,"_uf_disable_surveys":false,"footnotes":""},"class_list":["post-27230","page","type-page","status-publish","has-post-thumbnail","hentry"],"aioseo_notices":[],"_links":{"self":[{"href":"https:\/\/comunitamagnificat.org\/tr\/wp-json\/wp\/v2\/pages\/27230","targetHints":{"allow":["GET"]}}],"collection":[{"href":"https:\/\/comunitamagnificat.org\/tr\/wp-json\/wp\/v2\/pages"}],"about":[{"href":"https:\/\/comunitamagnificat.org\/tr\/wp-json\/wp\/v2\/types\/page"}],"author":[{"embeddable":true,"href":"https:\/\/comunitamagnificat.org\/tr\/wp-json\/wp\/v2\/users\/3"}],"replies":[{"embeddable":true,"href":"https:\/\/comunitamagnificat.org\/tr\/wp-json\/wp\/v2\/comments?post=27230"}],"version-history":[{"count":7,"href":"https:\/\/comunitamagnificat.org\/tr\/wp-json\/wp\/v2\/pages\/27230\/revisions"}],"predecessor-version":[{"id":27260,"href":"https:\/\/comunitamagnificat.org\/tr\/wp-json\/wp\/v2\/pages\/27230\/revisions\/27260"}],"up":[{"embeddable":true,"href":"https:\/\/comunitamagnificat.org\/tr\/wp-json\/wp\/v2\/pages\/19364"}],"wp:featuredmedia":[{"embeddable":true,"href":"https:\/\/comunitamagnificat.org\/tr\/wp-json\/wp\/v2\/media\/27222"}],"wp:attachment":[{"href":"https:\/\/comunitamagnificat.org\/tr\/wp-json\/wp\/v2\/media?parent=27230"}],"curies":[{"name":"wp","href":"https:\/\/api.w.org\/{rel}","templated":true}]}}